{"id":1325,"date":"2024-11-02T10:27:40","date_gmt":"2024-11-02T09:27:40","guid":{"rendered":"https:\/\/www.club-subaquatique-annecy.fr\/csa\/?page_id=1325"},"modified":"2024-12-14T15:42:04","modified_gmt":"2024-12-14T14:42:04","slug":"formations-csa","status":"publish","type":"page","link":"https:\/\/www.club-subaquatique-annecy.fr\/csa\/formations-csa","title":{"rendered":"Formations"},"content":{"rendered":"\t\t<div data-elementor-type=\"wp-page\" data-elementor-id=\"1325\" class=\"elementor elementor-1325\" data-elementor-post-type=\"page\">\n\t\t\t\t\t\t<section class=\"elementor-section elementor-top-section elementor-element elementor-element-7117412 elementor-section-boxed elementor-section-height-default elementor-section-height-default\" data-id=\"7117412\" data-element_type=\"section\" data-e-type=\"section\">\n\t\t\t\t\t\t<div class=\"elementor-container elementor-column-gap-default\">\n\t\t\t\t\t<div class=\"elementor-column elementor-col-100 elementor-top-column elementor-element elementor-element-12e58aa\" data-id=\"12e58aa\" data-element_type=\"column\" data-e-type=\"column\">\n\t\t\t<div class=\"elementor-widget-wrap elementor-element-populated\">\n\t\t\t\t\t\t<div class=\"elementor-element elementor-element-ed41c71 elementor-invisible elementor-widget elementor-widget-section-title\" data-id=\"ed41c71\" data-element_type=\"widget\" data-e-type=\"widget\" data-settings=\"{&quot;_animation&quot;:&quot;fadeInDown&quot;}\" data-widget_type=\"section-title.default\">\n\t\t\t\t<div class=\"elementor-widget-container\">\n\t\t\t\t\t\r\n\t\t\r\n\t\t\t<div class=\"section-title style1 center\">\r\n\t\t\t\t\t\t\t\t\r\n\t\t\t\t \r\n\t\t\t\t\t<h3 class=\"title\">Les Formations Plong\u00e9e au CSA<\/h3>\r\n\t\t\t\t\t\t\t\t\r\n\t\t\t\t \r\n\t\t\t\t\t<p class=\"description\">Le CSA est une structure de plong\u00e9e affili\u00e9e \u00e0 la F\u00e9d\u00e9ration Fran\u00e7aise d'\u00c9tudes et de Sports Sous-Marins (FFESSM).\nSes formateurs b\u00e9n\u00e9voles organisent des sessions de formation en groupe, selon un calendrier d\u00e9fini sur l\u2019ann\u00e9e.\nCes formations ont pour objectif de permettre aux plongeurs de d\u00e9velopper graduellement les aptitudes requises pour une plong\u00e9e plaisir tout en s\u00e9curit\u00e9, en se conformant aux normes de s\u00e9curit\u00e9 et aux r\u00e9glementations en vigueur. \nLes formations s\u2019accompagnent aussi de plong\u00e9es d\u2019exploration encadr\u00e9es, selon les Niveaux d\u2019aptitude atteints, ce qui permet \u00e0 chacun de continuer \u00e0 gagner en aisance, en r\u00e9flexes, pour toujours plus de plaisir sous l\u2019eau !\n\n<\/p>\r\n\t\t\t\t\t\t\t<\/div>\r\n\r\n\t\t\r\n\t\t\t\t\t\t<\/div>\n\t\t\t\t<\/div>\n\t\t\t\t\t<\/div>\n\t\t<\/div>\n\t\t\t\t\t<\/div>\n\t\t<\/section>\n\t\t\t\t<section class=\"elementor-section elementor-inner-section elementor-element elementor-element-04102e2 elementor-section-boxed elementor-section-height-default elementor-section-height-default\" data-id=\"04102e2\" data-element_type=\"section\" data-e-type=\"section\">\n\t\t\t\t\t\t<div class=\"elementor-container elementor-column-gap-default\">\n\t\t\t\t\t<div class=\"elementor-column elementor-col-50 elementor-inner-column elementor-element elementor-element-a09328a\" data-id=\"a09328a\" data-element_type=\"column\" data-e-type=\"column\">\n\t\t\t<div class=\"elementor-widget-wrap elementor-element-populated\">\n\t\t\t\t\t\t<div class=\"elementor-element elementor-element-4230f01 elementor-widget elementor-widget-section-title\" data-id=\"4230f01\" data-element_type=\"widget\" data-e-type=\"widget\" data-widget_type=\"section-title.default\">\n\t\t\t\t<div class=\"elementor-widget-container\">\n\t\t\t\t\t\r\n\t\t\r\n\t\t\t<div class=\"section-title style1 left\">\r\n\t\t\t\t\t\t\t\t\r\n\t\t\t\t \r\n\t\t\t\t\t<h3 class=\"title\">Conditions d'acc\u00e8s<\/h3>\r\n\t\t\t\t\t\t\t\t\r\n\t\t\t\t \r\n\t\t\t\t\t<p class=\"description\">Les formations du Club Subaquatique Annecy sont r\u00e9serv\u00e9es \u00e0 ses membres. Vous devez donc \u00eatre inscrit au CSA pour l'ann\u00e9e en cours et avoir un CACI \u00e0 jour jusqu'\u00e0 la fin de la formation souhait\u00e9e.<br>\nN'h\u00e9sitez pas \u00e0 nous contacter pour toute demande d'informations.<br>\nEn ce qui concerne les tarifs et r\u00e8glements ; vous trouvez tous les renseignements utiles sur notre page d\u00e9di\u00e9e HelloAsso<\/p>\r\n\t\t\t\t\t\t\t<\/div>\r\n\r\n\t\t\r\n\t\t\t\t\t\t<\/div>\n\t\t\t\t<\/div>\n\t\t\t\t<div class=\"elementor-element elementor-element-d5ca4cb elementor-widget elementor-widget-dit-button\" data-id=\"d5ca4cb\" data-element_type=\"widget\" data-e-type=\"widget\" data-widget_type=\"dit-button.default\">\n\t\t\t\t<div class=\"elementor-widget-container\">\n\t\t\t\t\t\r\n\t\t\r\n\t\t\t<div class=\"dreamit-button style1\">\r\n\t\t\t\t<a class=\"button\" href=\"https:\/\/www.helloasso.com\/associations\/club-subaquatique-annecy\/boutiques\/paiement-formations\">\r\n\t\t\t\t\tTarifs et paiements\t\t\t\t\t\t\t\t\t<\/a>\r\n\t\t\t<\/div>\r\n\r\n\t\t\r\n\t\t\t\t\t<\/div>\n\t\t\t\t<\/div>\n\t\t\t\t\t<\/div>\n\t\t<\/div>\n\t\t\t\t<div class=\"elementor-column elementor-col-50 elementor-inner-column elementor-element elementor-element-992e933\" data-id=\"992e933\" data-element_type=\"column\" data-e-type=\"column\">\n\t\t\t<div class=\"elementor-widget-wrap elementor-element-populated\">\n\t\t\t\t\t\t<div class=\"elementor-element elementor-element-1e60b1a elementor-widget elementor-widget-image\" data-id=\"1e60b1a\" data-element_type=\"widget\" data-e-type=\"widget\" data-widget_type=\"image.default\">\n\t\t\t\t<div class=\"elementor-widget-container\">\n\t\t\t\t\t\t\t\t\t\t\t\t\t\t\t<img fetchpriority=\"high\" decoding=\"async\" width=\"600\" height=\"451\" src=\"https:\/\/www.club-subaquatique-annecy.fr\/csa\/wp-content\/uploads\/2024\/11\/photos-form-hello.jpg\" class=\"attachment-large size-large wp-image-1349\" alt=\"\" srcset=\"https:\/\/www.club-subaquatique-annecy.fr\/csa\/wp-content\/uploads\/2024\/11\/photos-form-hello.jpg 600w, https:\/\/www.club-subaquatique-annecy.fr\/csa\/wp-content\/uploads\/2024\/11\/photos-form-hello-300x226.jpg 300w\" sizes=\"(max-width: 600px) 100vw, 600px\" \/>\t\t\t\t\t\t\t\t\t\t\t\t\t\t\t<\/div>\n\t\t\t\t<\/div>\n\t\t\t\t<div class=\"elementor-element elementor-element-2378102 elementor-widget__width-auto elementor-absolute elementor-hidden-mobile elementor-widget elementor-widget-dreamit-counter\" data-id=\"2378102\" data-element_type=\"widget\" data-e-type=\"widget\" data-settings=\"{&quot;_position&quot;:&quot;absolute&quot;}\" data-widget_type=\"dreamit-counter.default\">\n\t\t\t\t<div class=\"elementor-widget-container\">\n\t\t\t\t\t\t\t\t\t\t<div class=\"single-counter  style_three\">\r\n\t\t\t\t<div class=\"icon\">\t\t\t\r\n\t\t\t\t\t\t\t\t\t\t\t\t\t\t\t\t\t\t\t\t<\/div>\t\r\n\t\t\t\t<div class=\"counter-content counter\">\r\n\t\t\t\t\t<span class=\"count percent\" data-count=\"62\">0<\/span>\r\n\t\t\t\t\t<span class=\"suffix\">+<\/span>\r\n\t\t\t\t\t<h6>ans d'exp\u00e9rience<\/h6>\r\n\t\t\t\t<\/div>\r\n\t\t\t<\/div>\r\n\t\t\t<script>\r\n\r\n\t\t\t\tjQuery(document).ready(function($) {\r\n\t\t\t\t\t\"use strict\";\r\n\r\n\t\t\t\t\tvar counted = 0;\r\n\t\t\t\t\t$(window).scroll(function() {\r\n\r\n\t\t\t\t\t\tvar oTop = $('.counter').offset().top - window.innerHeight;\r\n\t\t\t\t\t\tif (counted == 0 && $(window).scrollTop() > oTop) {\r\n\t\t\t\t\t\t\t$('.count').each(function() {\r\n\t\t\t\t\t\t\t\tvar $this = $(this),\r\n\t\t\t\t\t\t\t\tcountTo = $this.attr('data-count');\r\n\t\t\t\t\t\t\t\t$({\r\n\t\t\t\t\t\t\t\t\tcountNum: $this.text()\r\n\t\t\t\t\t\t\t\t}).animate({\r\n\t\t\t\t\t\t\t\t\tcountNum: countTo\r\n\t\t\t\t\t\t\t\t},\r\n\r\n\t\t\t\t\t\t\t\t{\r\n\r\n\t\t\t\t\t\t\t\t\tduration: 2000,\r\n\t\t\t\t\t\t\t\t\teasing: 'swing',\r\n\t\t\t\t\t\t\t\t\tstep: function() {\r\n\t\t\t\t\t\t\t\t\t\t$this.text(Math.floor(this.countNum));\r\n\t\t\t\t\t\t\t\t\t},\r\n\t\t\t\t\t\t\t\t\tcomplete: function() {\r\n\t\t\t\t\t\t\t\t\t\t$this.text(this.countNum);\r\n\t\t\t\t\t\t\t\t\t}\r\n\r\n\t\t\t\t\t\t\t\t});\r\n\t\t\t\t\t\t\t});\r\n\t\t\t\t\t\t\tcounted = 1;\r\n\t\t\t\t\t\t}\r\n\r\n\t\t\t\t\t});\r\n\t\t\t\t});\r\n\r\n\t\t\t<\/script>\r\n\r\n\t\t\t\t\t\t\t\t\t<\/div>\n\t\t\t\t<\/div>\n\t\t\t\t\t<\/div>\n\t\t<\/div>\n\t\t\t\t\t<\/div>\n\t\t<\/section>\n\t\t\t\t<section class=\"elementor-section elementor-top-section elementor-element elementor-element-d728277 elementor-section-boxed elementor-section-height-default elementor-section-height-default\" data-id=\"d728277\" data-element_type=\"section\" data-e-type=\"section\">\n\t\t\t\t\t\t<div class=\"elementor-container elementor-column-gap-default\">\n\t\t\t\t\t<div class=\"elementor-column elementor-col-100 elementor-top-column elementor-element elementor-element-c3198a9\" data-id=\"c3198a9\" data-element_type=\"column\" data-e-type=\"column\">\n\t\t\t<div class=\"elementor-widget-wrap elementor-element-populated\">\n\t\t\t\t\t\t<section class=\"elementor-section elementor-inner-section elementor-element elementor-element-a17b60e elementor-section-boxed elementor-section-height-default elementor-section-height-default\" data-id=\"a17b60e\" data-element_type=\"section\" data-e-type=\"section\">\n\t\t\t\t\t\t<div class=\"elementor-container elementor-column-gap-default\">\n\t\t\t\t\t<div class=\"elementor-column elementor-col-50 elementor-inner-column elementor-element elementor-element-44abdea\" data-id=\"44abdea\" data-element_type=\"column\" data-e-type=\"column\">\n\t\t\t<div class=\"elementor-widget-wrap elementor-element-populated\">\n\t\t\t\t\t\t<div class=\"elementor-element elementor-element-a421dd9 elementor-widget elementor-widget-section-title\" data-id=\"a421dd9\" data-element_type=\"widget\" data-e-type=\"widget\" data-widget_type=\"section-title.default\">\n\t\t\t\t<div class=\"elementor-widget-container\">\n\t\t\t\t\t\r\n\t\t\r\n\t\t\t<div class=\"section-title style1 left\">\r\n\t\t\t\t\t\t\t\t\r\n\t\t\t\t \r\n\t\t\t\t\t<h3 class=\"title\">Nos Formations<\/h3>\r\n\t\t\t\t\t\t\t\t\r\n\t\t\t\t\t\t\t<\/div>\r\n\r\n\t\t\r\n\t\t\t\t\t\t<\/div>\n\t\t\t\t<\/div>\n\t\t\t\t<div class=\"elementor-element elementor-element-36f18f6 elementor-widget elementor-widget-image\" data-id=\"36f18f6\" data-element_type=\"widget\" data-e-type=\"widget\" data-widget_type=\"image.default\">\n\t\t\t\t<div class=\"elementor-widget-container\">\n\t\t\t\t\t\t\t\t\t\t\t\t\t\t\t<img decoding=\"async\" width=\"600\" height=\"534\" src=\"https:\/\/www.club-subaquatique-annecy.fr\/csa\/wp-content\/uploads\/2024\/11\/photo-form-acc.jpg\" class=\"attachment-large size-large wp-image-1288\" alt=\"\" srcset=\"https:\/\/www.club-subaquatique-annecy.fr\/csa\/wp-content\/uploads\/2024\/11\/photo-form-acc.jpg 600w, https:\/\/www.club-subaquatique-annecy.fr\/csa\/wp-content\/uploads\/2024\/11\/photo-form-acc-300x267.jpg 300w\" sizes=\"(max-width: 600px) 100vw, 600px\" \/>\t\t\t\t\t\t\t\t\t\t\t\t\t\t\t<\/div>\n\t\t\t\t<\/div>\n\t\t\t\t\t<\/div>\n\t\t<\/div>\n\t\t\t\t<div class=\"elementor-column elementor-col-50 elementor-inner-column elementor-element elementor-element-4585405\" data-id=\"4585405\" data-element_type=\"column\" data-e-type=\"column\">\n\t\t\t<div class=\"elementor-widget-wrap elementor-element-populated\">\n\t\t\t\t\t\t<div class=\"elementor-element elementor-element-e7a13a0 elementor-widget elementor-widget-ditaccordion\" data-id=\"e7a13a0\" data-element_type=\"widget\" data-e-type=\"widget\" data-widget_type=\"ditaccordion.default\">\n\t\t\t\t<div class=\"elementor-widget-container\">\n\t\t\t\t\t\r\n\t\t\r\n\t\t\t<ul class=\"my-accordion\">\r\n\t\t\t\t\t\t\t\t\t<li>\r\n\t\t\t\t\t\t<a>Des formations adapt\u00e9es<\/a>\r\n\t\t\t\t\t\t<p>Quel que soit votre niveau, nous vous accueillons dans une atmosph\u00e8re conviviale pour partager notre passion pour la plong\u00e9e... Venez d\u00e9couvrir notre club et ses formations !<\/p>\r\n\t\t\t\t\t<\/li>\r\n\t\t\t\t\t\t\t\t\t<li>\r\n\t\t\t\t\t\t<a>Formation Niveau 1<\/a>\r\n\t\t\t\t\t\t<p>N1 : Plongeur Encadr\u00e9 Jusqu\u2019\u00e0 20m \u2013 Certification internationale 1 \u00e9toile CMAS.<br>\nAtteste que le plongeur est capable de plonger encadr\u00e9 jusqu\u2019\u00e0 une profondeur de 20 m\u00e8tres\n<br><a href='https:\/\/www.club-subaquatique-annecy.fr\/csa\/formation-niveau-1'>\n<img src='https:\/\/www.club-subaquatique-annecy.fr\/csa\/wp-content\/uploads\/2024\/12\/esp-csa.png'><\/a><\/p>\r\n\t\t\t\t\t<\/li>\r\n\t\t\t\t\t\t\t\t\t<li>\r\n\t\t\t\t\t\t<a>Formation Niveau 2<\/a>\r\n\t\t\t\t\t\t<p>N2 : Plongeur Autonome \u2013 Certification internationale 2 \u00e9toiles CMAS\n<br>Certifie que le plongeur est apte \u00e0 plonger en autonomie jusqu\u2019\u00e0 20 m\u00e8tres et jusqu\u2019\u00e0 40 m\u00e8tres encadr\u00e9.\n\n<br><a href='https:\/\/www.club-subaquatique-annecy.fr\/csa\/formation-niveau-2'>\n<img src='https:\/\/www.club-subaquatique-annecy.fr\/csa\/wp-content\/uploads\/2024\/12\/esp-csa.png'><\/a><\/p>\r\n\t\t\t\t\t<\/li>\r\n\t\t\t\t\t\t\t\t\t<li>\r\n\t\t\t\t\t\t<a>Formation Niveau 3<\/a>\r\n\t\t\t\t\t\t<p>N3 : Plongeur Autonome Grande Profondeur \u2013 Certification internationale : 3 \u00e9toiles CMAS\n<br>Indique que le plongeur peut plonger de mani\u00e8re autonome jusqu\u2019\u00e0 60 m\u00e8tres.\n\n<br><a href='https:\/\/www.club-subaquatique-annecy.fr\/csa\/formation-niveau-3'>\n<img src='https:\/\/www.club-subaquatique-annecy.fr\/csa\/wp-content\/uploads\/2024\/12\/esp-csa.png'><\/a><\/p>\r\n\t\t\t\t\t<\/li>\r\n\t\t\t\t\t\t\t\t\t<li>\r\n\t\t\t\t\t\t<a>Formation Nitrox & Nitrox Confirm\u00e9<\/a>\r\n\t\t\t\t\t\t<p>Permet de savoir utiliser un m\u00e9lange all\u00e9g\u00e9 en azote dans le bloc. En effet, il vous apportera une meilleure d\u00e9saturation, vous permettra d'augmenter votre temps d'immersion sans paliers, d'\u00eatre moins fatigu\u00e9 apr\u00e8s vos plong\u00e9es.\n\n<br><a href='https:\/\/www.club-subaquatique-annecy.fr\/csa\/formations-nitrox'>\n<img src='https:\/\/www.club-subaquatique-annecy.fr\/csa\/wp-content\/uploads\/2024\/12\/esp-csa.png'><\/a><\/p>\r\n\t\t\t\t\t<\/li>\r\n\t\t\t\t\t\t\t\t\t<li>\r\n\t\t\t\t\t\t<a>Formation RIFAP<\/a>\r\n\t\t\t\t\t\t<p>R\u00e9actions et interventions face \u00e0 un accident de plong\u00e9e. La formation se fait en 2 temps : un temps th\u00e9orie secourisme et un temps pratique sp\u00e9cifique \u00e0 la plong\u00e9e.\n\n<br><a href=https:\/\/www.club-subaquatique-annecy.fr\/csa\/formation-rifap'>\n<img src='https:\/\/www.club-subaquatique-annecy.fr\/csa\/wp-content\/uploads\/2024\/12\/esp-csa.png'><\/a><\/p>\r\n\t\t\t\t\t<\/li>\r\n\t\t\t\t\t\t\t<\/ul>\r\n\r\n\t\t\t<script>\r\n\t\t\t\tjQuery(document).ready(function($) {\r\n\t\t\t\t\t\"use strict\";\r\n\r\n\t\t\t\t\t$('.my-accordion > li:eq(0) a').addClass('active').next().slideDown();\r\n\r\n\t\t\t\t\t$('.my-accordion a').click(function() {\r\n\t\t\t\t\t\tvar dropDown = $(this).closest('li').find('p');\r\n\r\n\t\t\t\t\t\t$(this).closest('.my-accordion').find('p').not(dropDown).slideUp();\r\n\r\n\t\t\t\t\t\tif ($(this).hasClass('active')) {\r\n\t\t\t\t\t\t\t$(this).removeClass('active');\r\n\t\t\t\t\t\t} else {\r\n\t\t\t\t\t\t\t$(this).closest('.my-accordion').find('a.active').removeClass('active');\r\n\t\t\t\t\t\t\t$(this).addClass('active');\r\n\t\t\t\t\t\t}\r\n\r\n\t\t\t\t\t\tdropDown.stop(false, true).slideToggle();\r\n\r\n\t\t\t\t\t\tj.preventDefault();\r\n\t\t\t\t\t});\r\n\r\n\r\n\t\t\t\t});\r\n\t\t\t<\/script>\t\r\n\r\n\r\n\r\n\t\t\t\t\t\t<\/div>\n\t\t\t\t<\/div>\n\t\t\t\t\t<\/div>\n\t\t<\/div>\n\t\t\t\t\t<\/div>\n\t\t<\/section>\n\t\t\t\t\t<\/div>\n\t\t<\/div>\n\t\t\t\t\t<\/div>\n\t\t<\/section>\n\t\t\t\t<\/div>\n\t\t","protected":false},"excerpt":{"rendered":"<p>Les Formations Plong\u00e9e au CSA Le CSA est une structure de plong\u00e9e affili\u00e9e \u00e0 la F\u00e9d\u00e9ration Fran\u00e7aise d&#8217;\u00c9tudes et de Sports Sous-Marins (FFESSM). Ses formateurs b\u00e9n\u00e9voles organisent des sessions de formation en groupe, selon un calendrier d\u00e9fini sur l\u2019ann\u00e9e. Ces formations ont pour objectif de permettre aux plongeurs de d\u00e9velopper graduellement les aptitudes requises pour [&hellip;]<\/p>\n","protected":false},"author":2,"featured_media":0,"parent":0,"menu_order":0,"comment_status":"closed","ping_status":"closed","template":"page-templates\/template-default.php","meta":{"footnotes":""},"class_list":["post-1325","page","type-page","status-publish","hentry"],"_links":{"self":[{"href":"https:\/\/www.club-subaquatique-annecy.fr\/csa\/wp-json\/wp\/v2\/pages\/1325","targetHints":{"allow":["GET"]}}],"collection":[{"href":"https:\/\/www.club-subaquatique-annecy.fr\/csa\/wp-json\/wp\/v2\/pages"}],"about":[{"href":"https:\/\/www.club-subaquatique-annecy.fr\/csa\/wp-json\/wp\/v2\/types\/page"}],"author":[{"embeddable":true,"href":"https:\/\/www.club-subaquatique-annecy.fr\/csa\/wp-json\/wp\/v2\/users\/2"}],"replies":[{"embeddable":true,"href":"https:\/\/www.club-subaquatique-annecy.fr\/csa\/wp-json\/wp\/v2\/comments?post=1325"}],"version-history":[{"count":77,"href":"https:\/\/www.club-subaquatique-annecy.fr\/csa\/wp-json\/wp\/v2\/pages\/1325\/revisions"}],"predecessor-version":[{"id":2860,"href":"https:\/\/www.club-subaquatique-annecy.fr\/csa\/wp-json\/wp\/v2\/pages\/1325\/revisions\/2860"}],"wp:attachment":[{"href":"https:\/\/www.club-subaquatique-annecy.fr\/csa\/wp-json\/wp\/v2\/media?parent=1325"}],"curies":[{"name":"wp","href":"https:\/\/api.w.org\/{rel}","templated":true}]}}