{"id":1381,"date":"2024-11-03T20:27:49","date_gmt":"2024-11-03T19:27:49","guid":{"rendered":"https:\/\/www.club-subaquatique-annecy.fr\/csa\/?page_id=1381"},"modified":"2025-10-15T10:54:45","modified_gmt":"2025-10-15T08:54:45","slug":"inscriptions-au-csa","status":"publish","type":"page","link":"https:\/\/www.club-subaquatique-annecy.fr\/csa\/inscriptions-au-csa","title":{"rendered":"Inscriptions"},"content":{"rendered":"\t\t<div data-elementor-type=\"wp-page\" data-elementor-id=\"1381\" class=\"elementor elementor-1381\" data-elementor-post-type=\"page\">\n\t\t\t\t\t\t<section class=\"elementor-section elementor-top-section elementor-element elementor-element-209a1c2 elementor-section-boxed elementor-section-height-default elementor-section-height-default\" data-id=\"209a1c2\" data-element_type=\"section\" data-e-type=\"section\">\n\t\t\t\t\t\t<div class=\"elementor-container elementor-column-gap-default\">\n\t\t\t\t\t<div class=\"elementor-column elementor-col-100 elementor-top-column elementor-element elementor-element-bcdccb0\" data-id=\"bcdccb0\" data-element_type=\"column\" data-e-type=\"column\">\n\t\t\t<div class=\"elementor-widget-wrap elementor-element-populated\">\n\t\t\t\t\t\t<div class=\"elementor-element elementor-element-2ca9472 animated-slow elementor-invisible elementor-widget elementor-widget-section-title\" data-id=\"2ca9472\" data-element_type=\"widget\" data-e-type=\"widget\" data-settings=\"{&quot;_animation&quot;:&quot;fadeInRight&quot;}\" data-widget_type=\"section-title.default\">\n\t\t\t\t<div class=\"elementor-widget-container\">\n\t\t\t\t\t\r\n\t\t\r\n\t\t\t<div class=\"section-title style1 center\">\r\n\t\t\t\t\t\t\t\t\r\n\t\t\t\t \r\n\t\t\t\t\t<h3 class=\"title\">Inscriptions au CSA<\/h3>\r\n\t\t\t\t\t\t\t\t\r\n\t\t\t\t \r\n\t\t\t\t\t<p class=\"description\">Les licences sont disponibles \u00e0 partir du 1er septembre jusqu\u2019au 31 d\u00e9cembre de l\u2019ann\u00e9e suivante<\/p>\r\n\t\t\t\t\t\t\t<\/div>\r\n\r\n\t\t\r\n\t\t\t\t\t\t<\/div>\n\t\t\t\t<\/div>\n\t\t\t\t<div class=\"elementor-element elementor-element-2a44c23 elementor-widget elementor-widget-text-editor\" data-id=\"2a44c23\" data-element_type=\"widget\" data-e-type=\"widget\" data-widget_type=\"text-editor.default\">\n\t\t\t\t<div class=\"elementor-widget-container\">\n\t\t\t\t\t\t\t\t\t<h4><span style=\"color: #1962a1;\">T\u00e9l\u00e9chargez la demande d\u2019adh\u00e9sion ou venez la retirer au club :<\/span><\/h4><ul><li><strong><span style=\"color: #000080;\"><em><span style=\"color: #1962a1;\"><a href=\"https:\/\/www.club-subaquatique-annecy.fr\/csa\/wp-content\/uploads\/2025\/09\/dossierCSA-2025_2026.pdf\" target=\"_blank\" rel=\"noopener\"><span style=\"color: #000080;\">Dossier inscriptions 2025\/2026<\/span><\/a> <\/span><\/em><\/span><span style=\"color: #ff0000;\"><span style=\"color: #000000;\">valable \u00e0 partir du 1er septembre 2025.<\/span><\/span><\/strong><\/li><li><strong>Les <span style=\"color: #ff0000;\"><a style=\"color: #ff0000;\" href=\"https:\/\/www.helloasso.com\/associations\/club-subaquatique-annecy\/adhesions\/adhesion-au-club-subaquatique-annecy-saison-2026\" target=\"_blank\" rel=\"noopener\"><span style=\"color: #000080;\"><span style=\"color: #1962a1;\">inscriptions en ligne<\/span><\/span><\/a><\/span> sont possibles \u00e0 partir de notre page HelloAsso (attention d\u2019avoir tous vos documents scann\u00e9s au pr\u00e9alable : CACI, permis bateau, autorisation parentale). Les tarifs des activit\u00e9s et des formations sont indiqu\u00e9s dans ce dossier.<\/strong><\/li><\/ul><h4><strong><br \/><\/strong><span style=\"color: #1962a1;\">Pour l\u2019inscription vous devez :<\/span><\/h4><ul><li><strong>Avoir lu la <a href=\"https:\/\/www.club-subaquatique-annecy.fr\/csa\/wp-content\/uploads\/2024\/11\/CIALPESA.pdf\" target=\"_blank\" rel=\"noopener\"><span style=\"color: #000080;\"><span style=\"color: #1962a1;\">liste des contre-indications \u00e0 la plong\u00e9e en scaphandre autonome.<\/span><\/span><\/a><\/strong><\/li><li><strong><span style=\"font-size: 1rem;\">Fournir un <a href=\"https:\/\/www.club-subaquatique-annecy.fr\/csa\/wp-content\/uploads\/2024\/11\/CACI.pdf\" target=\"_blank\" rel=\"noopener\"><span style=\"color: #000080;\"><span style=\"color: #1962a1;\">Certificat m\u00e9dical d\u2019Absence de Contre-Indication (CACI)<\/span><\/span><\/a> de moins d\u2019un an, et de pr\u00e9f\u00e9rence sous le format f\u00e9d\u00e9ral <\/span><span style=\"color: #1962a1;\"><span style=\"font-size: 1rem;\"><a style=\"color: #1962a1;\" href=\"https:\/\/www.club-subaquatique-annecy.fr\/csa\/wp-content\/uploads\/2024\/11\/CACI_FFESSM-2024-2025.pdf\" target=\"_blank\" rel=\"noopener\">(pr\u00e9conisation f\u00e9d\u00e9rale)<\/a><\/span><span style=\"font-size: 1rem;\">.<\/span><\/span><\/strong><\/li><li><strong>Avoir pris connaissance des <span style=\"color: #000080;\"><a style=\"color: #000080;\" href=\"https:\/\/www.club-subaquatique-annecy.fr\/csa\/wp-content\/uploads\/2025\/10\/Fiche-Lafont-Assurances-2025-2026.pdf\" target=\"_blank\" rel=\"noopener\"><span style=\"color: #1962a1;\">assurances individuelles compl\u00e9mentaires<\/span><\/a><\/span><\/strong><\/li><li><strong>Rendre le dossier d\u2019inscription et le paiement en ch\u00e8que ou esp\u00e8ces correspondant aux options choisies.<\/strong><\/li><\/ul><h4><span style=\"color: #1962a1;\"><strong>Pour les mineurs :<\/strong><\/span><\/h4><ul><li><strong>Pour les moins de 14 ans, le CACI est obligatoirement \u00e9tabli sur le <a href=\"https:\/\/www.club-subaquatique-annecy.fr\/csa\/wp-content\/uploads\/2024\/11\/CACI.pdf\" target=\"_blank\" rel=\"noopener\"><span style=\"color: #000080;\"><span style=\"color: #1962a1;\">mod\u00e8le f\u00e9d\u00e9ral<\/span><\/span><\/a><\/strong><\/li><li><strong>Vous devez avoir pris connaissance du <span style=\"color: #1962a1;\"><a style=\"color: #1962a1;\" href=\"https:\/\/www.club-subaquatique-annecy.fr\/csa\/wp-content\/uploads\/2024\/11\/FFESSM-Recommandation-comission-medicale-plongee-jeunes.pdf\" target=\"_blank\" rel=\"noopener\">document de recommandations FFESSM<\/a><\/span> en mati\u00e8re de plong\u00e9e pour les jeunes de la Commission M\u00e9dicale et de Pr\u00e9vention Nationale (CMPN).<\/strong><\/li><li><strong>Vous devez faire signer l&#8217;<a href=\"https:\/\/www.club-subaquatique-annecy.fr\/csa\/wp-content\/uploads\/2024\/11\/Autorisation-parentale.pdf\" target=\"_blank\" rel=\"noopener\"><span style=\"color: #000080;\"><span style=\"color: #1962a1;\">\u00a0autorisation parentale du CSA<\/span><\/span><\/a><\/strong><\/li><li><strong>Il est \u00e0 noter que les niveaux enfants (bronze, argent et or) sont accessibles \u00e0 partir de 8 ans au travers de la Section Jeunes, uniquement si au moins l\u2019un des parents est plongeur au CSA.<\/strong><\/li><\/ul><p><strong>En cas de doute sur votre sant\u00e9, nous vous conseillons de consulter un m\u00e9decin f\u00e9d\u00e9ral. <span style=\"color: #1962a1;\"><a style=\"color: #1962a1;\" href=\"https:\/\/www.club-subaquatique-annecy.fr\/csa\/wp-content\/uploads\/2024\/11\/FFESSM-Liste-medecins-federaux-MAJjuillet2023.pdf\" target=\"_blank\" rel=\"noopener\">La liste des m\u00e9decins Auvergne-Rh\u00f4ne-Alpes est disponible ici<\/a>.<\/span><\/strong><\/p><p><strong><span style=\"color: #1962a1;\">Pour toute question, vous pouvez joindre notre secr\u00e9taire \u00e0 : <span style=\"color: #f02d37;\"><a style=\"color: #f02d37; text-decoration: underline;\" href=\"mailto:secretaire@club-subaquatique-annecy.fr\">secretaire@club-subaquatique-annecy.fr<\/a><\/span><\/span><\/strong><\/p><h4><span style=\"color: #1962a1;\">ATTENTION :<\/span><\/h4><p><span style=\"color: #1962a1;\"><strong>Toute demande incompl\u00e8te ne sera pas valid\u00e9e.<\/strong><\/span><br \/><span style=\"font-weight: 500; font-style: normal; font-variant-ligatures: normal; font-variant-caps: normal; font-size: 16px; font-family: Poppins, sans-serif; color: #1962a1;\">Toute demande d\u2019inscription est \u00e0 envoyer ou d\u00e9poser en main propre au CSA.<\/span><\/p><p><span style=\"color: #1962a1;\"><strong>Celle-ci sera alors enregistr\u00e9e et valid\u00e9e aupr\u00e8s de la FFESSM, ce qui vous permettra de\u00a0<\/strong><\/span><strong style=\"color: #1962a1;\">venir plonger avec nous !<\/strong><\/p>\t\t\t\t\t\t\t\t<\/div>\n\t\t\t\t<\/div>\n\t\t\t\t\t<\/div>\n\t\t<\/div>\n\t\t\t\t\t<\/div>\n\t\t<\/section>\n\t\t\t\t<\/div>\n\t\t","protected":false},"excerpt":{"rendered":"<p>Inscriptions au CSA Les licences sont disponibles \u00e0 partir du 1er septembre jusqu\u2019au 31 d\u00e9cembre de l\u2019ann\u00e9e suivante T\u00e9l\u00e9chargez la demande d\u2019adh\u00e9sion ou venez la retirer au club : Dossier inscriptions 2025\/2026 valable \u00e0 partir du 1er septembre 2025. Les inscriptions en ligne sont possibles \u00e0 partir de notre page HelloAsso (attention d\u2019avoir tous vos [&hellip;]<\/p>\n","protected":false},"author":2,"featured_media":0,"parent":0,"menu_order":0,"comment_status":"closed","ping_status":"closed","template":"page-templates\/template-default.php","meta":{"footnotes":""},"class_list":["post-1381","page","type-page","status-publish","hentry"],"_links":{"self":[{"href":"https:\/\/www.club-subaquatique-annecy.fr\/csa\/wp-json\/wp\/v2\/pages\/1381","targetHints":{"allow":["GET"]}}],"collection":[{"href":"https:\/\/www.club-subaquatique-annecy.fr\/csa\/wp-json\/wp\/v2\/pages"}],"about":[{"href":"https:\/\/www.club-subaquatique-annecy.fr\/csa\/wp-json\/wp\/v2\/types\/page"}],"author":[{"embeddable":true,"href":"https:\/\/www.club-subaquatique-annecy.fr\/csa\/wp-json\/wp\/v2\/users\/2"}],"replies":[{"embeddable":true,"href":"https:\/\/www.club-subaquatique-annecy.fr\/csa\/wp-json\/wp\/v2\/comments?post=1381"}],"version-history":[{"count":53,"href":"https:\/\/www.club-subaquatique-annecy.fr\/csa\/wp-json\/wp\/v2\/pages\/1381\/revisions"}],"predecessor-version":[{"id":4166,"href":"https:\/\/www.club-subaquatique-annecy.fr\/csa\/wp-json\/wp\/v2\/pages\/1381\/revisions\/4166"}],"wp:attachment":[{"href":"https:\/\/www.club-subaquatique-annecy.fr\/csa\/wp-json\/wp\/v2\/media?parent=1381"}],"curies":[{"name":"wp","href":"https:\/\/api.w.org\/{rel}","templated":true}]}}