{"id":1433,"date":"2024-11-09T21:15:40","date_gmt":"2024-11-09T20:15:40","guid":{"rendered":"https:\/\/www.club-subaquatique-annecy.fr\/csa\/?page_id=1433"},"modified":"2025-11-25T16:03:10","modified_gmt":"2025-11-25T15:03:10","slug":"plongeurs-exterieurs","status":"publish","type":"page","link":"https:\/\/www.club-subaquatique-annecy.fr\/csa\/plongeurs-exterieurs","title":{"rendered":"Plongeurs Ext\u00e9rieurs"},"content":{"rendered":"\t\t<div data-elementor-type=\"wp-page\" data-elementor-id=\"1433\" class=\"elementor elementor-1433\" data-elementor-post-type=\"page\">\n\t\t\t\t\t\t<section class=\"elementor-section elementor-top-section elementor-element elementor-element-2213bb0 elementor-section-boxed elementor-section-height-default elementor-section-height-default\" data-id=\"2213bb0\" data-element_type=\"section\" data-e-type=\"section\">\n\t\t\t\t\t\t<div class=\"elementor-container elementor-column-gap-default\">\n\t\t\t\t\t<div class=\"elementor-column elementor-col-100 elementor-top-column elementor-element elementor-element-f94e9f4\" data-id=\"f94e9f4\" data-element_type=\"column\" data-e-type=\"column\">\n\t\t\t<div class=\"elementor-widget-wrap elementor-element-populated\">\n\t\t\t\t\t\t<div class=\"elementor-element elementor-element-e9645e6 animated-slow elementor-invisible elementor-widget elementor-widget-section-title\" data-id=\"e9645e6\" data-element_type=\"widget\" data-e-type=\"widget\" data-settings=\"{&quot;_animation&quot;:&quot;fadeInRight&quot;}\" data-widget_type=\"section-title.default\">\n\t\t\t\t<div class=\"elementor-widget-container\">\n\t\t\t\t\t\r\n\t\t\r\n\t\t\t<div class=\"section-title style1 center\">\r\n\t\t\t\t\t\t\t\t\r\n\t\t\t\t \r\n\t\t\t\t\t<h3 class=\"title\">Plongeurs Ext\u00e9rieurs<\/h3>\r\n\t\t\t\t\t\t\t\t\r\n\t\t\t\t \r\n\t\t\t\t\t<p class=\"description\">Le Club Subaquatique d\u2019Annecy accueille les plongeurs ext\u00e9rieurs durant ses horaires d\u2019ouverture. Les plong\u00e9es incluent un gonflage air ou Nitrox 32%, et le pr\u00eat d\u2019un bloc 12 ou 15 litres au besoin. <br>\nLe club pr\u00eate du mat\u00e9riel uniquement \u00e0 ses membres et aux personnes effectuant un bapt\u00eame, nous ne louons pas de mat\u00e9riel.\n<br><br>\nMerci de prendre connaissance des informations ci-dessous et d'\u00e9tablir votre demande au travers de <span style=\"text-decoration: underline; color: #f02d37;\"><a style=\"color: #f02d37; text-decoration: underline;\" href=\"https:\/\/forms.office.com\/e\/S7RRXdvFJg\">notre formulaire<\/a><\/span><\/p>\r\n\t\t\t\t\t\t\t<\/div>\r\n\r\n\t\t\r\n\t\t\t\t\t\t<\/div>\n\t\t\t\t<\/div>\n\t\t\t\t\t<\/div>\n\t\t<\/div>\n\t\t\t\t\t<\/div>\n\t\t<\/section>\n\t\t<div class=\"elementor-element elementor-element-d549caf e-flex e-con-boxed e-con e-parent\" data-id=\"d549caf\" data-element_type=\"container\" data-e-type=\"container\">\n\t\t\t\t\t<div class=\"e-con-inner\">\n\t\t\t\t<div class=\"elementor-element elementor-element-a67e359 elementor-widget elementor-widget-text-editor\" data-id=\"a67e359\" data-element_type=\"widget\" data-e-type=\"widget\" data-widget_type=\"text-editor.default\">\n\t\t\t\t<div class=\"elementor-widget-container\">\n\t\t\t\t\t\t\t\t\t<h1 style=\"text-align: center;\"><span style=\"color: #1962a1;\">Toutes les informations sont \u00e0 votre disposition<\/span><\/h1><p>Je souhaite :<\/p><p><strong>&#8211; Faire un bapt\u00eame<\/strong> (adulte), retouvez les informations avec\u00a0<span style=\"text-decoration: underline; color: #1962a1;\"><a style=\"color: #1962a1; text-decoration: underline;\" href=\"https:\/\/www.club-subaquatique-annecy.fr\/csa\/wp-content\/uploads\/2025\/09\/Fiche-bapteme-Adulte.pdf\">fiche bapte\u0302me<\/a><\/span><\/p><p><strong>&#8211; Faire faire un bapt\u00eame \u00e0 mon enfant<\/strong> (&lt;18 ans), retouvez les informations sur la <span style=\"text-decoration: underline; color: #1962a1;\"><a style=\"color: #1962a1; text-decoration: underline;\" href=\"https:\/\/www.club-subaquatique-annecy.fr\/csa\/wp-content\/uploads\/2025\/09\/Fiche-bapteme-Enfant.pdf\">fiche bapte\u0302me enfant<\/a><\/span><\/p><p><strong>&#8211; Venir plonger seul ou avec des amis<\/strong>, lisez la <span style=\"text-decoration: underline; color: #1962a1;\"><a style=\"color: #1962a1; text-decoration: underline;\" href=\"https:\/\/www.club-subaquatique-annecy.fr\/csa\/wp-content\/uploads\/2025\/09\/Fiche-accueil-plongeur-externe.pdf\">fiche d&#8217;accueil plongeur externe<\/a><br \/><br \/><\/span><strong>&#8211; Organiser une plong\u00e9e pour un groupe auto-encadr\u00e9<\/strong> retrouvez la <span style=\"text-decoration: underline; color: #1962a1;\"><a style=\"color: #1962a1; text-decoration: underline;\" href=\"https:\/\/www.club-subaquatique-annecy.fr\/csa\/wp-content\/uploads\/2025\/09\/Convention-daccueil-de-groupe-de-plongeurs-auto-encadres.pdf\">convention d\u2019accueil de groupe de plongeurs auto-encadre\u0301s<\/a> <\/span>et lisez\u00a0la <span style=\"text-decoration: underline; color: #1962a1;\"><a style=\"color: #1962a1; text-decoration: underline;\" href=\"https:\/\/www.club-subaquatique-annecy.fr\/csa\/wp-content\/uploads\/2025\/09\/Fiche-accueil-plongeur-externe.pdf\">fiche d&#8217;accueil plongeur externe<\/a><\/span><\/p><p><span style=\"color: #f02d37;\"><strong>Dans tous les cas vous pouvez faire votre demande en ligne<\/strong><\/span> au travers de <span style=\"text-decoration: underline; color: #f02d37;\"><a style=\"color: #f02d37; text-decoration: underline;\" href=\"https:\/\/forms.office.com\/e\/S7RRXdvFJg\">notre formulaire<\/a><\/span>, nos encadrants vous recontacteront.<\/p><p>Pour plus d&#8217;informations, vous pouvez nous contacter \u00e0 l\u2019adresse suivante :<br \/><span style=\"text-decoration: underline; color: #1962a1;\"><a style=\"color: #1962a1; text-decoration: underline;\" href=\"mailto:plongeur.ext@club-subaquatique-annecy.fr\">plongeur.ext@club-subaquatique-annecy.fr<\/a><\/span><\/p>\t\t\t\t\t\t\t\t<\/div>\n\t\t\t\t<\/div>\n\t\t\t\t\t<\/div>\n\t\t\t\t<\/div>\n\t\t<div class=\"elementor-element elementor-element-353a8ad e-flex e-con-boxed e-con e-parent\" data-id=\"353a8ad\" data-element_type=\"container\" data-e-type=\"container\">\n\t\t\t\t\t<div class=\"e-con-inner\">\n\t\t\t\t<div class=\"elementor-element elementor-element-f9cdb7c elementor-widget elementor-widget-text-editor\" data-id=\"f9cdb7c\" data-element_type=\"widget\" data-e-type=\"widget\" data-widget_type=\"text-editor.default\">\n\t\t\t\t<div class=\"elementor-widget-container\">\n\t\t\t\t\t\t\t\t\t<h1 style=\"text-align: center;\"><span style=\"color: #1962a1;\">Plong\u00e9e sur Le France<\/span><\/h1><p>\u00a0<\/p><p>La plong\u00e9e sur le France est une plong\u00e9e carr\u00e9e sur un fond de 43 m, dans un environnement lacustre.<\/p><p>La plong\u00e9e est ouverte aux plongeurs disposant de la qualification PA40 (Plongeur Autonome 40 m\u00e8tres) ou bien entendu sup\u00e9rieure (N3,..).<br \/>Le Club subaquatique Annecy propose un pack de 2 plong\u00e9es, incluant une plong\u00e9e d\u2019adaptation avant de r\u00e9aliser la plong\u00e9e sur le France.<\/p><p>Selon le niveau et l\u2019exp\u00e9rience des plongeurs, notamment en lac, le responsable des plongeurs ext\u00e9rieurs, le directeur technique ou le pr\u00e9sident du club pourront autoriser une plong\u00e9e sur le France sans adaptation.<br \/><br \/><\/p><p><div style=\"width: 720px;\" class=\"wp-video\"><video class=\"wp-video-shortcode\" id=\"video-1433-1\" width=\"720\" height=\"576\" autoplay preload=\"metadata\" controls=\"controls\"><source type=\"video\/webm\" src=\"https:\/\/www.club-subaquatique-annecy.fr\/csa\/wp-content\/uploads\/2024\/11\/video2_VP8.webm?_=1\" \/><a href=\"https:\/\/www.club-subaquatique-annecy.fr\/csa\/wp-content\/uploads\/2024\/11\/video2_VP8.webm\">https:\/\/www.club-subaquatique-annecy.fr\/csa\/wp-content\/uploads\/2024\/11\/video2_VP8.webm<\/a><\/video><\/div><\/p>\t\t\t\t\t\t\t\t<\/div>\n\t\t\t\t<\/div>\n\t\t\t\t\t<\/div>\n\t\t\t\t<\/div>\n\t\t\t\t<\/div>\n\t\t","protected":false},"excerpt":{"rendered":"<p>Plongeurs Ext\u00e9rieurs Le Club Subaquatique d\u2019Annecy accueille les plongeurs ext\u00e9rieurs durant ses horaires d\u2019ouverture. Les plong\u00e9es incluent un gonflage air ou Nitrox 32%, et le pr\u00eat d\u2019un bloc 12 ou 15 litres au besoin. Le club pr\u00eate du mat\u00e9riel uniquement \u00e0 ses membres et aux personnes effectuant un bapt\u00eame, nous ne louons pas de mat\u00e9riel. [&hellip;]<\/p>\n","protected":false},"author":2,"featured_media":0,"parent":0,"menu_order":0,"comment_status":"closed","ping_status":"closed","template":"page-templates\/template-default.php","meta":{"footnotes":""},"class_list":["post-1433","page","type-page","status-publish","hentry"],"_links":{"self":[{"href":"https:\/\/www.club-subaquatique-annecy.fr\/csa\/wp-json\/wp\/v2\/pages\/1433","targetHints":{"allow":["GET"]}}],"collection":[{"href":"https:\/\/www.club-subaquatique-annecy.fr\/csa\/wp-json\/wp\/v2\/pages"}],"about":[{"href":"https:\/\/www.club-subaquatique-annecy.fr\/csa\/wp-json\/wp\/v2\/types\/page"}],"author":[{"embeddable":true,"href":"https:\/\/www.club-subaquatique-annecy.fr\/csa\/wp-json\/wp\/v2\/users\/2"}],"replies":[{"embeddable":true,"href":"https:\/\/www.club-subaquatique-annecy.fr\/csa\/wp-json\/wp\/v2\/comments?post=1433"}],"version-history":[{"count":91,"href":"https:\/\/www.club-subaquatique-annecy.fr\/csa\/wp-json\/wp\/v2\/pages\/1433\/revisions"}],"predecessor-version":[{"id":4334,"href":"https:\/\/www.club-subaquatique-annecy.fr\/csa\/wp-json\/wp\/v2\/pages\/1433\/revisions\/4334"}],"wp:attachment":[{"href":"https:\/\/www.club-subaquatique-annecy.fr\/csa\/wp-json\/wp\/v2\/media?parent=1433"}],"curies":[{"name":"wp","href":"https:\/\/api.w.org\/{rel}","templated":true}]}}