{"id":1740,"date":"2024-11-15T18:48:38","date_gmt":"2024-11-15T17:48:38","guid":{"rendered":"https:\/\/www.club-subaquatique-annecy.fr\/csa\/?page_id=1740"},"modified":"2024-12-09T18:37:54","modified_gmt":"2024-12-09T17:37:54","slug":"infos-pratiques-csa","status":"publish","type":"page","link":"https:\/\/www.club-subaquatique-annecy.fr\/csa\/infos-pratiques-csa","title":{"rendered":"Infos Pratiques"},"content":{"rendered":"\t\t<div data-elementor-type=\"wp-page\" data-elementor-id=\"1740\" class=\"elementor elementor-1740\" data-elementor-post-type=\"page\">\n\t\t\t\t\t\t<section class=\"elementor-section elementor-top-section elementor-element elementor-element-209a1c2 elementor-section-boxed elementor-section-height-default elementor-section-height-default\" data-id=\"209a1c2\" data-element_type=\"section\" data-e-type=\"section\">\n\t\t\t\t\t\t<div class=\"elementor-container elementor-column-gap-default\">\n\t\t\t\t\t<div class=\"elementor-column elementor-col-100 elementor-top-column elementor-element elementor-element-bcdccb0\" data-id=\"bcdccb0\" data-element_type=\"column\" data-e-type=\"column\">\n\t\t\t<div class=\"elementor-widget-wrap elementor-element-populated\">\n\t\t\t\t\t\t<div class=\"elementor-element elementor-element-2ca9472 animated-slow elementor-invisible elementor-widget elementor-widget-section-title\" data-id=\"2ca9472\" data-element_type=\"widget\" data-e-type=\"widget\" data-settings=\"{&quot;_animation&quot;:&quot;fadeInRight&quot;}\" data-widget_type=\"section-title.default\">\n\t\t\t\t<div class=\"elementor-widget-container\">\n\t\t\t\t\t\r\n\t\t\r\n\t\t\t<div class=\"section-title style1 center\">\r\n\t\t\t\t\t\t\t\t\r\n\t\t\t\t \r\n\t\t\t\t\t<h3 class=\"title\">Informations Pratiques<\/h3>\r\n\t\t\t\t\t\t\t\t\r\n\t\t\t\t \r\n\t\t\t\t\t<p class=\"description\">Le Club Subaquatique Annecy est une association type loi 1901, \u00e0 but non lucratif.\nLe club est affili\u00e9 \u00e0 la F\u00e9d\u00e9ration Fran\u00e7aise d\u2019Etudes et de Sports Sous-Marins (FFESSM).\nSes activit\u00e9s sont celles d\u00e9velopp\u00e9es par les diff\u00e9rentes commissions de la FFESSM.<\/p>\r\n\t\t\t\t\t\t\t<\/div>\r\n\r\n\t\t\r\n\t\t\t\t\t\t<\/div>\n\t\t\t\t<\/div>\n\t\t\t\t<div class=\"elementor-element elementor-element-9b4a156 elementor-widget elementor-widget-text-editor\" data-id=\"9b4a156\" data-element_type=\"widget\" data-e-type=\"widget\" data-widget_type=\"text-editor.default\">\n\t\t\t\t<div class=\"elementor-widget-container\">\n\t\t\t\t\t\t\t\t\t<h2 class=\"wp-block-heading\"><span style=\"color: #1962a1;\">Le club est ouvert :<\/span><\/h2><p><strong>Le samedi apr\u00e8s-midi : inscription pour la plong\u00e9e de 13h30 \u00e0 14h.<\/strong><br \/><strong>Le dimanche matin et les jours f\u00e9ri\u00e9s : inscription pour la plong\u00e9e de 8h30 \u00e0 9h00.<\/strong><br \/><strong>Le mercredi en fin d\u2019apr\u00e8s-midi de Mai \u00e0\u00a0 Octobre :\u00a0inscription pour la plong\u00e9e de 17h00 \u00e0 17h30.<\/strong><br \/><strong>Le dernier vendredi de chaque mois, entre mai et novembre : plong\u00e9e de nuit.<\/strong><\/p><h2 class=\"wp-block-heading\"><span style=\"color: #1962a1;\">Le club dispose de cr\u00e9neaux horaires \u00e0 la piscine des Fins :<\/span><\/h2><p><strong>Du mois de septembre au mois de juin :<\/strong><br \/><strong>Le mercredi soir : de 20h30 \u00e0 22h00.<\/strong><br \/><strong>Le samedi soir : de 18h00 \u00e0 19h30.<\/strong><br \/><strong>Le dimanche matin : de 7h30 \u00e0 9h.<\/strong><\/p>\t\t\t\t\t\t\t\t<\/div>\n\t\t\t\t<\/div>\n\t\t\t\t\t<\/div>\n\t\t<\/div>\n\t\t\t\t\t<\/div>\n\t\t<\/section>\n\t\t\t\t<\/div>\n\t\t","protected":false},"excerpt":{"rendered":"<p>Informations Pratiques Le Club Subaquatique Annecy est une association type loi 1901, \u00e0 but non lucratif. Le club est affili\u00e9 \u00e0 la F\u00e9d\u00e9ration Fran\u00e7aise d\u2019Etudes et de Sports Sous-Marins (FFESSM). Ses activit\u00e9s sont celles d\u00e9velopp\u00e9es par les diff\u00e9rentes commissions de la FFESSM. Le club est ouvert : Le samedi apr\u00e8s-midi : inscription pour la plong\u00e9e [&hellip;]<\/p>\n","protected":false},"author":5,"featured_media":0,"parent":0,"menu_order":0,"comment_status":"closed","ping_status":"closed","template":"page-templates\/template-default.php","meta":{"footnotes":""},"class_list":["post-1740","page","type-page","status-publish","hentry"],"_links":{"self":[{"href":"https:\/\/www.club-subaquatique-annecy.fr\/csa\/wp-json\/wp\/v2\/pages\/1740","targetHints":{"allow":["GET"]}}],"collection":[{"href":"https:\/\/www.club-subaquatique-annecy.fr\/csa\/wp-json\/wp\/v2\/pages"}],"about":[{"href":"https:\/\/www.club-subaquatique-annecy.fr\/csa\/wp-json\/wp\/v2\/types\/page"}],"author":[{"embeddable":true,"href":"https:\/\/www.club-subaquatique-annecy.fr\/csa\/wp-json\/wp\/v2\/users\/5"}],"replies":[{"embeddable":true,"href":"https:\/\/www.club-subaquatique-annecy.fr\/csa\/wp-json\/wp\/v2\/comments?post=1740"}],"version-history":[{"count":31,"href":"https:\/\/www.club-subaquatique-annecy.fr\/csa\/wp-json\/wp\/v2\/pages\/1740\/revisions"}],"predecessor-version":[{"id":2660,"href":"https:\/\/www.club-subaquatique-annecy.fr\/csa\/wp-json\/wp\/v2\/pages\/1740\/revisions\/2660"}],"wp:attachment":[{"href":"https:\/\/www.club-subaquatique-annecy.fr\/csa\/wp-json\/wp\/v2\/media?parent=1740"}],"curies":[{"name":"wp","href":"https:\/\/api.w.org\/{rel}","templated":true}]}}