{"id":1768,"date":"2024-11-15T21:15:40","date_gmt":"2024-11-15T20:15:40","guid":{"rendered":"https:\/\/www.club-subaquatique-annecy.fr\/csa\/?page_id=1768"},"modified":"2024-12-11T10:56:42","modified_gmt":"2024-12-11T09:56:42","slug":"comite-directeur-responsable-activite-csa","status":"publish","type":"page","link":"https:\/\/www.club-subaquatique-annecy.fr\/csa\/comite-directeur-responsable-activite-csa","title":{"rendered":"Comit\u00e9 directeur et responsables d\u2019activit\u00e9"},"content":{"rendered":"\t\t<div data-elementor-type=\"wp-page\" data-elementor-id=\"1768\" class=\"elementor elementor-1768\" data-elementor-post-type=\"page\">\n\t\t\t\t\t\t<section class=\"elementor-section elementor-top-section elementor-element elementor-element-209a1c2 elementor-section-boxed elementor-section-height-default elementor-section-height-default\" data-id=\"209a1c2\" data-element_type=\"section\" data-e-type=\"section\">\n\t\t\t\t\t\t<div class=\"elementor-container elementor-column-gap-default\">\n\t\t\t\t\t<div class=\"elementor-column elementor-col-100 elementor-top-column elementor-element elementor-element-bcdccb0\" data-id=\"bcdccb0\" data-element_type=\"column\" data-e-type=\"column\">\n\t\t\t<div class=\"elementor-widget-wrap elementor-element-populated\">\n\t\t\t\t\t\t<div class=\"elementor-element elementor-element-2ca9472 animated-slow elementor-invisible elementor-widget elementor-widget-section-title\" data-id=\"2ca9472\" data-element_type=\"widget\" data-e-type=\"widget\" data-settings=\"{&quot;_animation&quot;:&quot;fadeInRight&quot;}\" data-widget_type=\"section-title.default\">\n\t\t\t\t<div class=\"elementor-widget-container\">\n\t\t\t\t\t\r\n\t\t\r\n\t\t\t<div class=\"section-title style1 center\">\r\n\t\t\t\t\t\t\t\t\r\n\t\t\t\t \r\n\t\t\t\t\t<h3 class=\"title\">Comit\u00e9 directeur et responsables d\u2019activit\u00e9<\/h3>\r\n\t\t\t\t\t\t\t\t\r\n\t\t\t\t\t\t\t<\/div>\r\n\r\n\t\t\r\n\t\t\t\t\t\t<\/div>\n\t\t\t\t<\/div>\n\t\t\t\t<div class=\"elementor-element elementor-element-2a44c23 elementor-widget__width-initial elementor-widget elementor-widget-text-editor\" data-id=\"2a44c23\" data-element_type=\"widget\" data-e-type=\"widget\" data-widget_type=\"text-editor.default\">\n\t\t\t\t<div class=\"elementor-widget-container\">\n\t\t\t\t\t\t\t\t\t<h3><span style=\"color: #1962a1;\"><u>Les instances dirigeantes :<\/u><\/span><\/h3><p>Les pouvoirs de direction du CSA sont exerc\u00e9s par un Comit\u00e9 Directeur dont les membres sont \u00e9lus lors de l&#8217;Assembl\u00e9e G\u00e9n\u00e9rale annuelle du club pour six ans. Le Comit\u00e9 Directeur se renouvelle par tiers tous les deux ans, et il est compos\u00e9 de neuf \u00e0 quinze membres.<br \/>Est \u00e9lecteur tout membre actif, \u00e2g\u00e9 de seize ans au moins le jour de l&#8217;\u00e9lection, licenci\u00e9 et \u00e0 jour de sa cotisation d&#8217;adh\u00e9sion annuelle, membre du club depuis plus de six mois.<br \/>Est \u00e9ligible au Comit\u00e9 Directeur toute personne \u00e2g\u00e9e de dix-huit ans au moins le jour de l\u2019\u00e9lection, licenci\u00e9e et \u00e0 jour de sa cotisation d&#8217;adh\u00e9sion annuelle, membre du club depuis plus de six mois.<br \/>Le Comit\u00e9 Directeur \u00e9lit chaque ann\u00e9e son bureau qui comprend au minimum un Pr\u00e9sident, un Secr\u00e9taire et un Tr\u00e9sorier, et \u00e9ventuellement un ou plusieurs Vice-Pr\u00e9sidents, un Secr\u00e9taire-Adjoint, un Tr\u00e9sorier-Adjoint, issus eux-m\u00eames Comit\u00e9 Directeur.<\/p><h3><span style=\"color: #1962a1;\"><u>Les responsables d\u2019activit\u00e9\/ de secteur<\/u><\/span><\/h3><p>Pour le bon fonctionnement du club, des membres b\u00e9n\u00e9voles se portent volontaire aupr\u00e8s du Comit\u00e9 Directeur pour prendre des responsabilit\u00e9s d\u2019activit\u00e9, de secteur :<\/p><ul><li>Responsable technique\u00a0: coordination de l\u2019ensemble des activit\u00e9s de formation<\/li><li>Responsable section jeunes\u00a0: coordination de l\u2019ensemble des activit\u00e9s de la section d\u00e9di\u00e9e aux jeunes pratiquants (&lt;16 ans) de la plong\u00e9e<\/li><li>Responsable d\u00e9couverte apn\u00e9e\u00a0: coordination de l\u2019activit\u00e9 d\u00e9couverte apn\u00e9e du club (pratique et formation), en partenariat avec le responsable technique.<\/li><li>Responsable bateaux : coordination de l\u2019\u00e9quipe et des activit\u00e9s d\u2019entretien technique des bateaux<\/li><li>Responsable gonflage : coordination de la gestion et de l\u2019\u00e9quipe en charge du gonflage des blocs air et Nitrox 32, y compris les compresseurs et tampons<\/li><li><!--StartFragment--><span style=\"font-family: Arial, sans-serif, serif, EmojiFont;\" data-olk-copy-source=\"MessageBody\">Responsable de la station m\u00e9langes\u00a0: coordination de la gestion et de l\u2019\u00e9quipe en charge des gonflages Trimix et Nitrox &gt; \u00e0 40%<\/span><!--EndFragment--><\/li><li>Responsable mat\u00e9riel\u00a0: coordination de la gestion du mat\u00e9riel et de l\u2019\u00e9quipe mis \u00e0 disposition des adh\u00e9rents du club (bloc, d\u00e9tendeurs, stab\u2026.)<\/li><li>Responsable locaux : coordination des activit\u00e9s li\u00e9es au maintien en bon \u00e9tat des locaux du club<\/li><li>Responsable coin d\u00e9tente : approvisionnement, vente, entretien et animation du coin d\u00e9tente du club<\/li><li>Responsable piscine : r\u00e9f\u00e9rent du club pour toutes les activit\u00e9s r\u00e9alis\u00e9es \u00e0 la piscine<\/li><li>\u2026.<\/li><\/ul><p>Cette liste n\u2019est pas exhaustive : de nouveaux besoins peuvent appara\u00eetre, qui n\u00e9cessitent la prise d\u2019une responsabilit\u00e9 particuli\u00e8re long terme ou ponctuelle par un ou des membres du club.<\/p>\t\t\t\t\t\t\t\t<\/div>\n\t\t\t\t<\/div>\n\t\t\t\t\t<\/div>\n\t\t<\/div>\n\t\t\t\t\t<\/div>\n\t\t<\/section>\n\t\t\t\t<\/div>\n\t\t","protected":false},"excerpt":{"rendered":"<p>Comit\u00e9 directeur et responsables d\u2019activit\u00e9 Les instances dirigeantes : Les pouvoirs de direction du CSA sont exerc\u00e9s par un Comit\u00e9 Directeur dont les membres sont \u00e9lus lors de l&#8217;Assembl\u00e9e G\u00e9n\u00e9rale annuelle du club pour six ans. Le Comit\u00e9 Directeur se renouvelle par tiers tous les deux ans, et il est compos\u00e9 de neuf \u00e0 quinze [&hellip;]<\/p>\n","protected":false},"author":2,"featured_media":0,"parent":0,"menu_order":0,"comment_status":"closed","ping_status":"closed","template":"page-templates\/template-default.php","meta":{"footnotes":""},"class_list":["post-1768","page","type-page","status-publish","hentry"],"_links":{"self":[{"href":"https:\/\/www.club-subaquatique-annecy.fr\/csa\/wp-json\/wp\/v2\/pages\/1768","targetHints":{"allow":["GET"]}}],"collection":[{"href":"https:\/\/www.club-subaquatique-annecy.fr\/csa\/wp-json\/wp\/v2\/pages"}],"about":[{"href":"https:\/\/www.club-subaquatique-annecy.fr\/csa\/wp-json\/wp\/v2\/types\/page"}],"author":[{"embeddable":true,"href":"https:\/\/www.club-subaquatique-annecy.fr\/csa\/wp-json\/wp\/v2\/users\/2"}],"replies":[{"embeddable":true,"href":"https:\/\/www.club-subaquatique-annecy.fr\/csa\/wp-json\/wp\/v2\/comments?post=1768"}],"version-history":[{"count":29,"href":"https:\/\/www.club-subaquatique-annecy.fr\/csa\/wp-json\/wp\/v2\/pages\/1768\/revisions"}],"predecessor-version":[{"id":2981,"href":"https:\/\/www.club-subaquatique-annecy.fr\/csa\/wp-json\/wp\/v2\/pages\/1768\/revisions\/2981"}],"wp:attachment":[{"href":"https:\/\/www.club-subaquatique-annecy.fr\/csa\/wp-json\/wp\/v2\/media?parent=1768"}],"curies":[{"name":"wp","href":"https:\/\/api.w.org\/{rel}","templated":true}]}}