{"id":1774,"date":"2024-11-15T21:21:35","date_gmt":"2024-11-15T20:21:35","guid":{"rendered":"https:\/\/www.club-subaquatique-annecy.fr\/csa\/?page_id=1774"},"modified":"2024-12-09T19:00:22","modified_gmt":"2024-12-09T18:00:22","slug":"plongee-recycleur","status":"publish","type":"page","link":"https:\/\/www.club-subaquatique-annecy.fr\/csa\/plongee-recycleur","title":{"rendered":"Plong\u00e9e Recycleur"},"content":{"rendered":"\t\t<div data-elementor-type=\"wp-page\" data-elementor-id=\"1774\" class=\"elementor elementor-1774\" data-elementor-post-type=\"page\">\n\t\t\t\t\t\t<section class=\"elementor-section elementor-top-section elementor-element elementor-element-b4c7829 elementor-section-boxed elementor-section-height-default elementor-section-height-default\" data-id=\"b4c7829\" data-element_type=\"section\" data-e-type=\"section\">\n\t\t\t\t\t\t<div class=\"elementor-container elementor-column-gap-default\">\n\t\t\t\t\t<div class=\"elementor-column elementor-col-100 elementor-top-column elementor-element elementor-element-e20a195\" data-id=\"e20a195\" data-element_type=\"column\" data-e-type=\"column\">\n\t\t\t<div class=\"elementor-widget-wrap elementor-element-populated\">\n\t\t\t\t\t\t<div class=\"elementor-element elementor-element-4141062 animated-slow elementor-invisible elementor-widget elementor-widget-section-title\" data-id=\"4141062\" data-element_type=\"widget\" data-e-type=\"widget\" data-settings=\"{&quot;_animation&quot;:&quot;fadeInLeft&quot;}\" data-widget_type=\"section-title.default\">\n\t\t\t\t<div class=\"elementor-widget-container\">\n\t\t\t\t\t\r\n\t\t\r\n\t\t\t<div class=\"section-title style1 center\">\r\n\t\t\t\t\t\t\t\t\r\n\t\t\t\t \r\n\t\t\t\t\t<h3 class=\"title\">Plong\u00e9e Recycleur<\/h3>\r\n\t\t\t\t\t\t\t\t\r\n\t\t\t\t \r\n\t\t\t\t\t<p class=\"description\">Les membres du CSA \u00e9voluent avec la plong\u00e9e, et le club accueille \u00e0 ce titre plusieurs pratiquants \u00e9quip\u00e9s de leur propre recycleur. Le club ne propose pas de cycle de formation sur ce type de mat\u00e9riel, m\u00eame si nous comptons parmi nos encadrants un moniteur qualifi\u00e9, mais tout \u00ab recycleux\/se \u00bb aura de nombreuses occasions pour \u00e9changer, et \u00e9voluer dans sa pratique. <\/p>\r\n\t\t\t\t\t\t\t<\/div>\r\n\r\n\t\t\r\n\t\t\t\t\t\t<\/div>\n\t\t\t\t<\/div>\n\t\t\t\t\t<\/div>\n\t\t<\/div>\n\t\t\t\t\t<\/div>\n\t\t<\/section>\n\t\t\t\t<section class=\"elementor-section elementor-top-section elementor-element elementor-element-d93beda elementor-section-boxed elementor-section-height-default elementor-section-height-default\" data-id=\"d93beda\" data-element_type=\"section\" data-e-type=\"section\">\n\t\t\t\t\t\t<div class=\"elementor-container elementor-column-gap-default\">\n\t\t\t\t\t<div class=\"elementor-column elementor-col-100 elementor-top-column elementor-element elementor-element-6c5762c\" data-id=\"6c5762c\" data-element_type=\"column\" data-e-type=\"column\">\n\t\t\t<div class=\"elementor-widget-wrap elementor-element-populated\">\n\t\t\t\t\t\t<div class=\"elementor-element elementor-element-68d48fc animated-slow elementor-invisible elementor-widget elementor-widget-section-title\" data-id=\"68d48fc\" data-element_type=\"widget\" data-e-type=\"widget\" data-settings=\"{&quot;_animation&quot;:&quot;fadeInLeft&quot;}\" data-widget_type=\"section-title.default\">\n\t\t\t\t<div class=\"elementor-widget-container\">\n\t\t\t\t\t\r\n\t\t\r\n\t\t\t<div class=\"section-title style1 center\">\r\n\t\t\t\t\t\t\t\t\r\n\t\t\t\t \r\n\t\t\t\t\t<h3 class=\"title\">Pr\u00e9paration des recycleurs<\/h3>\r\n\t\t\t\t\t\t\t\t\r\n\t\t\t\t\t\t\t<\/div>\r\n\r\n\t\t\r\n\t\t\t\t\t\t<\/div>\n\t\t\t\t<\/div>\n\t\t\t\t<div class=\"elementor-element elementor-element-6373fba animated-slow elementor-invisible elementor-widget elementor-widget-servicecarousel\" data-id=\"6373fba\" data-element_type=\"widget\" data-e-type=\"widget\" data-settings=\"{&quot;_animation&quot;:&quot;fadeInRight&quot;}\" data-widget_type=\"servicecarousel.default\">\n\t\t\t\t<div class=\"elementor-widget-container\">\n\t\t\t\t\t\r\n\t\t\r\n\r\n\t\t\t<section class=\"service_cursousel_sliderr\">\r\n\r\n\t\t\t\t\t\t\t<div class=\"em-service style_4\">\t\t\r\n\t\t\t\t\t<div class=\"em-service-thumb\">\r\n\t\t\t\t\t\t<img decoding=\"async\" src=\"https:\/\/www.club-subaquatique-annecy.fr\/csa\/wp-content\/uploads\/2024\/12\/recycl03.jpg\" alt=\"hendrio\">\r\n\t\t\t\t\t\t<div class=\"em-service-icon\">\r\n\t\t\t\t\t\t\t<i class=\"\"><\/i>\r\n\t\t\t\t\t\t<\/div>\r\n\r\n\t\t\t\t\t<\/div>\r\n\r\n\t\t\t\t\t<div class=\"em_service_content\">\r\n\t\t\t\t\t\t<div class=\"em_single_service_text\">\r\n\t\t\t\t\t\t\t<div class=\"service_top_text\">\r\n\r\n\t\t\t\t\t\t\t\t<div class=\"em-service-title\">\r\n\t\t\t\t\t\t\t\t\t<h2><\/h2>\r\n\t\t\t\t\t\t\t\t<\/div>\r\n\r\n\t\t\t\t\t\t\t<\/div>\r\n\t\t\t\t\t\t\t<div class=\"em-service-inner\">\t\t\t\t\r\n\t\t\t\t\t\t\t\t<div class=\"service-box-desc\" >\r\n\t\t\t\t\t\t\t\t\t<p><\/p>\r\n\t\t\t\t\t\t\t\t<\/div>\t\t\t\t\t\t\r\n\t\t\t\t\t\t\t<\/div>\r\n\r\n\t\t\t\t\t\t\t\t\t\t\t\t\t<\/div>\r\n\t\t\t\t\t<\/div>\r\n\t\t\t\t<\/div>\r\n\t\t\t\t\t\t\t<div class=\"em-service style_4\">\t\t\r\n\t\t\t\t\t<div class=\"em-service-thumb\">\r\n\t\t\t\t\t\t<img decoding=\"async\" src=\"https:\/\/www.club-subaquatique-annecy.fr\/csa\/wp-content\/uploads\/2024\/12\/recycl02.jpg\" alt=\"hendrio\">\r\n\t\t\t\t\t\t<div class=\"em-service-icon\">\r\n\t\t\t\t\t\t\t<i class=\"\"><\/i>\r\n\t\t\t\t\t\t<\/div>\r\n\r\n\t\t\t\t\t<\/div>\r\n\r\n\t\t\t\t\t<div class=\"em_service_content\">\r\n\t\t\t\t\t\t<div class=\"em_single_service_text\">\r\n\t\t\t\t\t\t\t<div class=\"service_top_text\">\r\n\r\n\t\t\t\t\t\t\t\t<div class=\"em-service-title\">\r\n\t\t\t\t\t\t\t\t\t<h2><\/h2>\r\n\t\t\t\t\t\t\t\t<\/div>\r\n\r\n\t\t\t\t\t\t\t<\/div>\r\n\t\t\t\t\t\t\t<div class=\"em-service-inner\">\t\t\t\t\r\n\t\t\t\t\t\t\t\t<div class=\"service-box-desc\" >\r\n\t\t\t\t\t\t\t\t\t<p><\/p>\r\n\t\t\t\t\t\t\t\t<\/div>\t\t\t\t\t\t\r\n\t\t\t\t\t\t\t<\/div>\r\n\r\n\t\t\t\t\t\t\t\t\t\t\t\t\t<\/div>\r\n\t\t\t\t\t<\/div>\r\n\t\t\t\t<\/div>\r\n\t\t\t\t\t\t\t<div class=\"em-service style_4\">\t\t\r\n\t\t\t\t\t<div class=\"em-service-thumb\">\r\n\t\t\t\t\t\t<img decoding=\"async\" src=\"https:\/\/www.club-subaquatique-annecy.fr\/csa\/wp-content\/uploads\/2024\/12\/recycl01.jpg\" alt=\"hendrio\">\r\n\t\t\t\t\t\t<div class=\"em-service-icon\">\r\n\t\t\t\t\t\t\t<i class=\"\"><\/i>\r\n\t\t\t\t\t\t<\/div>\r\n\r\n\t\t\t\t\t<\/div>\r\n\r\n\t\t\t\t\t<div class=\"em_service_content\">\r\n\t\t\t\t\t\t<div class=\"em_single_service_text\">\r\n\t\t\t\t\t\t\t<div class=\"service_top_text\">\r\n\r\n\t\t\t\t\t\t\t\t<div class=\"em-service-title\">\r\n\t\t\t\t\t\t\t\t\t<h2><\/h2>\r\n\t\t\t\t\t\t\t\t<\/div>\r\n\r\n\t\t\t\t\t\t\t<\/div>\r\n\t\t\t\t\t\t\t<div class=\"em-service-inner\">\t\t\t\t\r\n\t\t\t\t\t\t\t\t<div class=\"service-box-desc\" >\r\n\t\t\t\t\t\t\t\t\t<p><\/p>\r\n\t\t\t\t\t\t\t\t<\/div>\t\t\t\t\t\t\r\n\t\t\t\t\t\t\t<\/div>\r\n\r\n\t\t\t\t\t\t\t\t\t\t\t\t\t<\/div>\r\n\t\t\t\t\t<\/div>\r\n\t\t\t\t<\/div>\r\n\t\t\t\t\t\t<\/section>\r\n\r\n\t            <script>\r\n\t                jQuery(document).ready(function() {\r\n\t                    jQuery(\".service_cursousel_sliderr\").slick({\r\n\t                        \t                            dots: false,\r\n\t                            infinite: true,\r\n\t                            centerMode: true,\r\n\t                            autoplay: true,\r\n\t                            autoplaySpeed: 7000,\r\n\t                            slidesToShow: 3,\r\n\t                            slidesToScroll: 3,\r\n\t                            centerPadding: '0',\r\n\t                            padding: 15,\r\n\t                            center:true,\r\n\t                            arrows: false,\r\n\t\t\t\t\t\t        responsive: [\r\n\t\t\t\t\t\t            {\r\n\t\t\t\t\t\t                breakpoint: 1920,\r\n\t\t\t\t\t\t                settings: {\r\n\t\t\t\t\t\t                    slidesToShow: 3,\r\n\t\t\t\t\t\t                }\r\n\t\t\t\t\t\t            },\r\n\t\t\t\t\t\t\t\t\t {\r\n\t\t\t\t\t\t                breakpoint: 1400,\r\n\t\t\t\t\t\t                settings: {\r\n\t\t\t\t\t\t                    slidesToShow: 2,\r\n\t\t\t\t\t\t                }\r\n\t\t\t\t\t\t            },\r\n\t\t\t\t\t\t\t\t\t\r\n\t\t\t\t\t\t\t\t\t\r\n\t\t\t\t\t\t            {\r\n\t\t\t\t\t\t                breakpoint: 991,\r\n\t\t\t\t\t\t                settings: {\r\n\t\t\t\t\t\t                    slidesToShow: 2,\r\n\t\t\t\t\t\t                }\r\n\t\t\t\t\t\t            },\r\n\t\t\t\t\t\t            {\r\n\t\t\t\t\t\t              breakpoint: 768,\r\n\t\t\t\t\t\t              settings: {\r\n\t\t\t\t\t\t                slidesToShow: 1\r\n\t\t\t\t\t\t              }\r\n\t\t\t\t\t\t            },\r\n\t\t\t\t\t\t            {\r\n\t\t\t\t\t\t              breakpoint: 600,\r\n\t\t\t\t\t\t              settings: {\r\n\t\t\t\t\t\t                arrows: false,\r\n\t\t\t\t\t\t                slidesToShow: 1\r\n\t\t\t\t\t\t              }\r\n\t\t\t\t\t\t            }\r\n\t\t\t\t\t\t        ]\r\n\r\n\t                        \t                    });\r\n\t                });\r\n\t            <\/script>\r\n\r\n\t\t\r\n\t\t\t\t\t\t<\/div>\n\t\t\t\t<\/div>\n\t\t\t\t\t<\/div>\n\t\t<\/div>\n\t\t\t\t\t<\/div>\n\t\t<\/section>\n\t\t\t\t<\/div>\n\t\t","protected":false},"excerpt":{"rendered":"<p>Plong\u00e9e Recycleur Les membres du CSA \u00e9voluent avec la plong\u00e9e, et le club accueille \u00e0 ce titre plusieurs pratiquants \u00e9quip\u00e9s de leur propre recycleur. Le club ne propose pas de cycle de formation sur ce type de mat\u00e9riel, m\u00eame si nous comptons parmi nos encadrants un moniteur qualifi\u00e9, mais tout \u00ab recycleux\/se \u00bb aura de [&hellip;]<\/p>\n","protected":false},"author":5,"featured_media":0,"parent":0,"menu_order":0,"comment_status":"closed","ping_status":"closed","template":"page-templates\/template-default.php","meta":{"footnotes":""},"class_list":["post-1774","page","type-page","status-publish","hentry"],"_links":{"self":[{"href":"https:\/\/www.club-subaquatique-annecy.fr\/csa\/wp-json\/wp\/v2\/pages\/1774","targetHints":{"allow":["GET"]}}],"collection":[{"href":"https:\/\/www.club-subaquatique-annecy.fr\/csa\/wp-json\/wp\/v2\/pages"}],"about":[{"href":"https:\/\/www.club-subaquatique-annecy.fr\/csa\/wp-json\/wp\/v2\/types\/page"}],"author":[{"embeddable":true,"href":"https:\/\/www.club-subaquatique-annecy.fr\/csa\/wp-json\/wp\/v2\/users\/5"}],"replies":[{"embeddable":true,"href":"https:\/\/www.club-subaquatique-annecy.fr\/csa\/wp-json\/wp\/v2\/comments?post=1774"}],"version-history":[{"count":16,"href":"https:\/\/www.club-subaquatique-annecy.fr\/csa\/wp-json\/wp\/v2\/pages\/1774\/revisions"}],"predecessor-version":[{"id":2685,"href":"https:\/\/www.club-subaquatique-annecy.fr\/csa\/wp-json\/wp\/v2\/pages\/1774\/revisions\/2685"}],"wp:attachment":[{"href":"https:\/\/www.club-subaquatique-annecy.fr\/csa\/wp-json\/wp\/v2\/media?parent=1774"}],"curies":[{"name":"wp","href":"https:\/\/api.w.org\/{rel}","templated":true}]}}