{"id":1898,"date":"2024-11-19T21:49:02","date_gmt":"2024-11-19T20:49:02","guid":{"rendered":"https:\/\/www.club-subaquatique-annecy.fr\/csa\/?page_id=1898"},"modified":"2025-11-06T10:09:05","modified_gmt":"2025-11-06T09:09:05","slug":"formation-niveau-3","status":"publish","type":"page","link":"https:\/\/www.club-subaquatique-annecy.fr\/csa\/formation-niveau-3","title":{"rendered":"Formation Niveau 3"},"content":{"rendered":"\t\t<div data-elementor-type=\"wp-page\" data-elementor-id=\"1898\" class=\"elementor elementor-1898\" data-elementor-post-type=\"page\">\n\t\t\t\t\t\t<section class=\"elementor-section elementor-top-section elementor-element elementor-element-209a1c2 elementor-section-boxed elementor-section-height-default elementor-section-height-default\" data-id=\"209a1c2\" data-element_type=\"section\" data-e-type=\"section\">\n\t\t\t\t\t\t<div class=\"elementor-container elementor-column-gap-default\">\n\t\t\t\t\t<div class=\"elementor-column elementor-col-100 elementor-top-column elementor-element elementor-element-bcdccb0\" data-id=\"bcdccb0\" data-element_type=\"column\" data-e-type=\"column\">\n\t\t\t<div class=\"elementor-widget-wrap elementor-element-populated\">\n\t\t\t\t\t\t<div class=\"elementor-element elementor-element-2ca9472 animated-slow elementor-invisible elementor-widget elementor-widget-section-title\" data-id=\"2ca9472\" data-element_type=\"widget\" data-e-type=\"widget\" data-settings=\"{&quot;_animation&quot;:&quot;fadeInRight&quot;}\" data-widget_type=\"section-title.default\">\n\t\t\t\t<div class=\"elementor-widget-container\">\n\t\t\t\t\t\r\n\t\t\r\n\t\t\t<div class=\"section-title style1 center\">\r\n\t\t\t\t\t\t\t\t\r\n\t\t\t\t \r\n\t\t\t\t\t<h3 class=\"title\">Formation Niveau 3<\/h3>\r\n\t\t\t\t\t\t\t\t\r\n\t\t\t\t\t\t\t<\/div>\r\n\r\n\t\t\r\n\t\t\t\t\t\t<\/div>\n\t\t\t\t<\/div>\n\t\t\t\t<div class=\"elementor-element elementor-element-2a44c23 elementor-widget elementor-widget-text-editor\" data-id=\"2a44c23\" data-element_type=\"widget\" data-e-type=\"widget\" data-widget_type=\"text-editor.default\">\n\t\t\t\t<div class=\"elementor-widget-container\">\n\t\t\t\t\t\t\t\t\t<p>C\u2019est le niveau qui permet les plus larges pr\u00e9rogatives pour le plongeur autonome, en plong\u00e9e \u00e0 l\u2019air, car il permet de plonger jusqu&#8217;\u00e0 60 m en France. Il correspond \u00e0 un niveau 3 \u00e9toiles CMAS, dont les pr\u00e9rogatives sont adapt\u00e9es aux diff\u00e9rentes l\u00e9gislations internationales.<\/p><p>La formation N3 au CSA s\u2019organise sur 4 \u00e0 5 week-ends, en lac. Les enseignements compl\u00e9mentaires sont dispens\u00e9s pour permettre au plongeur d\u2019appuyer sa pratique sur de solides connaissances de l\u2019environnement sous-marin et des effets li\u00e9s \u00e0 la profondeur d\u2019\u00e9volution, en mettant l\u2019accent sur la pr\u00e9vention et les pratiques s\u00e9curitaires. Une pratique assidue est d\u00e9terminante pour la progression.<\/p><p>Cette formation n\u00e9cessit\u00e9 une exp\u00e9rience significative en tant que Niveau 2 au pr\u00e9alable. Le CSA organise 1 session par p\u00e9riode de 1 ou 2 ans, selon la disponibilit\u00e9 de nos moniteurs et les demandes de nos adh\u00e9rents, pour des groupes de 4 \u00e0 6 plongeurs.<\/p><p>Rendez-vous sur la<a href=\"https:\/\/www.club-subaquatique-annecy.fr\/csa\/inscriptions-au-csa\"><span style=\"color: #000080;\">\u00a0<span style=\"color: #1962a1;\">page d&#8217;inscription<\/span><\/span><\/a> pour avoir toutes les informations. <strong>Les tarifs des formations sont dans le dossier d&#8217;inscription.<\/strong> Pour toute information compl\u00e9mentaire, n&#8217;h\u00e9sitez pas \u00e0 nous contacter<\/p>\t\t\t\t\t\t\t\t<\/div>\n\t\t\t\t<\/div>\n\t\t\t\t\t<\/div>\n\t\t<\/div>\n\t\t\t\t\t<\/div>\n\t\t<\/section>\n\t\t\t\t<section class=\"elementor-section elementor-top-section elementor-element elementor-element-ff8d044 elementor-section-boxed elementor-section-height-default elementor-section-height-default\" data-id=\"ff8d044\" data-element_type=\"section\" data-e-type=\"section\">\n\t\t\t\t\t\t<div class=\"elementor-container elementor-column-gap-default\">\n\t\t\t\t\t<div class=\"elementor-column elementor-col-100 elementor-top-column elementor-element elementor-element-2d92d92\" data-id=\"2d92d92\" data-element_type=\"column\" data-e-type=\"column\">\n\t\t\t<div class=\"elementor-widget-wrap elementor-element-populated\">\n\t\t\t\t\t\t<div class=\"elementor-element elementor-element-0e88aca animated-slow elementor-invisible elementor-widget elementor-widget-section-title\" data-id=\"0e88aca\" data-element_type=\"widget\" data-e-type=\"widget\" data-settings=\"{&quot;_animation&quot;:&quot;fadeIn&quot;}\" data-widget_type=\"section-title.default\">\n\t\t\t\t<div class=\"elementor-widget-container\">\n\t\t\t\t\t\r\n\t\t\r\n\t\t\t<div class=\"section-title style1 center\">\r\n\t\t\t\t\t\t\t\t\r\n\t\t\t\t \r\n\t\t\t\t\t<h3 class=\"title\">Prochaine Session : Printemps 2026<\/h3>\r\n\t\t\t\t\t\t\t\t\r\n\t\t\t\t\t\t\t<\/div>\r\n\r\n\t\t\r\n\t\t\t\t\t\t<\/div>\n\t\t\t\t<\/div>\n\t\t\t\t<div class=\"elementor-element elementor-element-6a14023 elementor-widget elementor-widget-text-editor\" data-id=\"6a14023\" data-element_type=\"widget\" data-e-type=\"widget\" data-widget_type=\"text-editor.default\">\n\t\t\t\t<div class=\"elementor-widget-container\">\n\t\t\t\t\t\t\t\t\t<div><h6><span style=\"color: #1962a1;\">Programme &#8211; provisoire &#8211; de la Formation :<\/span><span style=\"color: #1962a1;\"><br \/>\u00a0 \u00a0 Samedi 4 avril matin et apr\u00e8s-midi<br \/>\u00a0 \u00a0 Dimanche 5 avril matin<br \/>\u00a0 \u00a0 Lundi 6 avril matin<br \/>\u00a0 \u00a0 Samedi 11 avril matin et apr\u00e8s-midi<br \/>\u00a0 \u00a0 Dimanche 12 avril matin<br \/>\u00a0 \u00a0 Samedi 18 avril matin et apr\u00e8s-midi<br \/>\u00a0 \u00a0 Dimanche 19 avril matin<br \/>\u00a0 \u00a0 Samedi 25 avril matin et apr\u00e8s-midi<\/span><\/h6><h6><span style=\"color: #1962a1;\"><br \/><\/span><span style=\"color: #1962a1;\"><span style=\"font-size: medium;\">Pour ceux qui sont int\u00e9ress\u00e9 par le niveau 3, merci de bien vouloir <a href=\"https:\/\/forms.office.com\/r\/GTTDZ6kZFE\" target=\"_blank\" rel=\"noopener\">remplir ce formulaire<\/a><\/span><\/span><\/h6><h6>Plus d&#8217;informations par mail : <span style=\"color: #993366;\"><a style=\"color: #993366;\" href=\"mailto:secretaire@club-subaquatique-annecy.fr\" target=\"_blank\" rel=\"noopener\">secretaire@club-subaquatique-annecy.fr<\/a><\/span><\/h6><\/div>\t\t\t\t\t\t\t\t<\/div>\n\t\t\t\t<\/div>\n\t\t\t\t\t<\/div>\n\t\t<\/div>\n\t\t\t\t\t<\/div>\n\t\t<\/section>\n\t\t\t\t<section class=\"elementor-section elementor-top-section elementor-element elementor-element-7c35db9 elementor-section-boxed elementor-section-height-default elementor-section-height-default\" data-id=\"7c35db9\" data-element_type=\"section\" data-e-type=\"section\">\n\t\t\t\t\t\t<div class=\"elementor-container elementor-column-gap-default\">\n\t\t\t\t\t<div class=\"elementor-column elementor-col-100 elementor-top-column elementor-element elementor-element-0d39538 animated-slow elementor-invisible\" data-id=\"0d39538\" data-element_type=\"column\" data-e-type=\"column\" data-settings=\"{&quot;animation&quot;:&quot;fadeInRight&quot;}\">\n\t\t\t<div class=\"elementor-widget-wrap elementor-element-populated\">\n\t\t\t\t\t\t<div class=\"elementor-element elementor-element-626ce8f elementor-widget__width-initial elementor-widget elementor-widget-section-title\" data-id=\"626ce8f\" data-element_type=\"widget\" data-e-type=\"widget\" data-widget_type=\"section-title.default\">\n\t\t\t\t<div class=\"elementor-widget-container\">\n\t\t\t\t\t\r\n\t\t\r\n\t\t\t<div class=\"section-title style1 left\">\r\n\t\t\t\t\t\t\t\t\r\n\t\t\t\t \r\n\t\t\t\t\t<h3 class=\"title\">Une question ?<\/h3>\r\n\t\t\t\t\t\t\t\t\r\n\t\t\t\t \r\n\t\t\t\t\t<p class=\"description\">N'h\u00e9sitez pas \u00e0 nous contacter par mail ou en utilisant le formulaire ci-dessous.<\/p>\r\n\t\t\t\t\t\t\t<\/div>\r\n\r\n\t\t\r\n\t\t\t\t\t\t<\/div>\n\t\t\t\t<\/div>\n\t\t\t\t<div class=\"elementor-element elementor-element-8d3393c elementor-widget__width-initial elementor-widget elementor-widget-shortcode\" data-id=\"8d3393c\" data-element_type=\"widget\" data-e-type=\"widget\" data-widget_type=\"shortcode.default\">\n\t\t\t\t<div class=\"elementor-widget-container\">\n\t\t\t\t\t\t\t<div class=\"elementor-shortcode\">\n<div class=\"wpcf7 no-js\" id=\"wpcf7-f6-o1\" lang=\"fr-FR\" dir=\"ltr\" data-wpcf7-id=\"6\">\n<div class=\"screen-reader-response\"><p role=\"status\" aria-live=\"polite\" aria-atomic=\"true\"><\/p> <ul><\/ul><\/div>\n<form action=\"\/csa\/wp-json\/wp\/v2\/pages\/1898#wpcf7-f6-o1\" method=\"post\" class=\"wpcf7-form init\" aria-label=\"Formulaire de contact\" novalidate=\"novalidate\" data-status=\"init\">\n<fieldset class=\"hidden-fields-container\"><input type=\"hidden\" name=\"_wpcf7\" value=\"6\" \/><input type=\"hidden\" name=\"_wpcf7_version\" value=\"6.1.5\" \/><input type=\"hidden\" name=\"_wpcf7_locale\" value=\"fr_FR\" \/><input type=\"hidden\" name=\"_wpcf7_unit_tag\" value=\"wpcf7-f6-o1\" \/><input type=\"hidden\" name=\"_wpcf7_container_post\" value=\"0\" \/><input type=\"hidden\" name=\"_wpcf7_posted_data_hash\" value=\"\" \/><input type=\"hidden\" name=\"_wpcf7_recaptcha_response\" value=\"\" \/>\n<\/fieldset>\n<p><label> Votre nom<br \/>\n<span class=\"wpcf7-form-control-wrap\" data-name=\"your-name\"><input size=\"40\" maxlength=\"400\" class=\"wpcf7-form-control wpcf7-text wpcf7-validates-as-required\" autocomplete=\"name\" aria-required=\"true\" aria-invalid=\"false\" value=\"\" type=\"text\" name=\"your-name\" \/><\/span> <\/label>\n<\/p>\n<p><label> Votre email<br \/>\n<span class=\"wpcf7-form-control-wrap\" data-name=\"your-email\"><input size=\"40\" maxlength=\"400\" class=\"wpcf7-form-control wpcf7-email wpcf7-validates-as-required wpcf7-text wpcf7-validates-as-email\" autocomplete=\"email\" aria-required=\"true\" aria-invalid=\"false\" value=\"\" type=\"email\" name=\"your-email\" \/><\/span> <\/label>\n<\/p>\n<p><label> Objet<br \/>\n<span class=\"wpcf7-form-control-wrap\" data-name=\"your-subject\"><input size=\"40\" maxlength=\"400\" class=\"wpcf7-form-control wpcf7-text wpcf7-validates-as-required\" aria-required=\"true\" aria-invalid=\"false\" value=\"\" type=\"text\" name=\"your-subject\" \/><\/span> <\/label>\n<\/p>\n<p><label> Votre message :<br \/>\n<span class=\"wpcf7-form-control-wrap\" data-name=\"your-message\"><textarea cols=\"40\" rows=\"10\" maxlength=\"2000\" class=\"wpcf7-form-control wpcf7-textarea\" aria-invalid=\"false\" name=\"your-message\"><\/textarea><\/span> <\/label>\n<\/p>\n\n<p><input class=\"wpcf7-form-control wpcf7-submit has-spinner\" type=\"submit\" value=\"Envoyer\" \/>\n<\/p><div class=\"wpcf7-response-output\" aria-hidden=\"true\"><\/div>\n<\/form>\n<\/div>\n<\/div>\n\t\t\t\t\t\t<\/div>\n\t\t\t\t<\/div>\n\t\t\t\t\t<\/div>\n\t\t<\/div>\n\t\t\t\t\t<\/div>\n\t\t<\/section>\n\t\t<div class=\"elementor-element elementor-element-ba4297e e-flex e-con-boxed e-con e-parent\" data-id=\"ba4297e\" data-element_type=\"container\" data-e-type=\"container\">\n\t\t\t\t\t<div class=\"e-con-inner\">\n\t\t\t\t<div class=\"elementor-element elementor-element-e4aa8a6 elementor-widget elementor-widget-text-editor\" data-id=\"e4aa8a6\" data-element_type=\"widget\" data-e-type=\"widget\" data-widget_type=\"text-editor.default\">\n\t\t\t\t<div class=\"elementor-widget-container\">\n\t\t\t\t\t\t\t\t\t<p><strong>Les informations recueillies sur ce formulaire font l\u2019objet d\u2019un traitement par le Club Subaquatique d\u2019Annecy. Ces donn\u00e9es sont exclusivement destin\u00e9es \u00e0 un usage interne aux fins de r\u00e9pondre \u00e0 votre demande. Elles ne sont pas conserv\u00e9es au-del\u00e0 des d\u00e9lais r\u00e8glementaires en vigueur.<\/strong><\/p><p><strong>Conform\u00e9ment \u00e0 la l\u00e9gislation relative \u00e0 la protection des donn\u00e9es personnelles, vous disposez de droits d\u2019opposition, d\u2019acc\u00e8s, de rectification, de retrait de votre consentement et de suppression des donn\u00e9es qui vous concernent en vous adressant au Club Subaquatique d\u2019Annecy par courrier \u00e0 l\u2019adresse\u00a0: <a href=\"https:\/\/www.google.com\/maps\/search\/33+rue+des+Marquisats+%E2%80%93+74000+Annecy?entry=gmail&amp;source=g\">33 rue des Marquisats \u2013 74000 Annecy<\/a> ou par courriel \u00e0 <span style=\"color: #1962a1;\"><a style=\"color: #1962a1;\" href=\"mailto:contact@club-subaquatique-annecy.fr\">contact@club-subaquatique-annecy.fr<\/a><\/span> et ce, en justifiant de votre identit\u00e9.<\/strong><\/p><p><strong>Pour plus d\u2019informations sur la gestion de vos donn\u00e9es, vous pouvez consulter notre <a href=\"https:\/\/www.club-subaquatique-annecy.fr\/csa\/politique-de-confidentialite-2\"><span style=\"color: #1962a1;\">Politique de Confidentialit\u00e9<\/span><\/a><\/strong><\/p>\t\t\t\t\t\t\t\t<\/div>\n\t\t\t\t<\/div>\n\t\t\t\t\t<\/div>\n\t\t\t\t<\/div>\n\t\t\t\t<\/div>\n\t\t","protected":false},"excerpt":{"rendered":"<p>Formation Niveau 3 C\u2019est le niveau qui permet les plus larges pr\u00e9rogatives pour le plongeur autonome, en plong\u00e9e \u00e0 l\u2019air, car il permet de plonger jusqu&#8217;\u00e0 60 m en France. Il correspond \u00e0 un niveau 3 \u00e9toiles CMAS, dont les pr\u00e9rogatives sont adapt\u00e9es aux diff\u00e9rentes l\u00e9gislations internationales. La formation N3 au CSA s\u2019organise sur 4 [&hellip;]<\/p>\n","protected":false},"author":2,"featured_media":0,"parent":0,"menu_order":0,"comment_status":"closed","ping_status":"closed","template":"page-templates\/template-default.php","meta":{"footnotes":""},"class_list":["post-1898","page","type-page","status-publish","hentry"],"_links":{"self":[{"href":"https:\/\/www.club-subaquatique-annecy.fr\/csa\/wp-json\/wp\/v2\/pages\/1898","targetHints":{"allow":["GET"]}}],"collection":[{"href":"https:\/\/www.club-subaquatique-annecy.fr\/csa\/wp-json\/wp\/v2\/pages"}],"about":[{"href":"https:\/\/www.club-subaquatique-annecy.fr\/csa\/wp-json\/wp\/v2\/types\/page"}],"author":[{"embeddable":true,"href":"https:\/\/www.club-subaquatique-annecy.fr\/csa\/wp-json\/wp\/v2\/users\/2"}],"replies":[{"embeddable":true,"href":"https:\/\/www.club-subaquatique-annecy.fr\/csa\/wp-json\/wp\/v2\/comments?post=1898"}],"version-history":[{"count":31,"href":"https:\/\/www.club-subaquatique-annecy.fr\/csa\/wp-json\/wp\/v2\/pages\/1898\/revisions"}],"predecessor-version":[{"id":4285,"href":"https:\/\/www.club-subaquatique-annecy.fr\/csa\/wp-json\/wp\/v2\/pages\/1898\/revisions\/4285"}],"wp:attachment":[{"href":"https:\/\/www.club-subaquatique-annecy.fr\/csa\/wp-json\/wp\/v2\/media?parent=1898"}],"curies":[{"name":"wp","href":"https:\/\/api.w.org\/{rel}","templated":true}]}}