{"id":1998,"date":"2024-11-25T14:48:13","date_gmt":"2024-11-25T13:48:13","guid":{"rendered":"https:\/\/www.club-subaquatique-annecy.fr\/csa\/?page_id=1998"},"modified":"2024-11-25T14:55:11","modified_gmt":"2024-11-25T13:55:11","slug":"politique-cookies","status":"publish","type":"page","link":"https:\/\/www.club-subaquatique-annecy.fr\/csa\/politique-cookies","title":{"rendered":"Politique de cookies"},"content":{"rendered":"\t\t<div data-elementor-type=\"wp-page\" data-elementor-id=\"1998\" class=\"elementor elementor-1998\" data-elementor-post-type=\"page\">\n\t\t\t\t<div class=\"elementor-element elementor-element-4a55437f e-flex e-con-boxed e-con e-parent\" data-id=\"4a55437f\" data-element_type=\"container\" data-e-type=\"container\">\n\t\t\t\t\t<div class=\"e-con-inner\">\n\t\t\t\t<div class=\"elementor-element elementor-element-37d8d9b9 elementor-widget elementor-widget-text-editor\" data-id=\"37d8d9b9\" data-element_type=\"widget\" data-e-type=\"widget\" data-widget_type=\"text-editor.default\">\n\t\t\t\t<div class=\"elementor-widget-container\">\n\t\t\t\t\t\t\t\t\t<p>\u00a0<\/p><h1><a name=\"_Toc512619325\"><\/a>Cookies<\/h1><p>Le Club Subaquatique d\u2019Annecy s\u2019attache \u00e0 prot\u00e9ger vos informations personnelles et \u00e0 adopter une d\u00e9marche claire et transparente quant aux informations que nous collectons et \u00e0 la mani\u00e8re dont nous les utilisons. Cette politique explique la fa\u00e7on dont nous g\u00e9rons les cookies et autres traceurs lorsque vous utilisez notre site web ou nos services digitaux et la mani\u00e8re dont vous pouvez g\u00e9rer vos pr\u00e9f\u00e9rences.<\/p><p>A l\u2019ouverture d\u2019une page de notre site Internet, vous avez vu un message vous indiquant la pr\u00e9sence de Cookies sur notre site. Ces fichiers \u00ab\u00a0Cookies\u00a0\u00bb, \u00e9galement appel\u00e9s traceurs, sont install\u00e9s sur votre terminal (Ordinateur, Smartphone, Tablette, etc.) afin de collecter des informations relatives \u00e0 votre navigation. Vous trouverez ci-dessous des explications ainsi que les moyens de configurer les cookies selon vos choix.<\/p><p>Si vous souhaitez en savoir plus sur la facon dont nous traitons nos donn\u00e9es personnelles vous pouvez vous r\u00e9f\u00e9rer \u00e0 la politique de confidentialit\u00e9 pr\u00e9sente sur ce site ou bien nous contacter par le biais du formulaire de contact pr\u00e9sent sur le site <a href=\"https:\/\/www.club-subaquatique-annecy.fr\/\">https:\/\/www.club-subaquatique-annecy.fr\/<\/a>.<\/p><h1><a name=\"_Toc512619326\"><\/a>Pr\u00e9sentation des cookies<\/h1><p>Lors de chacune de vos visites sur nos sites et applications mobiles, nous recueillons des informations relatives \u00e0 votre connexion et \u00e0 votre navigation. Diff\u00e9rentes technologies peuvent \u00eatre mises en \u0153uvre pour recueillir ces donn\u00e9es. Que ce soit des cookies, des traceurs ou toute technologie similaire reposant sur l\u2019acc\u00e8s au terminal que vous utilisez pour y d\u00e9poser et lire des cookies, ils seront d\u00e9sign\u00e9s de fa\u00e7on g\u00e9n\u00e9rique \u00ab cookie \u00bb.<\/p><p>Les cookies permettent d\u2019am\u00e9liorer les sites Internet ainsi que les applications mobiles et tablettes pour vous offrir un meilleur service adapt\u00e9 \u00e0 vos centres d\u2019int\u00e9r\u00eats. Ainsi diff\u00e9rents types de cookies peuvent \u00eatre utilis\u00e9s et certains peuvent n\u00e9cessiter le consentement pr\u00e9alable de l\u2019internaute (cookies de type publicitaire par exemple).<\/p><p>Lorsque vous arrivez pour la premi\u00e8re fois sur le pr\u00e9sent site Internet un dispositif permettant de g\u00e9rer le consentement des utilisateurs renvoie sur cette page qui vous donne toutes informations sur les cookies qui sont alors utilis\u00e9s.<\/p><p>Dans tous les cas, vous avez le contr\u00f4le de ces cookies. Vous avez la possibilit\u00e9 de les refuser, de les configurer ou de les supprimer.<\/p><p><strong>Donn\u00e9es recueillies par l\u2019interm\u00e9diaire de cookies<\/strong><\/p><p>Un cookie est un fichier texte d\u00e9pos\u00e9 lors de la consultation d\u2019un site, d\u2019une application mobile ou d\u2019une publicit\u00e9 en ligne et stock\u00e9 dans un espace sp\u00e9cifique du disque dur de votre ordinateur ou de votre appareil mobile. Les cookies sont g\u00e9r\u00e9s par votre navigateur Internet ou l\u2019application mobile que vous utilisez, et seul l\u2019\u00e9metteur d\u2019un cookie peut d\u00e9cider de la lecture ou de la modification des informations qui y sont contenues.<\/p><p>Un cookie a une dur\u00e9e de validit\u00e9 limit\u00e9e. Son d\u00e9p\u00f4t et son stockage sur votre terminal se font dans le respect de la l\u00e9gislation applicable et sous r\u00e9serve des choix que vous avez exprim\u00e9s et que vous pouvez modifier \u00e0 tout moment, dans les conditions pr\u00e9cis\u00e9es ci-apr\u00e8s.<\/p><p>Un cookie ne vous identifie pas personnellement. Il permet \u00e0 son \u00e9metteur de reconna\u00eetre votre terminal et de collecter un certain nombre d\u2019informations relatives \u00e0 la navigation effectu\u00e9e depuis ce terminal.<\/p><p>Les cookies ont plusieurs fonctions, telles que vous permettre de naviguer efficacement sur un site ou une application mobile, se souvenir de vos choix, des biens et services que vous souhaitez acheter, vous proposer des contenus publicitaires pertinents en fonction de vos centres d\u2019int\u00e9r\u00eats exprim\u00e9s lors de votre navigation. Vous trouverez de plus amples informations sur les cookies sur les sites suivants :<\/p><ul><li><a href=\"https:\/\/www.cnil.fr\/fr\/site-web-cookies-et-autres-traceurs\" target=\"_blank\" rel=\"noopener\">cnil.fr <\/a><\/li><li><a href=\"http:\/\/www.allaboutcookies.org\/fr\/\" target=\"_blank\" rel=\"noopener\">allaboutcookies.org\/fr\/<\/a><\/li><li><a href=\"http:\/\/www.youronlinechoices.eu\/\" target=\"_blank\" rel=\"noopener\">youronlinechoices.eu<\/a><\/li><\/ul><p>Les cookies que nous d\u00e9posons, sous r\u00e9serve de vos choix, nous donnent acc\u00e8s notamment aux informations suivantes\u00a0:<\/p><ul><li>Identifiants de l\u2019\u00e9quipement que vous utilisez (adresse IP de votre ordinateur, identifiant du service de connexion, etc.),<\/li><li>Type de syst\u00e8me d\u2019exploitation utilis\u00e9 par votre terminal<\/li><li>Type et version du logiciel de navigation utilis\u00e9 par votre terminal<\/li><li>Dates et heures de connexion \u00e0 nos services,<\/li><li>Adresse de la page Internet de provenance (\u00ab\u00a0referrer\u00a0\u00bb),<\/li><li>Donn\u00e9es de navigation sur nos services, contenus visionn\u00e9s.<\/li><\/ul><p><strong>Donn\u00e9es recueillies par des technologies standard d\u2019Internet<\/strong><\/p><p>Nous sommes \u00e9galement susceptibles d\u2019utiliser des technologies standard d\u2019Internet, tels que des scripts, des pixels et des redirections. Les scripts (parfois appel\u00e9s tags), \u00e9crits en langage javascript, sont des programmes qui s\u2019ex\u00e9cutent dans votre navigateur ou votre application mobile et effectuent diff\u00e9rentes actions, par exemple envoyer une information \u00e0 nos serveurs. Les scripts sont \u00e9galement capables de cr\u00e9er des pixels. Les pixels sont des lignes de code qui permettent d\u2019afficher une image graphique (g\u00e9n\u00e9ralement invisible) sur une page Web ou dans un e-mail. Les redirections permettent de rendre une page Web disponible sous plusieurs adresses de page (URL). Lorsqu\u2019un navigateur ouvre une URL de redirection, une page avec une URL diff\u00e9rente est ouverte.<\/p><p>Le but de ces technologies est d\u2019am\u00e9liorer votre exp\u00e9rience sur nos sites et applications, y compris pour vous fournir un contenu personnalis\u00e9 selon vos centres d\u2019int\u00e9r\u00eats.<\/p><p>Ces technologies nous donnent acc\u00e8s notamment aux informations suivantes\u00a0:<\/p><ul><li>Informations relatives \u00e0 votre utilisation de nos sites et applications\u00a0;<\/li><li>Informations relatives \u00e0 la pr\u00e9sence de cookies sur votre terminal, sur l\u2019heure et la date de consultation d\u2019une page, et une description de la page o\u00f9 la balise Web est mise\u00a0;<\/li><li>Informations sur la lecture ou non des e-mails que nous vous adressons, sur les clics que vous faites sur les liens contenus dans ces e-mails.<\/li><\/ul><p>Nos sites et applications mobiles peuvent \u00e9galement inclure des scripts, des pixels et des redirections de tiers. Ces technologies permettent aux fournisseurs de services tiers de collecter certaines informations telles que votre type de navigateur, et la page Web qui vous a redirig\u00e9 sur nos sites Internet ou applications mobiles. Ces fournisseurs de services tiers traitent les informations qu\u2019ils collectent dans un but d\u2019audit, de recherche, et pour d\u00e9clarer l\u2019information sur nos sites et applications et sur les publicit\u00e9s regard\u00e9es sur ceux-ci. Nous ne partageons pas vos donn\u00e9es d\u2019identification avec ces tiers dans le cadre de leur usage de ces technologies.<\/p><p><strong>Donn\u00e9es fournies par les appareils mobiles<\/strong><\/p><p>Certains appareils mobiles, en fonction des autorisations que vous avez accord\u00e9es \u00e0 l\u2019application mobile et que vous pouvez modifier \u00e0 tout moment (par exemple : \u00ab notification \u00bb ou \u00ab G\u00e9olocalisation \u00bb), envoient des informations, notamment : mod\u00e8le de votre t\u00e9l\u00e9phone, version de son syst\u00e8me d\u2019exploitation, type de connectivit\u00e9, nom et version de l\u2019application utilis\u00e9e.<\/p><p>Ces donn\u00e9es, n\u00e9cessaires au bon fonctionnement des applications mobiles que nous \u00e9ditons, sont trait\u00e9es automatiquement par nos serveurs et ceux de certains de nos partenaires pour pouvoir vous fournir un service et des publicit\u00e9s adapt\u00e9s aux caract\u00e9ristiques techniques de votre appareil et mesurer l\u2019audience de nos applications mobiles.<\/p><p>Par ailleurs, si vous avez accept\u00e9 cette fonctionnalit\u00e9, nous sommes en mesure d\u2019identifier l\u2019emplacement physique de votre appareil (g\u00e9olocalisation), notamment pour vous informer sur des contenus ou des offres que nous pensons en ad\u00e9quation avec vos attentes ou vos centres d\u2019int\u00e9r\u00eat ou pour am\u00e9liorer votre exp\u00e9rience sur nos applications mobiles. Conform\u00e9ment \u00e0 la loi applicable, les fonctions de g\u00e9olocalisation peuvent \u00eatre d\u00e9sactiv\u00e9es \u00e0 tout moment dans les param\u00e8tres syst\u00e8me de votre appareil.<\/p><h1><a name=\"_Toc512619328\"><\/a>Comment g\u00e9rer les cookies ?<\/h1><p>Plusieurs possibilit\u00e9s vous sont offertes pour g\u00e9rer les cookies. Tout param\u00e9trage que vous pouvez entreprendre sera susceptible de modifier votre navigation sur Internet et vos conditions d\u2019acc\u00e8s \u00e0 certains services n\u00e9cessitant l\u2019utilisation de Cookies.<\/p><p>Vous pouvez faire le choix \u00e0 tout moment d\u2019exprimer et de modifier vos souhaits en mati\u00e8re de cookies, par les moyens d\u00e9crits ci-dessous.\u00a0<\/p><h1><a name=\"_Toc512619329\"><\/a>Param\u00e9trage des cookies<\/h1><ol><li><strong> Param\u00e9trage de votre navigateur<\/strong><\/li><\/ol><p>Chaque navigateur peut \u00eatre configur\u00e9 pour autoriser ou non la pr\u00e9sence de cookies sur votre terminal pour refl\u00e9ter votre consentement \u00e0 l&#8217;utilisation des cookies. De plus, la plupart des navigateurs vous permettent \u00e9galement de supprimer les cookies. Pour en savoir plus sur les commandes du navigateur, veuillez consulter la documentation relative \u00e0 votre navigateur.<\/p><p>Pour en savoir plus sur le param\u00e9trage de vos pr\u00e9f\u00e9rences navigateur, vous pouvez \u00e9galement visiter le site Web suivant : <a href=\"https:\/\/www.youronlinechoices.com\/\" target=\"_blank\" rel=\"noopener\">https:\/\/www.youronlinechoices.com\/<\/a>.<\/p><ol start=\"2\"><li><strong> Par\u00e9m\u00e9trage via le gestionnaire de cookie int\u00e9gr\u00e9 au site<\/strong><\/li><\/ol><p>Vous pouvez \u00e9galement param\u00e9trer directement vos choix sur les plateformes qui posent les cookies via le gestionnaire de cookie qui s\u2019affiche lors de votre connexion \u00e0 la plateforme.<\/p><p>Le pr\u00e9sent site dispose d\u2019un module permettant de g\u00e9rer le consentement des utilisateurs de son site web ou application avant le d\u00e9p\u00f4t ou la lecture des cookies.<\/p><p>Lors de votre premi\u00e8re visite sur notre site ou application, une fen\u00eatre d\u2019information vous permettra de nous indiquer votre choix. Vous pouvez les accepter, les param\u00e9trer, les refuser ou encore acc\u00e9der \u00e0 notre politique de gestion des cookies en cliquant sur les boutons mis \u00e0 disposition dans notre module de gestion du consentement.<\/p><p>Le module de gestion du consentement vous permet d\u2019indiquer votre pr\u00e9f\u00e9rence soit globalement, soit par finalit\u00e9s de cookies, soit encore par cat\u00e9gories de partenaires. Vous avez \u00e9galement acc\u00e8s pour l\u2019ensemble des partenaires \u00e0 leur politique de confidentialit\u00e9.<\/p><p>Votre consentement est valable pour une dur\u00e9e n\u2019exc\u00e9dant pas la dur\u00e9e de conservation du cookie au regard de sa finalit\u00e9 et de la r\u00e9glementation applicable. De m\u00eame, si vous refuser les cookies, votre choix sera \u00e9galement conserv\u00e9 pendant une dur\u00e9e d\u00e9finie. A l\u2019expiration de ce d\u00e9lai, ou si vous supprimez le cookie li\u00e9 \u00e0 la conservation de votre choix, le module de gestion du consentement vous sera propos\u00e9 \u00e0 nouveau.<\/p><p>Vous \u00eates libre d\u2019accepter ou de refuser les cookies mais sachez qu\u2019un refus pourrait rendre votre navigation sur notre site Internet moins conviviale et avec un contenu moins pertinent.<\/p><p>Quel que soit votre choix initial, vous pouvez toujours \u00e0 tout moment le modifier en cliquant le bouton \u00ab gestion des cookies \u00bb de la pr\u00e9sente Politique relative aux Cookies ou sur l\u2019onglet \u00ab Cookies \u00bb situ\u00e9 en bas de chaque page de notre site Internet.<\/p><h1>Type de cookies<\/h1><p>Les cookies peuvent \u00eatre class\u00e9s de diff\u00e9rentes mani\u00e8res\u00a0:<\/p><ul><li>Selon leurs dur\u00e9es de conservation\u00a0:<ul><li><strong>Cookie de \u00ab\u00a0session\u00a0\u00bb<\/strong>: il s\u2019agit de cookies qui s&#8217;efface lorsque l&#8217;utilisateur ferme le navigateur.<\/li><li><strong>Cookie \u00ab\u00a0persistant\u00a0\u00bb<\/strong>: il s\u2019agit d\u2019un cookie qui reste sur l&#8217;ordinateur\/appareil de l&#8217;utilisateur pour une dur\u00e9e pr\u00e9d\u00e9finie apr\u00e8s la fermeture de la session de navigation. La dur\u00e9e de conservation maximale est fix\u00e9e par la CNIL et ne peut exc\u00e9der 13 mois apr\u00e8s son d\u00e9p\u00f4t.<\/li><\/ul><\/li><li>Selon leurs provenances\u00a0:<ul><li><strong>Des cookies \u00ab\u00a0de premier niveau\u00a0\u00bb\u00a0: <\/strong>ils sont plac\u00e9s directement par l\u2019\u00e9diteur du site ou ses prestataires de service.<\/li><li><strong>Des cookies \u00ab\u00a0tiers\u00a0\u00bb\u00a0: <\/strong>ils sont plac\u00e9s par des partenaires que l\u2019\u00e9diteur du site a autoris\u00e9s (par exemple une r\u00e9gie publicitaire). Lorsqu\u2019ils ont recours \u00e0 des cookies, ces partenaires tiers sont responsables des cookies qu&#8217;ils mettent en \u0153uvre. Nous vous invitons \u00e0 consulter leurs politiques de gestion des cookies. Vous pouvez \u00e9galement utiliser leurs propres outils de recueil et de gestion du consentement pour param\u00e9trer vos pr\u00e9f\u00e9rences.<\/li><\/ul><\/li><li>Selon les grandes finalit\u00e9s\u00a0:<ul><li>Les cookies peuvent r\u00e9pondrent \u00e0 plusieurs objectifs. L\u2019intitul\u00e9 des finalit\u00e9s peut varier d\u2019un acteur \u00e0 un autre. Elles peuvent \u00eatre regroup\u00e9es dans les cat\u00e9gories d\u00e9finies ci-apr\u00e8s.<\/li><\/ul><\/li><\/ul><p><strong><em>Cookies strictement n\u00e9cessaires<\/em><\/strong><\/p><p>Les cookies strictement n\u00e9cessaires \u00e0 la fourniture d\u2019un service de communication en ligne par voie \u00e9lectronique sont indispensables au bon fonctionnement du site Internet. Leur d\u00e9sactivation entra\u00eene des difficult\u00e9s importantes dans l\u2019utilisation du site, voir l\u2019impossibilit\u00e9 de recourir aux services qu\u2019il propose. De nombreuses finalit\u00e9s sont couvertes par ces cookies. Ils permettent par exemple d\u2019identifier les terminaux pour acheminer la communication, de num\u00e9roter les \u00ab\u00a0paquets\u00a0\u00bb de donn\u00e9es pour les acheminer dans l\u2019ordre voulu, de d\u00e9tecter les erreurs de transmission ou les pertes de donn\u00e9es, garder en m\u00e9moire le contenu d\u2019un panier le temps de la session, personnaliser l\u2019interface utilisateur (langue, pr\u00e9sentation d\u2019un service) ou encore \u00e0 l\u2019authentification aupr\u00e8s d\u2019un service.\u00a0<\/p><p>Ces cookies permettent \u00e9galement de conserver le choix exprim\u00e9 par les utilisateurs concernant leurs pr\u00e9f\u00e9rences en mati\u00e8re de d\u00e9p\u00f4t et lecture de cookies de mani\u00e8re \u00e0 ne pas les solliciter \u00e0 nouveau pendant un laps de temps d\u00e9fini.<\/p><p>Ces cookies et traceurs sont mis en \u0153uvre sur la base de l\u2019int\u00e9r\u00eat l\u00e9gitime du responsable de traitement Parce qu\u2019ils sont strictement n\u00e9cessaires \u00e0 votre navigation, votre consentement pr\u00e9alable n\u2019est pas requis. Ces cookies ne sont pas g\u00e9r\u00e9s par notre module de gestion du consentement.<\/p><p><strong><em>Cookies et traceurs fonctionnels<\/em><\/strong><\/p><p>Les cookies fonctionnels sont utilis\u00e9s pour am\u00e9liorer votre exp\u00e9rience de navigation. Ils se souviennent des choix que vous effectuez (votre nom d\u2019utilisateur, sauvegarde des derni\u00e8res options d\u2019itin\u00e9raire par exemple) et fournissent des services personnalis\u00e9s. Gr\u00e2ce \u00e0 ces cookies, vous n\u2019avez pas \u00e0 saisir, certaines informations, chaque fois que vous vous connectez sur notre site ou application. Ils peuvent m\u00e9moriser les changements que vous avez effectu\u00e9s \u00e0 propos de la taille du texte, la police ou d\u2019autres parties de pages web pouvant \u00eatre personnalis\u00e9es.<\/p><p>Les cookies fonctionnels ne seront pas utilis\u00e9s pour vous faire parvenir des publicit\u00e9s sur notre site ou sur d\u2019autres sites internet.<\/p><p>Vous \u00eates libre de les accepter ou de les refuser, mais en les bloquant, il est \u00e9galement possible que vos s\u00e9lections pr\u00e9c\u00e9dentes de services ne soient pas gard\u00e9es en m\u00e9moire. Ces cookies sont mis en \u0153uvre sur la base de votre consentement pr\u00e9alable.<\/p><p>\u00a0<\/p><p><strong><em>Cookies de statistiques ou de mesure d\u2019audience<\/em><\/strong><\/p><p>Les cookies de mesure d\u2019audience sont utilis\u00e9s pour am\u00e9liorer la performance d\u2019utilisation des sites Internet. Les donn\u00e9es collect\u00e9es permettent de fournir des donn\u00e9es statistiques anonymes de fr\u00e9quentation (le nombre de visiteurs et pages visit\u00e9es, le temps de visite, les messages d\u2019erreur, le nombre de visites, leur fr\u00e9quence de retour&#8230;) \u00bb.<\/p><p>Les cookies d&#8217;analyse peuvent \u00eatre install\u00e9s et g\u00e9r\u00e9s par des partenaires qui poursuivent des finalit\u00e9s additionnelles. Leur utilisation peut cependant \u00eatre limit\u00e9e par le responsable du pr\u00e9sent site aux seules fins des statistiques analytiques demand\u00e9es.<\/p><p>Vous \u00eates libre de les accepter ou de les refuser, mais en les bloquant, l\u2019\u00e9diteur du site disposera de moins d\u2019informations pour am\u00e9liorer la performance de son site. Ces cookies sont mis en \u0153uvre sur la base de votre consentement pr\u00e9alable ou de notre int\u00e9r\u00eat l\u00e9gitime lorsqu\u2019ils remplissent les conditions pour \u00eatre exempt\u00e9s du consentement.<\/p><p><strong><em>Cookies de r\u00e9seaux sociaux g\u00e9n\u00e9r\u00e9s par les boutons de partage de r\u00e9seaux sociaux<\/em><\/strong><\/p><p>Ce sont ce que l\u2019on appelle des plugins sociaux (ci-apr\u00e8s : boutons) renvoyant \u00e0 des r\u00e9seaux sociaux tels que Facebook, Instagramm ou YouTube.\u00a0 Ils permettent de mettre \u00e0 disposition des fonctionnalit\u00e9s permettant de partager des contenus \u00e0 travers les sites de r\u00e9seaux sociaux. Les Cookies de r\u00e9seaux sociaux sont g\u00e9r\u00e9s par l\u2019\u00e9diteur du site du r\u00e9seau social. Vous \u00eates invit\u00e9 \u00e0 prendre connaissance de la politique de gestion des Cookies de r\u00e9seaux sociaux sur les sites concern\u00e9s. Ces cookies ne peuvent \u00eatre mis en \u0153uvre uniquement sur la base de votre consentement pr\u00e9alable.<\/p><p>\u00a0<\/p>\t\t\t\t\t\t\t\t<\/div>\n\t\t\t\t<\/div>\n\t\t\t\t\t<\/div>\n\t\t\t\t<\/div>\n\t\t\t\t<\/div>\n\t\t","protected":false},"excerpt":{"rendered":"<p>\u00a0 Cookies Le Club Subaquatique d\u2019Annecy s\u2019attache \u00e0 prot\u00e9ger vos informations personnelles et \u00e0 adopter une d\u00e9marche claire et transparente quant aux informations que nous collectons et \u00e0 la mani\u00e8re dont nous les utilisons. Cette politique explique la fa\u00e7on dont nous g\u00e9rons les cookies et autres traceurs lorsque vous utilisez notre site web ou nos [&hellip;]<\/p>\n","protected":false},"author":2,"featured_media":0,"parent":0,"menu_order":0,"comment_status":"closed","ping_status":"closed","template":"","meta":{"footnotes":""},"class_list":["post-1998","page","type-page","status-publish","hentry"],"_links":{"self":[{"href":"https:\/\/www.club-subaquatique-annecy.fr\/csa\/wp-json\/wp\/v2\/pages\/1998","targetHints":{"allow":["GET"]}}],"collection":[{"href":"https:\/\/www.club-subaquatique-annecy.fr\/csa\/wp-json\/wp\/v2\/pages"}],"about":[{"href":"https:\/\/www.club-subaquatique-annecy.fr\/csa\/wp-json\/wp\/v2\/types\/page"}],"author":[{"embeddable":true,"href":"https:\/\/www.club-subaquatique-annecy.fr\/csa\/wp-json\/wp\/v2\/users\/2"}],"replies":[{"embeddable":true,"href":"https:\/\/www.club-subaquatique-annecy.fr\/csa\/wp-json\/wp\/v2\/comments?post=1998"}],"version-history":[{"count":7,"href":"https:\/\/www.club-subaquatique-annecy.fr\/csa\/wp-json\/wp\/v2\/pages\/1998\/revisions"}],"predecessor-version":[{"id":2010,"href":"https:\/\/www.club-subaquatique-annecy.fr\/csa\/wp-json\/wp\/v2\/pages\/1998\/revisions\/2010"}],"wp:attachment":[{"href":"https:\/\/www.club-subaquatique-annecy.fr\/csa\/wp-json\/wp\/v2\/media?parent=1998"}],"curies":[{"name":"wp","href":"https:\/\/api.w.org\/{rel}","templated":true}]}}