{"id":2153,"date":"2024-11-29T18:54:29","date_gmt":"2024-11-29T17:54:29","guid":{"rendered":"https:\/\/www.club-subaquatique-annecy.fr\/csa\/?page_id=2153"},"modified":"2025-11-25T16:05:39","modified_gmt":"2025-11-25T15:05:39","slug":"pass-jeune","status":"publish","type":"page","link":"https:\/\/www.club-subaquatique-annecy.fr\/csa\/pass-jeune","title":{"rendered":"Pass&#8217;Jeune"},"content":{"rendered":"\t\t<div data-elementor-type=\"wp-page\" data-elementor-id=\"2153\" class=\"elementor elementor-2153\" data-elementor-post-type=\"page\">\n\t\t\t\t\t\t<section class=\"elementor-section elementor-top-section elementor-element elementor-element-508b773 elementor-section-boxed elementor-section-height-default elementor-section-height-default\" data-id=\"508b773\" data-element_type=\"section\" data-e-type=\"section\">\n\t\t\t\t\t\t<div class=\"elementor-container elementor-column-gap-default\">\n\t\t\t\t\t<div class=\"elementor-column elementor-col-100 elementor-top-column elementor-element elementor-element-62b6915\" data-id=\"62b6915\" data-element_type=\"column\" data-e-type=\"column\">\n\t\t\t<div class=\"elementor-widget-wrap elementor-element-populated\">\n\t\t\t\t\t\t<div class=\"elementor-element elementor-element-304475a animated-slow elementor-invisible elementor-widget elementor-widget-section-title\" data-id=\"304475a\" data-element_type=\"widget\" data-e-type=\"widget\" data-settings=\"{&quot;_animation&quot;:&quot;fadeInRight&quot;}\" data-widget_type=\"section-title.default\">\n\t\t\t\t<div class=\"elementor-widget-container\">\n\t\t\t\t\t\r\n\t\t\r\n\t\t\t<div class=\"section-title style1 center\">\r\n\t\t\t\t\t\t\t\t\r\n\t\t\t\t \r\n\t\t\t\t\t<h3 class=\"title\">Pass'Jeune Annecy<\/h3>\r\n\t\t\t\t\t\t\t\t\r\n\t\t\t\t \r\n\t\t\t\t\t<p class=\"description\">Le Club Subaquatique d\u2019Annecy est partenaire du Pass\u2019jeune 2026 et propose 2 s\u00e9ances de bapt\u00eames.<\/p>\r\n\t\t\t\t\t\t\t<\/div>\r\n\r\n\t\t\r\n\t\t\t\t\t\t<\/div>\n\t\t\t\t<\/div>\n\t\t\t\t<div class=\"elementor-element elementor-element-84a8459 elementor-widget__width-initial elementor-widget elementor-widget-text-editor\" data-id=\"84a8459\" data-element_type=\"widget\" data-e-type=\"widget\" data-widget_type=\"text-editor.default\">\n\t\t\t\t<div class=\"elementor-widget-container\">\n\t\t\t\t\t\t\t\t\t<p><span style=\"color: #808080;\"><img decoding=\"async\" class=\"aligncenter\" src=\"https:\/\/www.club-subaquatique-annecy.fr\/csa\/wp-content\/uploads\/2024\/11\/Pass-jeune-annecy-300x123.jpeg\" alt=\"\" width=\"300\" height=\"123\" \/><\/span><\/p><h4 style=\"text-align: center;\"><span style=\"color: #ff0000;\">Notre op\u00e9ration est victime de son succ\u00e8s avec plus de 45 inscriptions.<br \/><\/span><\/h4><h4 style=\"text-align: center;\"><span style=\"color: #ff0000;\">Nous ne prennons plus d&#8217;incription pour 2026<\/span><\/h4><h4 style=\"text-align: center;\"><span style=\"color: #000080;\">Vivement la saison 2027 pour les prochaines plong\u00e9es Pass&#8217;Jeune !<\/span><\/h4><h4 style=\"text-align: center;\"><span style=\"color: #000080;\">Il n&#8217;y a pas de liste d&#8217;attente, merci de votre compr\u00e9hension<\/span><\/h4><p>Les bapt\u00eames, et particuli\u00e8rement les bapt\u00eames jeunes, nous demandent une logistique et une s\u00e9curit\u00e9 adapt\u00e9es, c\u2019est pourquoi le <span style=\"color: #ff0000;\"><strong>nombre de places est limit\u00e9<\/strong><\/span>.<\/p><h5><span style=\"color: #1962a1;\">Nous vous proposons le choix entre deux dates :<\/span><\/h5><p><span style=\"color: #808080; font-family: Poppins, sans-serif; font-size: 16px; font-style: normal; font-variant-ligatures: normal; font-variant-caps: normal; font-weight: 400;\">&#8211; En piscine, le samedi 28 mars 2026 de 18h \u00e0 20h30 \u00e0 la piscine Jean-R\u00e9gis (rendez-vous : 17h30).<br \/><\/span><span style=\"color: #808080;\"><span style=\"font-family: Poppins, sans-serif; font-size: 16px; font-style: normal; font-variant-ligatures: normal; font-variant-caps: normal; font-weight: 400;\">&#8211; Au lac, le samedi 20 juin 2026 de 9h \u00e0 12h \u00e0 la base nautique des Marquisats (rendez-vous : 8h30)matin.<\/span><\/span><\/p><h5><span style=\"color: #1962a1;\">Pour faire un bapt\u00eame dans le cadre du Pass\u2019jeune,<\/span><\/h5><h5><span style=\"color: #1962a1;\">votre enfant :<\/span><\/h5><p><span style=\"color: #808080;\">&#8211; a envie de le faire ;<br \/>&#8211; <\/span><span style=\"color: #808080;\">doit avoir un Pass\u2019jeune valide ;<br \/>&#8211; <\/span><span style=\"color: #808080;\">doit avoir entre 11 et 16 ans, r\u00e9sidant \u00e0 Annecy ou fr\u00e9quentant un \u00e9tablissement scolaire ann\u00e9cien ;<br \/>&#8211; <\/span><span style=\"color: #808080;\">n\u2019a pas besoin de certificat m\u00e9dical ;<br \/>&#8211; <\/span><span style=\"color: #808080;\"><span style=\"color: #808080;\">doit avoir : un maillot de bain, une serviette et un v\u00eatement chaud pour l\u2019apr\u00e8s-plong\u00e9e (m\u00eame en \u00e9t\u00e9).<\/span><\/span><\/p><h5><span style=\"color: #1962a1;\">vous (parents ou responsables l\u00e9gaux) :<\/span><\/h5><p><span style=\"color: #808080;\">&#8211; devez prendre connaissance pr\u00e9alablement de la liste des contre-indications \u00e0 la plong\u00e9e en cliquant <span style=\"color: #1962a1;\"><a style=\"color: #1962a1;\" href=\"https:\/\/www.club-subaquatique-annecy.fr\/csa\/wp-content\/uploads\/2024\/11\/CIALPESA.pdf\" target=\"_blank\" rel=\"noopener\">ici ;<\/a><br \/>&#8211; <\/span><\/span><span style=\"color: #808080;\">devez signer et apporter l\u2019autorisation parentale disponible <span style=\"color: #1962a1;\"><a style=\"color: #1962a1;\" href=\"https:\/\/www.club-subaquatique-annecy.fr\/csa\/wp-content\/uploads\/2025\/09\/Fiche-bapteme-Enfant.pdf\" target=\"_blank\" rel=\"noopener\">ici ;<\/a><br \/>&#8211; <\/span><\/span><span style=\"color: #808080;\">devez \u00eatre pr\u00e9sent sur le lieu du bapt\u00eame en laissant bien entendu faire le moniteur ;<br \/>&#8211; <\/span><span style=\"color: #808080;\">apporter le Pass\u2019jeune.<\/span><\/p><p style=\"text-align: center;\"><span style=\"color: #ff0000; font-size: 20px;\"><strong><br \/>Le formulaire d&#8217;inscription n&#8217;est plus accessible.<\/strong><\/span><\/p><p style=\"text-align: center;\">Note : nous vous recontacterons deux semaines avant la date du bapt\u00eame.<\/p>\t\t\t\t\t\t\t\t<\/div>\n\t\t\t\t<\/div>\n\t\t\t\t\t<\/div>\n\t\t<\/div>\n\t\t\t\t\t<\/div>\n\t\t<\/section>\n\t\t\t\t<\/div>\n\t\t","protected":false},"excerpt":{"rendered":"<p>Pass&#8217;Jeune Annecy Le Club Subaquatique d\u2019Annecy est partenaire du Pass\u2019jeune 2026 et propose 2 s\u00e9ances de bapt\u00eames. Notre op\u00e9ration est victime de son succ\u00e8s avec plus de 45 inscriptions. Nous ne prennons plus d&#8217;incription pour 2026 Vivement la saison 2027 pour les prochaines plong\u00e9es Pass&#8217;Jeune ! Il n&#8217;y a pas de liste d&#8217;attente, merci de [&hellip;]<\/p>\n","protected":false},"author":2,"featured_media":0,"parent":0,"menu_order":0,"comment_status":"closed","ping_status":"closed","template":"page-templates\/template-default.php","meta":{"footnotes":""},"class_list":["post-2153","page","type-page","status-publish","hentry"],"_links":{"self":[{"href":"https:\/\/www.club-subaquatique-annecy.fr\/csa\/wp-json\/wp\/v2\/pages\/2153","targetHints":{"allow":["GET"]}}],"collection":[{"href":"https:\/\/www.club-subaquatique-annecy.fr\/csa\/wp-json\/wp\/v2\/pages"}],"about":[{"href":"https:\/\/www.club-subaquatique-annecy.fr\/csa\/wp-json\/wp\/v2\/types\/page"}],"author":[{"embeddable":true,"href":"https:\/\/www.club-subaquatique-annecy.fr\/csa\/wp-json\/wp\/v2\/users\/2"}],"replies":[{"embeddable":true,"href":"https:\/\/www.club-subaquatique-annecy.fr\/csa\/wp-json\/wp\/v2\/comments?post=2153"}],"version-history":[{"count":107,"href":"https:\/\/www.club-subaquatique-annecy.fr\/csa\/wp-json\/wp\/v2\/pages\/2153\/revisions"}],"predecessor-version":[{"id":4337,"href":"https:\/\/www.club-subaquatique-annecy.fr\/csa\/wp-json\/wp\/v2\/pages\/2153\/revisions\/4337"}],"wp:attachment":[{"href":"https:\/\/www.club-subaquatique-annecy.fr\/csa\/wp-json\/wp\/v2\/media?parent=2153"}],"curies":[{"name":"wp","href":"https:\/\/api.w.org\/{rel}","templated":true}]}}