{"id":2305,"date":"2024-12-07T20:15:19","date_gmt":"2024-12-07T19:15:19","guid":{"rendered":"https:\/\/www.club-subaquatique-annecy.fr\/csa\/?page_id=2305"},"modified":"2025-04-19T17:50:56","modified_gmt":"2025-04-19T15:50:56","slug":"formation-niveau-2","status":"publish","type":"page","link":"https:\/\/www.club-subaquatique-annecy.fr\/csa\/formation-niveau-2","title":{"rendered":"Formation Niveau 2"},"content":{"rendered":"\t\t<div data-elementor-type=\"wp-page\" data-elementor-id=\"2305\" class=\"elementor elementor-2305\" data-elementor-post-type=\"page\">\n\t\t\t\t\t\t<section class=\"elementor-section elementor-top-section elementor-element elementor-element-209a1c2 elementor-section-boxed elementor-section-height-default elementor-section-height-default\" data-id=\"209a1c2\" data-element_type=\"section\" data-e-type=\"section\">\n\t\t\t\t\t\t<div class=\"elementor-container elementor-column-gap-default\">\n\t\t\t\t\t<div class=\"elementor-column elementor-col-100 elementor-top-column elementor-element elementor-element-bcdccb0\" data-id=\"bcdccb0\" data-element_type=\"column\" data-e-type=\"column\">\n\t\t\t<div class=\"elementor-widget-wrap elementor-element-populated\">\n\t\t\t\t\t\t<div class=\"elementor-element elementor-element-2ca9472 animated-slow elementor-invisible elementor-widget elementor-widget-section-title\" data-id=\"2ca9472\" data-element_type=\"widget\" data-e-type=\"widget\" data-settings=\"{&quot;_animation&quot;:&quot;fadeInRight&quot;}\" data-widget_type=\"section-title.default\">\n\t\t\t\t<div class=\"elementor-widget-container\">\n\t\t\t\t\t\r\n\t\t\r\n\t\t\t<div class=\"section-title style1 center\">\r\n\t\t\t\t\t\t\t\t\r\n\t\t\t\t \r\n\t\t\t\t\t<h3 class=\"title\">Formation Niveau 2<\/h3>\r\n\t\t\t\t\t\t\t\t\r\n\t\t\t\t\t\t\t<\/div>\r\n\r\n\t\t\r\n\t\t\t\t\t\t<\/div>\n\t\t\t\t<\/div>\n\t\t\t\t<div class=\"elementor-element elementor-element-2a44c23 elementor-widget elementor-widget-text-editor\" data-id=\"2a44c23\" data-element_type=\"widget\" data-e-type=\"widget\" data-widget_type=\"text-editor.default\">\n\t\t\t\t<div class=\"elementor-widget-container\">\n\t\t\t\t\t\t\t\t\t<div><p>Le Niveau 1 est d\u00e9j\u00e0 en poche et vous avez envie d\u2019\u00e9largir votre pratique : passez au Niveau 2 !<\/p><p>Le Niveau 2 f\u00e9d\u00e9ral permet la plong\u00e9e en autonomie \u00e0 20 m et encadr\u00e9e jusqu\u2019\u00e0 40 m. Il correspond \u00e0 un niveau 2 \u00e9toiles CMAS et, \u00e0 ce titre, est reconnu partout dans le monde.<\/p><p>Le CSA forme ses plongeurs directement au NIVEAU 2, c\u2019est-\u00e0-dire \u00e0 la fois \u00e0 l\u2019autonomie \u00e0 20 m (comp\u00e9tence PA20) et \u00e0 la plong\u00e9e encadr\u00e9e \u00e0 40 m (PE40).<\/p><p>Le cursus N2 du CSA s\u2019organise sur 4 \u00e0 5 week-ends, en lac, avec quelques s\u00e9ances d\u2019approfondissement des connaissances adapt\u00e9es \u00e0 la pratique. L\u2019assiduit\u00e9 est cl\u00e9 pour la progression.<\/p><p>Le N2 est le premier niveau d\u2019autonomie. Il est donc n\u00e9cessaire que vous commenciez \u00e0 vous \u00e9quiper pour participer \u00e0 cette formation. Nous pourrons, l\u00e0 encore, vous guider, puisque nous vous demanderons d\u2019avoir au minimum le mat\u00e9riel de base (palmes, masque, tuba, gants et chaussons), ainsi qu\u2019un parachute de palier, un d\u00e9tendeur eau froide + manom\u00e8tre, et un ordinateur de plong\u00e9e.<\/p><p>Nous couplons souvent cette formation \u00e0 une qualification NITROX, qui peut aussi \u00eatre valid\u00e9e s\u00e9par\u00e9ment.<\/p><p>Nous organisons 1 session par an pour des groupes de 10 \u00e0 12 plongeurs.<\/p><p>Le NIVEAU 2 vous permettra d\u2019acc\u00e9der aux \u00e9paves et \u00e0 une plus grande vari\u00e9t\u00e9 de sites, soit en autonomie avec d\u2019autres plongeurs de m\u00eame niveau que vous, soit encadr\u00e9 par des Guides de Palanqu\u00e9e qualifi\u00e9s<\/p><p>Rendez-vous sur la<a href=\"https:\/\/www.club-subaquatique-annecy.fr\/csa\/inscriptions-au-csa\">\u00a0<span style=\"color: #000080;\"><span style=\"color: #1962a1;\">page d&#8217;inscription<\/span><\/span><\/a> pour avoir toutes les informations. <strong>Les tarifs des formations sont dans le dossier d&#8217;inscription.<\/strong> Pour toute information compl\u00e9mentaire, n&#8217;h\u00e9sitez pas \u00e0 nous contacter<\/p><hr \/><\/div>\t\t\t\t\t\t\t\t<\/div>\n\t\t\t\t<\/div>\n\t\t\t\t\t<\/div>\n\t\t<\/div>\n\t\t\t\t\t<\/div>\n\t\t<\/section>\n\t\t\t\t<section class=\"elementor-section elementor-top-section elementor-element elementor-element-c30e04f elementor-section-boxed elementor-section-height-default elementor-section-height-default\" data-id=\"c30e04f\" data-element_type=\"section\" data-e-type=\"section\">\n\t\t\t\t\t\t<div class=\"elementor-container elementor-column-gap-default\">\n\t\t\t\t\t<div class=\"elementor-column elementor-col-100 elementor-top-column elementor-element elementor-element-4151941 animated-slow elementor-invisible\" data-id=\"4151941\" data-element_type=\"column\" data-e-type=\"column\" data-settings=\"{&quot;animation&quot;:&quot;fadeInRight&quot;}\">\n\t\t\t<div class=\"elementor-widget-wrap elementor-element-populated\">\n\t\t\t\t\t\t<div class=\"elementor-element elementor-element-011df10 elementor-widget__width-initial elementor-widget elementor-widget-section-title\" data-id=\"011df10\" data-element_type=\"widget\" data-e-type=\"widget\" data-widget_type=\"section-title.default\">\n\t\t\t\t<div class=\"elementor-widget-container\">\n\t\t\t\t\t\r\n\t\t\r\n\t\t\t<div class=\"section-title style1 left\">\r\n\t\t\t\t\t\t\t\t\r\n\t\t\t\t \r\n\t\t\t\t\t<h3 class=\"title\">Une question ?<\/h3>\r\n\t\t\t\t\t\t\t\t\r\n\t\t\t\t \r\n\t\t\t\t\t<p class=\"description\">N'h\u00e9sitez pas \u00e0 nous contacter par mail ou en utilisant le formulaire ci-dessous.<\/p>\r\n\t\t\t\t\t\t\t<\/div>\r\n\r\n\t\t\r\n\t\t\t\t\t\t<\/div>\n\t\t\t\t<\/div>\n\t\t\t\t<div class=\"elementor-element elementor-element-b318b75 elementor-widget__width-initial elementor-widget elementor-widget-shortcode\" data-id=\"b318b75\" data-element_type=\"widget\" data-e-type=\"widget\" data-widget_type=\"shortcode.default\">\n\t\t\t\t<div class=\"elementor-widget-container\">\n\t\t\t\t\t\t\t<div class=\"elementor-shortcode\">\n<div class=\"wpcf7 no-js\" id=\"wpcf7-f6-o1\" lang=\"fr-FR\" dir=\"ltr\" data-wpcf7-id=\"6\">\n<div class=\"screen-reader-response\"><p role=\"status\" aria-live=\"polite\" aria-atomic=\"true\"><\/p> <ul><\/ul><\/div>\n<form action=\"\/csa\/wp-json\/wp\/v2\/pages\/2305#wpcf7-f6-o1\" method=\"post\" class=\"wpcf7-form init\" aria-label=\"Formulaire de contact\" novalidate=\"novalidate\" data-status=\"init\">\n<fieldset class=\"hidden-fields-container\"><input type=\"hidden\" name=\"_wpcf7\" value=\"6\" \/><input type=\"hidden\" name=\"_wpcf7_version\" value=\"6.1.5\" \/><input type=\"hidden\" name=\"_wpcf7_locale\" value=\"fr_FR\" \/><input type=\"hidden\" name=\"_wpcf7_unit_tag\" value=\"wpcf7-f6-o1\" \/><input type=\"hidden\" name=\"_wpcf7_container_post\" value=\"0\" \/><input type=\"hidden\" name=\"_wpcf7_posted_data_hash\" value=\"\" \/><input type=\"hidden\" name=\"_wpcf7_recaptcha_response\" value=\"\" \/>\n<\/fieldset>\n<p><label> Votre nom<br \/>\n<span class=\"wpcf7-form-control-wrap\" data-name=\"your-name\"><input size=\"40\" maxlength=\"400\" class=\"wpcf7-form-control wpcf7-text wpcf7-validates-as-required\" autocomplete=\"name\" aria-required=\"true\" aria-invalid=\"false\" value=\"\" type=\"text\" name=\"your-name\" \/><\/span> <\/label>\n<\/p>\n<p><label> Votre email<br \/>\n<span class=\"wpcf7-form-control-wrap\" data-name=\"your-email\"><input size=\"40\" maxlength=\"400\" class=\"wpcf7-form-control wpcf7-email wpcf7-validates-as-required wpcf7-text wpcf7-validates-as-email\" autocomplete=\"email\" aria-required=\"true\" aria-invalid=\"false\" value=\"\" type=\"email\" name=\"your-email\" \/><\/span> <\/label>\n<\/p>\n<p><label> Objet<br \/>\n<span class=\"wpcf7-form-control-wrap\" data-name=\"your-subject\"><input size=\"40\" maxlength=\"400\" class=\"wpcf7-form-control wpcf7-text wpcf7-validates-as-required\" aria-required=\"true\" aria-invalid=\"false\" value=\"\" type=\"text\" name=\"your-subject\" \/><\/span> <\/label>\n<\/p>\n<p><label> Votre message :<br \/>\n<span class=\"wpcf7-form-control-wrap\" data-name=\"your-message\"><textarea cols=\"40\" rows=\"10\" maxlength=\"2000\" class=\"wpcf7-form-control wpcf7-textarea\" aria-invalid=\"false\" name=\"your-message\"><\/textarea><\/span> <\/label>\n<\/p>\n\n<p><input class=\"wpcf7-form-control wpcf7-submit has-spinner\" type=\"submit\" value=\"Envoyer\" \/>\n<\/p><div class=\"wpcf7-response-output\" aria-hidden=\"true\"><\/div>\n<\/form>\n<\/div>\n<\/div>\n\t\t\t\t\t\t<\/div>\n\t\t\t\t<\/div>\n\t\t\t\t\t<\/div>\n\t\t<\/div>\n\t\t\t\t\t<\/div>\n\t\t<\/section>\n\t\t<div class=\"elementor-element elementor-element-b61206d e-flex e-con-boxed e-con e-parent\" data-id=\"b61206d\" data-element_type=\"container\" data-e-type=\"container\">\n\t\t\t\t\t<div class=\"e-con-inner\">\n\t\t\t\t<div class=\"elementor-element elementor-element-ffe8e13 elementor-widget elementor-widget-text-editor\" data-id=\"ffe8e13\" data-element_type=\"widget\" data-e-type=\"widget\" data-widget_type=\"text-editor.default\">\n\t\t\t\t<div class=\"elementor-widget-container\">\n\t\t\t\t\t\t\t\t\t<p><strong>Les informations recueillies sur ce formulaire font l\u2019objet d\u2019un traitement par le Club Subaquatique d\u2019Annecy. Ces donn\u00e9es sont exclusivement destin\u00e9es \u00e0 un usage interne aux fins de r\u00e9pondre \u00e0 votre demande. Elles ne sont pas conserv\u00e9es au-del\u00e0 des d\u00e9lais r\u00e8glementaires en vigueur.<\/strong><\/p><p><strong>Conform\u00e9ment \u00e0 la l\u00e9gislation relative \u00e0 la protection des donn\u00e9es personnelles, vous disposez de droits d\u2019opposition, d\u2019acc\u00e8s, de rectification, de retrait de votre consentement et de suppression des donn\u00e9es qui vous concernent en vous adressant au Club Subaquatique d\u2019Annecy par courrier \u00e0 l\u2019adresse\u00a0: <a href=\"https:\/\/www.google.com\/maps\/search\/33+rue+des+Marquisats+%E2%80%93+74000+Annecy?entry=gmail&amp;source=g\">33 rue des Marquisats \u2013 74000 Annecy<\/a> ou par courriel \u00e0 <a href=\"mailto:contact@club-subaquatique-annecy.fr\"><span style=\"color: #1962a1;\">contact@club-subaquatique-annecy.fr<\/span><\/a> et ce, en justifiant de votre identit\u00e9.<\/strong><\/p><p><strong>Pour plus d\u2019informations sur la gestion de vos donn\u00e9es, vous pouvez consulter notre <a href=\"https:\/\/www.club-subaquatique-annecy.fr\/csa\/politique-de-confidentialite-2\"><span style=\"color: #1962a1;\">Politique de Confidentialit\u00e9<\/span><\/a><\/strong><\/p>\t\t\t\t\t\t\t\t<\/div>\n\t\t\t\t<\/div>\n\t\t\t\t\t<\/div>\n\t\t\t\t<\/div>\n\t\t\t\t<\/div>\n\t\t","protected":false},"excerpt":{"rendered":"<p>Formation Niveau 2 Le Niveau 1 est d\u00e9j\u00e0 en poche et vous avez envie d\u2019\u00e9largir votre pratique : passez au Niveau 2 ! Le Niveau 2 f\u00e9d\u00e9ral permet la plong\u00e9e en autonomie \u00e0 20 m et encadr\u00e9e jusqu\u2019\u00e0 40 m. Il correspond \u00e0 un niveau 2 \u00e9toiles CMAS et, \u00e0 ce titre, est reconnu partout [&hellip;]<\/p>\n","protected":false},"author":2,"featured_media":0,"parent":0,"menu_order":0,"comment_status":"closed","ping_status":"closed","template":"page-templates\/template-default.php","meta":{"footnotes":""},"class_list":["post-2305","page","type-page","status-publish","hentry"],"_links":{"self":[{"href":"https:\/\/www.club-subaquatique-annecy.fr\/csa\/wp-json\/wp\/v2\/pages\/2305","targetHints":{"allow":["GET"]}}],"collection":[{"href":"https:\/\/www.club-subaquatique-annecy.fr\/csa\/wp-json\/wp\/v2\/pages"}],"about":[{"href":"https:\/\/www.club-subaquatique-annecy.fr\/csa\/wp-json\/wp\/v2\/types\/page"}],"author":[{"embeddable":true,"href":"https:\/\/www.club-subaquatique-annecy.fr\/csa\/wp-json\/wp\/v2\/users\/2"}],"replies":[{"embeddable":true,"href":"https:\/\/www.club-subaquatique-annecy.fr\/csa\/wp-json\/wp\/v2\/comments?post=2305"}],"version-history":[{"count":6,"href":"https:\/\/www.club-subaquatique-annecy.fr\/csa\/wp-json\/wp\/v2\/pages\/2305\/revisions"}],"predecessor-version":[{"id":3527,"href":"https:\/\/www.club-subaquatique-annecy.fr\/csa\/wp-json\/wp\/v2\/pages\/2305\/revisions\/3527"}],"wp:attachment":[{"href":"https:\/\/www.club-subaquatique-annecy.fr\/csa\/wp-json\/wp\/v2\/media?parent=2305"}],"curies":[{"name":"wp","href":"https:\/\/api.w.org\/{rel}","templated":true}]}}