{"id":2312,"date":"2024-12-07T20:15:41","date_gmt":"2024-12-07T19:15:41","guid":{"rendered":"https:\/\/www.club-subaquatique-annecy.fr\/csa\/?page_id=2312"},"modified":"2024-12-13T23:55:32","modified_gmt":"2024-12-13T22:55:32","slug":"infrastructures","status":"publish","type":"page","link":"https:\/\/www.club-subaquatique-annecy.fr\/csa\/infrastructures","title":{"rendered":"Infrastructures"},"content":{"rendered":"\t\t<div data-elementor-type=\"wp-page\" data-elementor-id=\"2312\" class=\"elementor elementor-2312\" data-elementor-post-type=\"page\">\n\t\t\t\t\t\t<section class=\"elementor-section elementor-top-section elementor-element elementor-element-329fa3d elementor-section-boxed elementor-section-height-default elementor-section-height-default\" data-id=\"329fa3d\" data-element_type=\"section\" data-e-type=\"section\">\n\t\t\t\t\t\t<div class=\"elementor-container elementor-column-gap-default\">\n\t\t\t\t\t<div class=\"elementor-column elementor-col-100 elementor-top-column elementor-element elementor-element-d644bdc\" data-id=\"d644bdc\" data-element_type=\"column\" data-e-type=\"column\">\n\t\t\t<div class=\"elementor-widget-wrap elementor-element-populated\">\n\t\t\t\t\t\t<section class=\"elementor-section elementor-inner-section elementor-element elementor-element-23b4b4c elementor-section-boxed elementor-section-height-default elementor-section-height-default\" data-id=\"23b4b4c\" data-element_type=\"section\" data-e-type=\"section\">\n\t\t\t\t\t\t<div class=\"elementor-container elementor-column-gap-default\">\n\t\t\t\t\t<div class=\"elementor-column elementor-col-50 elementor-inner-column elementor-element elementor-element-ddc9271\" data-id=\"ddc9271\" data-element_type=\"column\" data-e-type=\"column\">\n\t\t\t<div class=\"elementor-widget-wrap elementor-element-populated\">\n\t\t\t\t\t\t<div class=\"elementor-element elementor-element-be7b6a6 elementor-widget elementor-widget-section-title\" data-id=\"be7b6a6\" data-element_type=\"widget\" data-e-type=\"widget\" data-widget_type=\"section-title.default\">\n\t\t\t\t<div class=\"elementor-widget-container\">\n\t\t\t\t\t\r\n\t\t\r\n\t\t\t<div class=\"section-title style1 left\">\r\n\t\t\t\t\t\t\t\t\r\n\t\t\t\t \r\n\t\t\t\t\t<h3 class=\"title\"><div id=\"ancre-locaux\">Les Locaux<\/div><\/h3>\r\n\t\t\t\t\t\t\t\t\r\n\t\t\t\t \r\n\t\t\t\t\t<p class=\"description\">Sur le site de la base nautique des Marquisats, la ville d\u2019Annecy met \u00e0 disposition du CSA un local am\u00e9nag\u00e9 pour r\u00e9pondre aux besoins de la plong\u00e9e.\nEn plus des zones de gonflage (air et nitrox), et de stockage de mat\u00e9riels (bouteilles, combinaisons, gilets stabilisateurs, d\u00e9tendeurs\u2026), ce local nous permet d\u2019organiser les plong\u00e9es, de nous \u00e9quiper, et d\u2019acc\u00e9der tr\u00e8s facilement au lac et aux bateaux, en ayant juste quelques m\u00e8tres \u00e0 parcourir.<br>\nPour nous changer, nous disposons de vestiaires, de douches, et de sanitaires.<br>\nNos locaux  disposent \u00e9galement d\u2019un espace \u00ab Convivialit\u00e9 \u00bb anim\u00e9 par des membres b\u00e9n\u00e9voles, ce qui nous permet de discuter, d\u2019\u00e9changer, avant comme apr\u00e8s la plong\u00e9e, mais aussi de c\u00e9l\u00e9brer nos nouveaux dipl\u00f4m\u00e9s, les anniversaires, pr\u00e9parer les fameux repas de nos plong\u00e9es de nuit \u2026.\nIl y a toujours une raison de c\u00e9l\u00e9brer et de partager !\n<\/p>\r\n\t\t\t\t\t\t\t<\/div>\r\n\r\n\t\t\r\n\t\t\t\t\t\t<\/div>\n\t\t\t\t<\/div>\n\t\t\t\t\t<\/div>\n\t\t<\/div>\n\t\t\t\t<div class=\"elementor-column elementor-col-50 elementor-inner-column elementor-element elementor-element-9af52ab\" data-id=\"9af52ab\" data-element_type=\"column\" data-e-type=\"column\">\n\t\t\t<div class=\"elementor-widget-wrap elementor-element-populated\">\n\t\t\t\t\t\t<div class=\"elementor-element elementor-element-4194341 elementor-widget elementor-widget-image\" data-id=\"4194341\" data-element_type=\"widget\" data-e-type=\"widget\" data-widget_type=\"image.default\">\n\t\t\t\t<div class=\"elementor-widget-container\">\n\t\t\t\t\t\t\t\t\t\t\t\t\t\t\t<img fetchpriority=\"high\" decoding=\"async\" width=\"600\" height=\"451\" src=\"https:\/\/www.club-subaquatique-annecy.fr\/csa\/wp-content\/uploads\/2024\/11\/infra-locaux.jpg\" class=\"attachment-large size-large wp-image-1871\" alt=\"\" srcset=\"https:\/\/www.club-subaquatique-annecy.fr\/csa\/wp-content\/uploads\/2024\/11\/infra-locaux.jpg 600w, https:\/\/www.club-subaquatique-annecy.fr\/csa\/wp-content\/uploads\/2024\/11\/infra-locaux-300x226.jpg 300w\" sizes=\"(max-width: 600px) 100vw, 600px\" \/>\t\t\t\t\t\t\t\t\t\t\t\t\t\t\t<\/div>\n\t\t\t\t<\/div>\n\t\t\t\t\t<\/div>\n\t\t<\/div>\n\t\t\t\t\t<\/div>\n\t\t<\/section>\n\t\t\t\t<section class=\"elementor-section elementor-inner-section elementor-element elementor-element-2f9c3e6 elementor-section-boxed elementor-section-height-default elementor-section-height-default\" data-id=\"2f9c3e6\" data-element_type=\"section\" data-e-type=\"section\">\n\t\t\t\t\t\t<div class=\"elementor-container elementor-column-gap-default\">\n\t\t\t\t\t<div class=\"elementor-column elementor-col-50 elementor-inner-column elementor-element elementor-element-5f9575b\" data-id=\"5f9575b\" data-element_type=\"column\" data-e-type=\"column\">\n\t\t\t<div class=\"elementor-widget-wrap elementor-element-populated\">\n\t\t\t\t\t\t<div class=\"elementor-element elementor-element-6baec12 elementor-widget elementor-widget-image\" data-id=\"6baec12\" data-element_type=\"widget\" data-e-type=\"widget\" data-widget_type=\"image.default\">\n\t\t\t\t<div class=\"elementor-widget-container\">\n\t\t\t\t\t\t\t\t\t\t\t\t\t\t\t<img decoding=\"async\" width=\"600\" height=\"451\" src=\"https:\/\/www.club-subaquatique-annecy.fr\/csa\/wp-content\/uploads\/2024\/11\/infra-gonflage.jpg\" class=\"attachment-large size-large wp-image-1870\" alt=\"\" srcset=\"https:\/\/www.club-subaquatique-annecy.fr\/csa\/wp-content\/uploads\/2024\/11\/infra-gonflage.jpg 600w, https:\/\/www.club-subaquatique-annecy.fr\/csa\/wp-content\/uploads\/2024\/11\/infra-gonflage-300x226.jpg 300w\" sizes=\"(max-width: 600px) 100vw, 600px\" \/>\t\t\t\t\t\t\t\t\t\t\t\t\t\t\t<\/div>\n\t\t\t\t<\/div>\n\t\t\t\t\t<\/div>\n\t\t<\/div>\n\t\t\t\t<div class=\"elementor-column elementor-col-50 elementor-inner-column elementor-element elementor-element-42a2ce3\" data-id=\"42a2ce3\" data-element_type=\"column\" data-e-type=\"column\">\n\t\t\t<div class=\"elementor-widget-wrap elementor-element-populated\">\n\t\t\t\t\t\t<div class=\"elementor-element elementor-element-5b4b950 elementor-widget elementor-widget-section-title\" data-id=\"5b4b950\" data-element_type=\"widget\" data-e-type=\"widget\" data-widget_type=\"section-title.default\">\n\t\t\t\t<div class=\"elementor-widget-container\">\n\t\t\t\t\t\r\n\t\t\r\n\t\t\t<div class=\"section-title style1 left\">\r\n\t\t\t\t\t\t\t\t\r\n\t\t\t\t \r\n\t\t\t\t\t<h3 class=\"title\"><div id=\"ancre-gonflage\">Le Gonflage<\/div><\/h3>\r\n\t\t\t\t\t\t\t\t\r\n\t\t\t\t \r\n\t\t\t\t\t<p class=\"description\">Le CSA est \u00e9quip\u00e9 de 2 compresseurs air et nitrox, et de tampons pour le stockage. Les gonflages des blocs sont r\u00e9alis\u00e9s par des b\u00e9n\u00e9voles form\u00e9s.<br>\nDes blocs \u2013 de 6 a 15 litres - sont mis \u00e0 disposition des adh\u00e9rents. Les adh\u00e9rents qui ont leur(s) bloc(s) personnels enregistr\u00e9(s) au club peuvent aussi le faire gonfler et le stocker au club. Ces blocs doivent respecter la r\u00e9glementation en vigueur. Cela permet d\u2019\u00e9viter le transport, et limite aussi les r\u00e9-\u00e9preuves !<br>Pour cela, des inspections visuelles sont r\u00e9alis\u00e9es chaque ann\u00e9e par des b\u00e9n\u00e9voles form\u00e9s,  \u00e0 une date d\u00e9finie par le responsable TIV.\n<\/p>\r\n\t\t\t\t\t\t\t<\/div>\r\n\r\n\t\t\r\n\t\t\t\t\t\t<\/div>\n\t\t\t\t<\/div>\n\t\t\t\t\t<\/div>\n\t\t<\/div>\n\t\t\t\t\t<\/div>\n\t\t<\/section>\n\t\t\t\t<section class=\"elementor-section elementor-inner-section elementor-element elementor-element-52438fe elementor-section-boxed elementor-section-height-default elementor-section-height-default\" data-id=\"52438fe\" data-element_type=\"section\" data-e-type=\"section\">\n\t\t\t\t\t\t<div class=\"elementor-container elementor-column-gap-default\">\n\t\t\t\t\t<div class=\"elementor-column elementor-col-50 elementor-inner-column elementor-element elementor-element-48c317c\" data-id=\"48c317c\" data-element_type=\"column\" data-e-type=\"column\">\n\t\t\t<div class=\"elementor-widget-wrap elementor-element-populated\">\n\t\t\t\t\t\t<div class=\"elementor-element elementor-element-f488116 elementor-widget elementor-widget-section-title\" data-id=\"f488116\" data-element_type=\"widget\" data-e-type=\"widget\" data-widget_type=\"section-title.default\">\n\t\t\t\t<div class=\"elementor-widget-container\">\n\t\t\t\t\t\r\n\t\t\r\n\t\t\t<div class=\"section-title style1 left\">\r\n\t\t\t\t\t\t\t\t\r\n\t\t\t\t \r\n\t\t\t\t\t<h3 class=\"title\"><div id=\"ancre-materiel\">Le Mat\u00e9riel<\/a><\/h3>\r\n\t\t\t\t\t\t\t\t\r\n\t\t\t\t \r\n\t\t\t\t\t<p class=\"description\">Le CSA dispose de tout le mat\u00e9riel n\u00e9cessaire \u00e0 la pratique de la plong\u00e9e :\n<br> - Gilets stabilisateurs\n<br> - Combinaisons\n<br> - D\u00e9tendeurs\n<br> - Palmes\n<br> -  Masques\n<br> - Lest\n<br> - Blocs\n<br>L\u2019id\u00e9e est que, au fur et \u00e0 mesure que nous avan\u00e7ons dans notre pratique, chacun d\u2019entre nous soit \u00e9quip\u00e9 de son propre mat\u00e9riel (palmes, masques, combinaison, gilet stabilisateur, d\u00e9tendeur).\nLe mat\u00e9riel du club est donc pr\u00eat\u00e9, notamment pour des bapt\u00eames, les plongeurs qui d\u00e9butent l\u2019activit\u00e9, en cas de casse (c\u2019est bien pratique d\u2019avoir un masque sous la main lorsqu\u2019une sangle l\u00e2che \ud83d\ude0a ), sur la base de r\u00e8gles internes d\u00e9finies.<br>\nA noter que si vous commencez une formation de plong\u00e9e, il vous sera demand\u00e9 de vous \u00e9quiper d\u00e8s le d\u00e9but de votre formation de palmes, masque, tubas, chaussons et gants.\n<\/p>\r\n\t\t\t\t\t\t\t<\/div>\r\n\r\n\t\t\r\n\t\t\t\t\t\t<\/div>\n\t\t\t\t<\/div>\n\t\t\t\t\t<\/div>\n\t\t<\/div>\n\t\t\t\t<div class=\"elementor-column elementor-col-50 elementor-inner-column elementor-element elementor-element-0321048\" data-id=\"0321048\" data-element_type=\"column\" data-e-type=\"column\">\n\t\t\t<div class=\"elementor-widget-wrap elementor-element-populated\">\n\t\t\t\t\t\t<div class=\"elementor-element elementor-element-bdd0970 elementor-widget elementor-widget-image\" data-id=\"bdd0970\" data-element_type=\"widget\" data-e-type=\"widget\" data-widget_type=\"image.default\">\n\t\t\t\t<div class=\"elementor-widget-container\">\n\t\t\t\t\t\t\t\t\t\t\t\t\t\t\t<img decoding=\"async\" width=\"600\" height=\"451\" src=\"https:\/\/www.club-subaquatique-annecy.fr\/csa\/wp-content\/uploads\/2024\/11\/infra-materiel.jpg\" class=\"attachment-large size-large wp-image-1872\" alt=\"\" srcset=\"https:\/\/www.club-subaquatique-annecy.fr\/csa\/wp-content\/uploads\/2024\/11\/infra-materiel.jpg 600w, https:\/\/www.club-subaquatique-annecy.fr\/csa\/wp-content\/uploads\/2024\/11\/infra-materiel-300x226.jpg 300w\" sizes=\"(max-width: 600px) 100vw, 600px\" \/>\t\t\t\t\t\t\t\t\t\t\t\t\t\t\t<\/div>\n\t\t\t\t<\/div>\n\t\t\t\t\t<\/div>\n\t\t<\/div>\n\t\t\t\t\t<\/div>\n\t\t<\/section>\n\t\t\t\t<section class=\"elementor-section elementor-inner-section elementor-element elementor-element-c883cd9 elementor-section-boxed elementor-section-height-default elementor-section-height-default\" data-id=\"c883cd9\" data-element_type=\"section\" data-e-type=\"section\">\n\t\t\t\t\t\t<div class=\"elementor-container elementor-column-gap-default\">\n\t\t\t\t\t<div class=\"elementor-column elementor-col-50 elementor-inner-column elementor-element elementor-element-094e68f\" data-id=\"094e68f\" data-element_type=\"column\" data-e-type=\"column\">\n\t\t\t<div class=\"elementor-widget-wrap elementor-element-populated\">\n\t\t\t\t\t\t<div class=\"elementor-element elementor-element-8afd87d elementor-widget elementor-widget-image\" data-id=\"8afd87d\" data-element_type=\"widget\" data-e-type=\"widget\" data-widget_type=\"image.default\">\n\t\t\t\t<div class=\"elementor-widget-container\">\n\t\t\t\t\t\t\t\t\t\t\t\t\t\t\t<img loading=\"lazy\" decoding=\"async\" width=\"600\" height=\"451\" src=\"https:\/\/www.club-subaquatique-annecy.fr\/csa\/wp-content\/uploads\/2024\/11\/infra-alpin.jpg\" class=\"attachment-large size-large wp-image-1760\" alt=\"\" srcset=\"https:\/\/www.club-subaquatique-annecy.fr\/csa\/wp-content\/uploads\/2024\/11\/infra-alpin.jpg 600w, https:\/\/www.club-subaquatique-annecy.fr\/csa\/wp-content\/uploads\/2024\/11\/infra-alpin-300x226.jpg 300w\" sizes=\"(max-width: 600px) 100vw, 600px\" \/>\t\t\t\t\t\t\t\t\t\t\t\t\t\t\t<\/div>\n\t\t\t\t<\/div>\n\t\t\t\t<div class=\"elementor-element elementor-element-39b9b2a elementor-widget elementor-widget-image\" data-id=\"39b9b2a\" data-element_type=\"widget\" data-e-type=\"widget\" data-widget_type=\"image.default\">\n\t\t\t\t<div class=\"elementor-widget-container\">\n\t\t\t\t\t\t\t\t\t\t\t\t\t\t\t<img loading=\"lazy\" decoding=\"async\" width=\"600\" height=\"451\" src=\"https:\/\/www.club-subaquatique-annecy.fr\/csa\/wp-content\/uploads\/2024\/12\/infra-youyou.jpg\" class=\"attachment-large size-large wp-image-2440\" alt=\"\" srcset=\"https:\/\/www.club-subaquatique-annecy.fr\/csa\/wp-content\/uploads\/2024\/12\/infra-youyou.jpg 600w, https:\/\/www.club-subaquatique-annecy.fr\/csa\/wp-content\/uploads\/2024\/12\/infra-youyou-300x226.jpg 300w\" sizes=\"(max-width: 600px) 100vw, 600px\" \/>\t\t\t\t\t\t\t\t\t\t\t\t\t\t\t<\/div>\n\t\t\t\t<\/div>\n\t\t\t\t<div class=\"elementor-element elementor-element-ba13a87 elementor-widget elementor-widget-image\" data-id=\"ba13a87\" data-element_type=\"widget\" data-e-type=\"widget\" data-widget_type=\"image.default\">\n\t\t\t\t<div class=\"elementor-widget-container\">\n\t\t\t\t\t\t\t\t\t\t\t\t\t\t\t<img loading=\"lazy\" decoding=\"async\" width=\"600\" height=\"451\" src=\"https:\/\/www.club-subaquatique-annecy.fr\/csa\/wp-content\/uploads\/2024\/12\/infra-omble.jpg\" class=\"attachment-large size-large wp-image-2439\" alt=\"\" srcset=\"https:\/\/www.club-subaquatique-annecy.fr\/csa\/wp-content\/uploads\/2024\/12\/infra-omble.jpg 600w, https:\/\/www.club-subaquatique-annecy.fr\/csa\/wp-content\/uploads\/2024\/12\/infra-omble-300x226.jpg 300w\" sizes=\"(max-width: 600px) 100vw, 600px\" \/>\t\t\t\t\t\t\t\t\t\t\t\t\t\t\t<\/div>\n\t\t\t\t<\/div>\n\t\t\t\t<div class=\"elementor-element elementor-element-391977d elementor-widget elementor-widget-image\" data-id=\"391977d\" data-element_type=\"widget\" data-e-type=\"widget\" data-widget_type=\"image.default\">\n\t\t\t\t<div class=\"elementor-widget-container\">\n\t\t\t\t\t\t\t\t\t\t\t\t\t\t\t<img loading=\"lazy\" decoding=\"async\" width=\"600\" height=\"451\" src=\"https:\/\/www.club-subaquatique-annecy.fr\/csa\/wp-content\/uploads\/2024\/12\/infra-nessy.jpg\" class=\"attachment-large size-large wp-image-2438\" alt=\"\" srcset=\"https:\/\/www.club-subaquatique-annecy.fr\/csa\/wp-content\/uploads\/2024\/12\/infra-nessy.jpg 600w, https:\/\/www.club-subaquatique-annecy.fr\/csa\/wp-content\/uploads\/2024\/12\/infra-nessy-300x226.jpg 300w\" sizes=\"(max-width: 600px) 100vw, 600px\" \/>\t\t\t\t\t\t\t\t\t\t\t\t\t\t\t<\/div>\n\t\t\t\t<\/div>\n\t\t\t\t\t<\/div>\n\t\t<\/div>\n\t\t\t\t<div class=\"elementor-column elementor-col-50 elementor-inner-column elementor-element elementor-element-1d20474\" data-id=\"1d20474\" data-element_type=\"column\" data-e-type=\"column\">\n\t\t\t<div class=\"elementor-widget-wrap elementor-element-populated\">\n\t\t\t\t\t\t<div class=\"elementor-element elementor-element-bd7dab7 elementor-widget elementor-widget-section-title\" data-id=\"bd7dab7\" data-element_type=\"widget\" data-e-type=\"widget\" data-widget_type=\"section-title.default\">\n\t\t\t\t<div class=\"elementor-widget-container\">\n\t\t\t\t\t\r\n\t\t\r\n\t\t\t<div class=\"section-title style1 left\">\r\n\t\t\t\t\t\t\t\t\r\n\t\t\t\t \r\n\t\t\t\t\t<h3 class=\"title\"><div id=\"ancre-bateau\">Les Bateaux<\/a><\/h3>\r\n\t\t\t\t\t\t\t\t\r\n\t\t\t\t \r\n\t\t\t\t\t<p class=\"description\">Le CSA est \u00e9quip\u00e9 d\u2019une jolie flotte de bateaux, ce qui permet de se d\u00e9placer sur tout le lac, et d\u2019avoir des plongeurs sur plusieurs sites en m\u00eame temps : \n<br>- L\u2019Alpin : bateau en aluminium, avec cabine ferm\u00e9e et toit, \u00e9quip\u00e9 d\u2019un moteur de 300 chevaux, qui peut embarquer 19 plongeurs\n<br>- L\u2019Omble :  bateau tout en aluminium avec cabine ferm\u00e9e et toit, \u00e9quip\u00e9 d\u2019un ascenseur, ce qui permet son usage par les personnes en situation de handicap. Il peut embarquer 15 plongeurs.\n<br>- Le Nessy : un confortable catamaran couvert, qui peut embarquer 10 plongeurs.\n<br>-\tLe YOUYOU, une annexe de s\u00e9curit\u00e9 (6 chevaux, utilisable sans permis bateau) pour assurer la surveillance des plongeurs \u00e9voluant devant la base des Marquisats.\n<\/p>\r\n\t\t\t\t\t\t\t<\/div>\r\n\r\n\t\t\r\n\t\t\t\t\t\t<\/div>\n\t\t\t\t<\/div>\n\t\t\t\t\t<\/div>\n\t\t<\/div>\n\t\t\t\t\t<\/div>\n\t\t<\/section>\n\t\t\t\t\t<\/div>\n\t\t<\/div>\n\t\t\t\t\t<\/div>\n\t\t<\/section>\n\t\t\t\t<\/div>\n\t\t","protected":false},"excerpt":{"rendered":"<p>Les Locaux Sur le site de la base nautique des Marquisats, la ville d\u2019Annecy met \u00e0 disposition du CSA un local am\u00e9nag\u00e9 pour r\u00e9pondre aux besoins de la plong\u00e9e. En plus des zones de gonflage (air et nitrox), et de stockage de mat\u00e9riels (bouteilles, combinaisons, gilets stabilisateurs, d\u00e9tendeurs\u2026), ce local nous permet d\u2019organiser les plong\u00e9es, [&hellip;]<\/p>\n","protected":false},"author":2,"featured_media":0,"parent":0,"menu_order":0,"comment_status":"closed","ping_status":"closed","template":"page-templates\/template-default.php","meta":{"footnotes":""},"class_list":["post-2312","page","type-page","status-publish","hentry"],"_links":{"self":[{"href":"https:\/\/www.club-subaquatique-annecy.fr\/csa\/wp-json\/wp\/v2\/pages\/2312","targetHints":{"allow":["GET"]}}],"collection":[{"href":"https:\/\/www.club-subaquatique-annecy.fr\/csa\/wp-json\/wp\/v2\/pages"}],"about":[{"href":"https:\/\/www.club-subaquatique-annecy.fr\/csa\/wp-json\/wp\/v2\/types\/page"}],"author":[{"embeddable":true,"href":"https:\/\/www.club-subaquatique-annecy.fr\/csa\/wp-json\/wp\/v2\/users\/2"}],"replies":[{"embeddable":true,"href":"https:\/\/www.club-subaquatique-annecy.fr\/csa\/wp-json\/wp\/v2\/comments?post=2312"}],"version-history":[{"count":21,"href":"https:\/\/www.club-subaquatique-annecy.fr\/csa\/wp-json\/wp\/v2\/pages\/2312\/revisions"}],"predecessor-version":[{"id":2840,"href":"https:\/\/www.club-subaquatique-annecy.fr\/csa\/wp-json\/wp\/v2\/pages\/2312\/revisions\/2840"}],"wp:attachment":[{"href":"https:\/\/www.club-subaquatique-annecy.fr\/csa\/wp-json\/wp\/v2\/media?parent=2312"}],"curies":[{"name":"wp","href":"https:\/\/api.w.org\/{rel}","templated":true}]}}