{"id":2989,"date":"2024-12-31T15:43:02","date_gmt":"2024-12-31T14:43:02","guid":{"rendered":"https:\/\/www.club-subaquatique-annecy.fr\/csa\/?page_id=2989"},"modified":"2024-12-31T15:43:02","modified_gmt":"2024-12-31T14:43:02","slug":"spots-plongee-le-france","status":"publish","type":"page","link":"https:\/\/www.club-subaquatique-annecy.fr\/csa\/spots-plongee-le-france","title":{"rendered":"Le France"},"content":{"rendered":"\t\t<div data-elementor-type=\"wp-page\" data-elementor-id=\"2989\" class=\"elementor elementor-2989\" data-elementor-post-type=\"page\">\n\t\t\t\t\t\t<section class=\"elementor-section elementor-top-section elementor-element elementor-element-cbdea4a animated-slow elementor-section-boxed elementor-section-height-default elementor-section-height-default elementor-invisible\" data-id=\"cbdea4a\" data-element_type=\"section\" data-e-type=\"section\" data-settings=\"{&quot;background_background&quot;:&quot;classic&quot;,&quot;animation&quot;:&quot;zoomIn&quot;}\">\n\t\t\t\t\t\t<div class=\"elementor-container elementor-column-gap-default\">\n\t\t\t\t\t<div class=\"elementor-column elementor-col-100 elementor-top-column elementor-element elementor-element-646fbd7\" data-id=\"646fbd7\" data-element_type=\"column\" data-e-type=\"column\">\n\t\t\t<div class=\"elementor-widget-wrap elementor-element-populated\">\n\t\t\t\t\t\t<div class=\"elementor-element elementor-element-3038017 elementor-widget elementor-widget-section-title\" data-id=\"3038017\" data-element_type=\"widget\" data-e-type=\"widget\" data-widget_type=\"section-title.default\">\n\t\t\t\t<div class=\"elementor-widget-container\">\n\t\t\t\t\t\r\n\t\t\r\n\t\t\t<div class=\"section-title style1 center\">\r\n\t\t\t\t\t\t\t\t\r\n\t\t\t\t \r\n\t\t\t\t\t<h3 class=\"title\">Spot de plong\u00e9e : Le France<\/h3>\r\n\t\t\t\t\t\t\t\t\r\n\t\t\t\t\t\t\t<\/div>\r\n\r\n\t\t\r\n\t\t\t\t\t\t<\/div>\n\t\t\t\t<\/div>\n\t\t\t\t\t<\/div>\n\t\t<\/div>\n\t\t\t\t\t<\/div>\n\t\t<\/section>\n\t\t<div class=\"elementor-element elementor-element-4c322902 e-flex e-con-boxed e-con e-parent\" data-id=\"4c322902\" data-element_type=\"container\" data-e-type=\"container\">\n\t\t\t\t\t<div class=\"e-con-inner\">\n\t\t\t\t<div class=\"elementor-element elementor-element-762ede40 elementor-widget elementor-widget-text-editor\" data-id=\"762ede40\" data-element_type=\"widget\" data-e-type=\"widget\" data-widget_type=\"text-editor.default\">\n\t\t\t\t<div class=\"elementor-widget-container\">\n\t\t\t\t\t\t\t\t\t<h2><span style=\"color: #1962a1;\">Description<\/span><\/h2>\n<p>\u00c9pave de bateau \u00e0 vapeur<\/p>\n<h2><span style=\"color: #1962a1;\">Profondeur<\/span><\/h2>\n<p>-34 \u00e0 -42 m\u00e8tres<\/p>\n<h2><span style=\"color: #1962a1;\">Difficult\u00e9<\/span><\/h2>\n<p>Difficile<\/p>\n<h2><span style=\"color: #1962a1;\">Pr\u00e9sentation<\/span><\/h2>\n<div class=\"largeReply-195 marginBottomZero-196\" aria-live=\"assertive\">\n<div class=\"___vfhjjp0 fkhj508 fhjrts3 f137keqj fb1a13d fx8cdsv fxfb0uo fn5cvv7 f65ro8h f7suxz6 f2egjsp f15d4ioa f8qy9f8 fw0izlg f1gxrt3a f1os76ua f1js9cnw f1g87ej0 freluf8 f1yggaq6 f2i3chp f1151osp ftpcj8z f1gto8uq felkt6s fjthtfa fvhlfan f7tc0t0 f15orfay fqvmpri f11tbgq f1p0247a f9sufv2 f1dr1xf1 f1vyg3t2 fns3mgy f2h6sj1 f13alwr3 f19c6guv frkklwf f5zfpvi f1lrr67x f1ls9w7j f7v36i4 fneavw5 f13zpkng f7unjfp f8p1rz fzu6h1w f1i1bi6h f1smo7hi f1sk1xod f1kgogdq f1ecidve fe11041 fds34uz f1aye3w6 f17s497r fvlpcs8 f9vckw9 f1rt6e60 ft380qk f14gafeo f19sjv2b f197cytj fjzyvr9 f1xycvd f1lvi0hd f164tj6r f18d7dy7 f18yrga4 fkco1xr f15x2syh fmjcstx f1ac2nhu f5x68vu fup14nn f1o8hy8 f1ehsc59 f1vprcok f1y6l6gb fqzpax5 f1fk8luq fdlwbod f1k162kl fwzjow2 fdxh4hq f4bntlt f1ijds75 f17uawya fhff7ih f1xujz46 fjpb76i f80mdc4 f1fd840r fd5sjq ft0p4n1 f1gbvy53 f1u7zjm2 fsdnjoo fphlhsa flhaxg5 f1w6q9f2 f1as24b6 fg1s8s7 fe6jkqf f1rfpchy f11s3y5b f1m9bycv\">\n<p>Le France est sans doute l&#8217;une des plus belles \u00e9paves en eau douce, accessible gr\u00e2ce \u00e0 sa profondeur de 42 m\u00e8tres, id\u00e9ale pour les plongeurs exp\u00e9riment\u00e9s en lac. Lanc\u00e9 le 13 mai 1909, ce bateau \u00e0 aubes, \u00e9quip\u00e9 d&#8217;un moteur \u00e0 vapeur de 400 chevaux, mesurait 47 m\u00e8tres de long et pouvait transporter 700 passagers. En 1962, l&#8217;annonce de son d\u00e9sarmement et de sa destruction imminente a suscit\u00e9 une vive r\u00e9action chez les habitants d&#8217;Annecy. Rachet\u00e9 par le propri\u00e9taire des bateaux-mouches de Paris, il a effectu\u00e9 son dernier tour du lac le 27 mai 1965. Restaur\u00e9, il a ensuite servi de r\u00e9sidence secondaire, naviguant autour de son mouillage.<br \/>Le 13 mars 1971, le France a myst\u00e9rieusement disparu. Les hypoth\u00e8ses ont fus\u00e9, allant m\u00eame jusqu&#8217;au sabotage, mais la v\u00e9rit\u00e9 n&#8217;a jamais \u00e9t\u00e9 \u00e9tablie. Il est probable que le manque d&#8217;entretien et le gel aient caus\u00e9 une voie d&#8217;eau sous la ligne de flottaison, entra\u00eenant le naufrage par la poupe. Le bateau s&#8217;est enfonc\u00e9 dans la vase et s&#8217;est pli\u00e9.<br \/>Explorer cette \u00e9pave peut \u00eatre dangereux, il est donc essentiel de plonger avec quelqu&#8217;un qui la conna\u00eet bien.<\/p>\n<\/div>\n<\/div>\n<h2><span style=\"color: #1962a1;\">Profil de la plong\u00e9e<\/span><\/h2>\n<div class=\"largeReply-195 marginBottomZero-196\" aria-live=\"assertive\">\n<div class=\"___vfhjjp0 fkhj508 fhjrts3 f137keqj fb1a13d fx8cdsv fxfb0uo fn5cvv7 f65ro8h f7suxz6 f2egjsp f15d4ioa f8qy9f8 fw0izlg f1gxrt3a f1os76ua f1js9cnw f1g87ej0 freluf8 f1yggaq6 f2i3chp f1151osp ftpcj8z f1gto8uq felkt6s fjthtfa fvhlfan f7tc0t0 f15orfay fqvmpri f11tbgq f1p0247a f9sufv2 f1dr1xf1 f1vyg3t2 fns3mgy f2h6sj1 f13alwr3 f19c6guv frkklwf f5zfpvi f1lrr67x f1ls9w7j f7v36i4 fneavw5 f13zpkng f7unjfp f8p1rz fzu6h1w f1i1bi6h f1smo7hi f1sk1xod f1kgogdq f1ecidve fe11041 fds34uz f1aye3w6 f17s497r fvlpcs8 f9vckw9 f1rt6e60 ft380qk f14gafeo f19sjv2b f197cytj fjzyvr9 f1xycvd f1lvi0hd f164tj6r f18d7dy7 f18yrga4 fkco1xr f15x2syh fmjcstx f1ac2nhu f5x68vu fup14nn f1o8hy8 f1ehsc59 f1vprcok f1y6l6gb fqzpax5 f1fk8luq fdlwbod f1k162kl fwzjow2 fdxh4hq f4bntlt f1ijds75 f17uawya fhff7ih f1xujz46 fjpb76i f80mdc4 f1fd840r fd5sjq ft0p4n1 f1gbvy53 f1u7zjm2 fsdnjoo fphlhsa flhaxg5 f1w6q9f2 f1as24b6 fg1s8s7 fe6jkqf f1rfpchy f11s3y5b f1m9bycv\">\n<p>Pour explorer l&#8217;\u00e9pave du France, il est recommand\u00e9 de descendre le long du mouillage et de commencer par la partie la plus profonde. Les plongeurs exp\u00e9riment\u00e9s peuvent p\u00e9n\u00e9trer dans l&#8217;\u00e9pave par les c\u00f4t\u00e9s, visiter l&#8217;int\u00e9rieur et remonter sur le pont par les escaliers centraux. La descente dans la salle des machines est particuli\u00e8rement dangereuse en raison des nombreux obstacles, et ne devrait \u00eatre tent\u00e9e que par ceux qui connaissent bien l&#8217;\u00e9pave. Il est crucial de surveiller fr\u00e9quemment ses paliers et son air, et de remonter suffisamment t\u00f4t.<br \/>Malheureusement, la plong\u00e9e sur le France n&#8217;est pas accessible \u00e0 tous les niveaux. La profondeur, le froid intense (4 \u00e0 7\u00b0C maximum), la descente dans le bleu et les paliers en pleine eau la r\u00e9servent aux plongeurs habitu\u00e9s aux conditions du lac. Une combinaison de 7,5 mm ou une combinaison \u00e9tanche est indispensable, m\u00eame en \u00e9t\u00e9. En cas de doute sur votre exp\u00e9rience, il est conseill\u00e9 de consulter un club ou une \u00e9cole de plong\u00e9e avant de se lancer seul dans l&#8217;aventure. Si le lac est agit\u00e9 ou la visibilit\u00e9 mauvaise, il vaut mieux renoncer \u00e0 la plong\u00e9e pour \u00e9viter une exp\u00e9rience d\u00e9sagr\u00e9able.<br \/>En \u00e9t\u00e9, l&#8217;\u00e9pave est tr\u00e8s fr\u00e9quent\u00e9e.<\/p>\n<\/div>\n<\/div>\n\t\t\t\t\t\t\t\t<\/div>\n\t\t\t\t<\/div>\n\t\t\t\t\t<\/div>\n\t\t\t\t<\/div>\n\t\t\t\t<section class=\"elementor-section elementor-top-section elementor-element elementor-element-38eca98 elementor-section-boxed elementor-section-height-default elementor-section-height-default\" data-id=\"38eca98\" data-element_type=\"section\" data-e-type=\"section\">\n\t\t\t\t\t\t<div class=\"elementor-container elementor-column-gap-default\">\n\t\t\t\t\t<div class=\"elementor-column elementor-col-100 elementor-top-column elementor-element elementor-element-33af48c\" data-id=\"33af48c\" data-element_type=\"column\" data-e-type=\"column\">\n\t\t\t<div class=\"elementor-widget-wrap elementor-element-populated\">\n\t\t\t\t\t\t<div class=\"elementor-element elementor-element-bca9eb9 animated-slow elementor-invisible elementor-widget elementor-widget-section-title\" data-id=\"bca9eb9\" data-element_type=\"widget\" data-e-type=\"widget\" data-settings=\"{&quot;_animation&quot;:&quot;fadeInLeft&quot;}\" data-widget_type=\"section-title.default\">\n\t\t\t\t<div class=\"elementor-widget-container\">\n\t\t\t\t\t\r\n\t\t\r\n\t\t\t<div class=\"section-title style1 center\">\r\n\t\t\t\t\t\t\t\t\r\n\t\t\t\t \r\n\t\t\t\t\t<h3 class=\"title\">Le France en images<\/h3>\r\n\t\t\t\t\t\t\t\t\r\n\t\t\t\t\t\t\t<\/div>\r\n\r\n\t\t\r\n\t\t\t\t\t\t<\/div>\n\t\t\t\t<\/div>\n\t\t\t\t<div class=\"elementor-element elementor-element-a9e3380 animated-slow elementor-invisible elementor-widget elementor-widget-servicecarousel\" data-id=\"a9e3380\" data-element_type=\"widget\" data-e-type=\"widget\" data-settings=\"{&quot;_animation&quot;:&quot;fadeInRight&quot;}\" data-widget_type=\"servicecarousel.default\">\n\t\t\t\t<div class=\"elementor-widget-container\">\n\t\t\t\t\t\r\n\t\t\r\n\r\n\t\t\t<section class=\"service_cursousel_sliderr\">\r\n\r\n\t\t\t\t\t\t\t<div class=\"em-service style_4\">\t\t\r\n\t\t\t\t\t<div class=\"em-service-thumb\">\r\n\t\t\t\t\t\t<img decoding=\"async\" src=\"https:\/\/www.club-subaquatique-annecy.fr\/csa\/wp-content\/uploads\/2024\/12\/explo-site-img-detail-page-france01.jpg\" alt=\"hendrio\">\r\n\t\t\t\t\t\t<div class=\"em-service-icon\">\r\n\t\t\t\t\t\t\t<i class=\"\"><\/i>\r\n\t\t\t\t\t\t<\/div>\r\n\r\n\t\t\t\t\t<\/div>\r\n\r\n\t\t\t\t\t<div class=\"em_service_content\">\r\n\t\t\t\t\t\t<div class=\"em_single_service_text\">\r\n\t\t\t\t\t\t\t<div class=\"service_top_text\">\r\n\r\n\t\t\t\t\t\t\t\t<div class=\"em-service-title\">\r\n\t\t\t\t\t\t\t\t\t<h2><\/h2>\r\n\t\t\t\t\t\t\t\t<\/div>\r\n\r\n\t\t\t\t\t\t\t<\/div>\r\n\t\t\t\t\t\t\t<div class=\"em-service-inner\">\t\t\t\t\r\n\t\t\t\t\t\t\t\t<div class=\"service-box-desc\" >\r\n\t\t\t\t\t\t\t\t\t<p><\/p>\r\n\t\t\t\t\t\t\t\t<\/div>\t\t\t\t\t\t\r\n\t\t\t\t\t\t\t<\/div>\r\n\r\n\t\t\t\t\t\t\t\t\t\t\t\t\t<\/div>\r\n\t\t\t\t\t<\/div>\r\n\t\t\t\t<\/div>\r\n\t\t\t\t\t\t\t<div class=\"em-service style_4\">\t\t\r\n\t\t\t\t\t<div class=\"em-service-thumb\">\r\n\t\t\t\t\t\t<img decoding=\"async\" src=\"https:\/\/www.club-subaquatique-annecy.fr\/csa\/wp-content\/uploads\/2024\/12\/explo-site-img-detail-page-france02.jpg\" alt=\"hendrio\">\r\n\t\t\t\t\t\t<div class=\"em-service-icon\">\r\n\t\t\t\t\t\t\t<i class=\"\"><\/i>\r\n\t\t\t\t\t\t<\/div>\r\n\r\n\t\t\t\t\t<\/div>\r\n\r\n\t\t\t\t\t<div class=\"em_service_content\">\r\n\t\t\t\t\t\t<div class=\"em_single_service_text\">\r\n\t\t\t\t\t\t\t<div class=\"service_top_text\">\r\n\r\n\t\t\t\t\t\t\t\t<div class=\"em-service-title\">\r\n\t\t\t\t\t\t\t\t\t<h2><\/h2>\r\n\t\t\t\t\t\t\t\t<\/div>\r\n\r\n\t\t\t\t\t\t\t<\/div>\r\n\t\t\t\t\t\t\t<div class=\"em-service-inner\">\t\t\t\t\r\n\t\t\t\t\t\t\t\t<div class=\"service-box-desc\" >\r\n\t\t\t\t\t\t\t\t\t<p><\/p>\r\n\t\t\t\t\t\t\t\t<\/div>\t\t\t\t\t\t\r\n\t\t\t\t\t\t\t<\/div>\r\n\r\n\t\t\t\t\t\t\t\t\t\t\t\t\t<\/div>\r\n\t\t\t\t\t<\/div>\r\n\t\t\t\t<\/div>\r\n\t\t\t\t\t\t\t<div class=\"em-service style_4\">\t\t\r\n\t\t\t\t\t<div class=\"em-service-thumb\">\r\n\t\t\t\t\t\t<img decoding=\"async\" src=\"https:\/\/www.club-subaquatique-annecy.fr\/csa\/wp-content\/uploads\/2024\/12\/explo-site-img-detail-page-france03.jpg\" alt=\"hendrio\">\r\n\t\t\t\t\t\t<div class=\"em-service-icon\">\r\n\t\t\t\t\t\t\t<i class=\"\"><\/i>\r\n\t\t\t\t\t\t<\/div>\r\n\r\n\t\t\t\t\t<\/div>\r\n\r\n\t\t\t\t\t<div class=\"em_service_content\">\r\n\t\t\t\t\t\t<div class=\"em_single_service_text\">\r\n\t\t\t\t\t\t\t<div class=\"service_top_text\">\r\n\r\n\t\t\t\t\t\t\t\t<div class=\"em-service-title\">\r\n\t\t\t\t\t\t\t\t\t<h2><\/h2>\r\n\t\t\t\t\t\t\t\t<\/div>\r\n\r\n\t\t\t\t\t\t\t<\/div>\r\n\t\t\t\t\t\t\t<div class=\"em-service-inner\">\t\t\t\t\r\n\t\t\t\t\t\t\t\t<div class=\"service-box-desc\" >\r\n\t\t\t\t\t\t\t\t\t<p><\/p>\r\n\t\t\t\t\t\t\t\t<\/div>\t\t\t\t\t\t\r\n\t\t\t\t\t\t\t<\/div>\r\n\r\n\t\t\t\t\t\t\t\t\t\t\t\t\t<\/div>\r\n\t\t\t\t\t<\/div>\r\n\t\t\t\t<\/div>\r\n\t\t\t\t\t\t\t<div class=\"em-service style_4\">\t\t\r\n\t\t\t\t\t<div class=\"em-service-thumb\">\r\n\t\t\t\t\t\t<img decoding=\"async\" src=\"https:\/\/www.club-subaquatique-annecy.fr\/csa\/wp-content\/uploads\/2024\/12\/explo-site-img-detail-page-france04.jpg\" alt=\"hendrio\">\r\n\t\t\t\t\t\t<div class=\"em-service-icon\">\r\n\t\t\t\t\t\t\t<i class=\"\"><\/i>\r\n\t\t\t\t\t\t<\/div>\r\n\r\n\t\t\t\t\t<\/div>\r\n\r\n\t\t\t\t\t<div class=\"em_service_content\">\r\n\t\t\t\t\t\t<div class=\"em_single_service_text\">\r\n\t\t\t\t\t\t\t<div class=\"service_top_text\">\r\n\r\n\t\t\t\t\t\t\t\t<div class=\"em-service-title\">\r\n\t\t\t\t\t\t\t\t\t<h2><\/h2>\r\n\t\t\t\t\t\t\t\t<\/div>\r\n\r\n\t\t\t\t\t\t\t<\/div>\r\n\t\t\t\t\t\t\t<div class=\"em-service-inner\">\t\t\t\t\r\n\t\t\t\t\t\t\t\t<div class=\"service-box-desc\" >\r\n\t\t\t\t\t\t\t\t\t<p><\/p>\r\n\t\t\t\t\t\t\t\t<\/div>\t\t\t\t\t\t\r\n\t\t\t\t\t\t\t<\/div>\r\n\r\n\t\t\t\t\t\t\t\t\t\t\t\t\t<\/div>\r\n\t\t\t\t\t<\/div>\r\n\t\t\t\t<\/div>\r\n\t\t\t\t\t\t<\/section>\r\n\r\n\t            <script>\r\n\t                jQuery(document).ready(function() {\r\n\t                    jQuery(\".service_cursousel_sliderr\").slick({\r\n\t                        \t                            dots: false,\r\n\t                            infinite: true,\r\n\t                            centerMode: true,\r\n\t                            autoplay: true,\r\n\t                            autoplaySpeed: 7000,\r\n\t                            slidesToShow: 3,\r\n\t                            slidesToScroll: 3,\r\n\t                            centerPadding: '0',\r\n\t                            padding: 15,\r\n\t                            center:true,\r\n\t                            arrows: false,\r\n\t\t\t\t\t\t        responsive: [\r\n\t\t\t\t\t\t            {\r\n\t\t\t\t\t\t                breakpoint: 1920,\r\n\t\t\t\t\t\t                settings: {\r\n\t\t\t\t\t\t                    slidesToShow: 3,\r\n\t\t\t\t\t\t                }\r\n\t\t\t\t\t\t            },\r\n\t\t\t\t\t\t\t\t\t {\r\n\t\t\t\t\t\t                breakpoint: 1400,\r\n\t\t\t\t\t\t                settings: {\r\n\t\t\t\t\t\t                    slidesToShow: 2,\r\n\t\t\t\t\t\t                }\r\n\t\t\t\t\t\t            },\r\n\t\t\t\t\t\t\t\t\t\r\n\t\t\t\t\t\t\t\t\t\r\n\t\t\t\t\t\t            {\r\n\t\t\t\t\t\t                breakpoint: 991,\r\n\t\t\t\t\t\t                settings: {\r\n\t\t\t\t\t\t                    slidesToShow: 2,\r\n\t\t\t\t\t\t                }\r\n\t\t\t\t\t\t            },\r\n\t\t\t\t\t\t            {\r\n\t\t\t\t\t\t              breakpoint: 768,\r\n\t\t\t\t\t\t              settings: {\r\n\t\t\t\t\t\t                slidesToShow: 1\r\n\t\t\t\t\t\t              }\r\n\t\t\t\t\t\t            },\r\n\t\t\t\t\t\t            {\r\n\t\t\t\t\t\t              breakpoint: 600,\r\n\t\t\t\t\t\t              settings: {\r\n\t\t\t\t\t\t                arrows: false,\r\n\t\t\t\t\t\t                slidesToShow: 1\r\n\t\t\t\t\t\t              }\r\n\t\t\t\t\t\t            }\r\n\t\t\t\t\t\t        ]\r\n\r\n\t                        \t                    });\r\n\t                });\r\n\t            <\/script>\r\n\r\n\t\t\r\n\t\t\t\t\t\t<\/div>\n\t\t\t\t<\/div>\n\t\t\t\t\t<\/div>\n\t\t<\/div>\n\t\t\t\t\t<\/div>\n\t\t<\/section>\n\t\t\t\t<\/div>\n\t\t","protected":false},"excerpt":{"rendered":"<p>Spot de plong\u00e9e : Le France Description \u00c9pave de bateau \u00e0 vapeur Profondeur -34 \u00e0 -42 m\u00e8tres Difficult\u00e9 Difficile Pr\u00e9sentation Le France est sans doute l&#8217;une des plus belles \u00e9paves en eau douce, accessible gr\u00e2ce \u00e0 sa profondeur de 42 m\u00e8tres, id\u00e9ale pour les plongeurs exp\u00e9riment\u00e9s en lac. Lanc\u00e9 le 13 mai 1909, ce bateau [&hellip;]<\/p>\n","protected":false},"author":2,"featured_media":0,"parent":0,"menu_order":0,"comment_status":"closed","ping_status":"closed","template":"","meta":{"footnotes":""},"class_list":["post-2989","page","type-page","status-publish","hentry"],"_links":{"self":[{"href":"https:\/\/www.club-subaquatique-annecy.fr\/csa\/wp-json\/wp\/v2\/pages\/2989","targetHints":{"allow":["GET"]}}],"collection":[{"href":"https:\/\/www.club-subaquatique-annecy.fr\/csa\/wp-json\/wp\/v2\/pages"}],"about":[{"href":"https:\/\/www.club-subaquatique-annecy.fr\/csa\/wp-json\/wp\/v2\/types\/page"}],"author":[{"embeddable":true,"href":"https:\/\/www.club-subaquatique-annecy.fr\/csa\/wp-json\/wp\/v2\/users\/2"}],"replies":[{"embeddable":true,"href":"https:\/\/www.club-subaquatique-annecy.fr\/csa\/wp-json\/wp\/v2\/comments?post=2989"}],"version-history":[{"count":7,"href":"https:\/\/www.club-subaquatique-annecy.fr\/csa\/wp-json\/wp\/v2\/pages\/2989\/revisions"}],"predecessor-version":[{"id":3143,"href":"https:\/\/www.club-subaquatique-annecy.fr\/csa\/wp-json\/wp\/v2\/pages\/2989\/revisions\/3143"}],"wp:attachment":[{"href":"https:\/\/www.club-subaquatique-annecy.fr\/csa\/wp-json\/wp\/v2\/media?parent=2989"}],"curies":[{"name":"wp","href":"https:\/\/api.w.org\/{rel}","templated":true}]}}