{"id":2994,"date":"2024-12-31T15:43:15","date_gmt":"2024-12-31T14:43:15","guid":{"rendered":"https:\/\/www.club-subaquatique-annecy.fr\/csa\/?page_id=2994"},"modified":"2024-12-31T15:50:35","modified_gmt":"2024-12-31T14:50:35","slug":"spots-plongee-roc-de-chere","status":"publish","type":"page","link":"https:\/\/www.club-subaquatique-annecy.fr\/csa\/spots-plongee-roc-de-chere","title":{"rendered":"Roc de Ch\u00e8re"},"content":{"rendered":"\t\t<div data-elementor-type=\"wp-page\" data-elementor-id=\"2994\" class=\"elementor elementor-2994\" data-elementor-post-type=\"page\">\n\t\t\t\t\t\t<section class=\"elementor-section elementor-top-section elementor-element elementor-element-cbdea4a animated-slow elementor-section-boxed elementor-section-height-default elementor-section-height-default elementor-invisible\" data-id=\"cbdea4a\" data-element_type=\"section\" data-e-type=\"section\" data-settings=\"{&quot;background_background&quot;:&quot;classic&quot;,&quot;animation&quot;:&quot;zoomIn&quot;}\">\n\t\t\t\t\t\t<div class=\"elementor-container elementor-column-gap-default\">\n\t\t\t\t\t<div class=\"elementor-column elementor-col-100 elementor-top-column elementor-element elementor-element-646fbd7\" data-id=\"646fbd7\" data-element_type=\"column\" data-e-type=\"column\">\n\t\t\t<div class=\"elementor-widget-wrap elementor-element-populated\">\n\t\t\t\t\t\t<div class=\"elementor-element elementor-element-3038017 elementor-widget elementor-widget-section-title\" data-id=\"3038017\" data-element_type=\"widget\" data-e-type=\"widget\" data-widget_type=\"section-title.default\">\n\t\t\t\t<div class=\"elementor-widget-container\">\n\t\t\t\t\t\r\n\t\t\r\n\t\t\t<div class=\"section-title style1 center\">\r\n\t\t\t\t\t\t\t\t\r\n\t\t\t\t \r\n\t\t\t\t\t<h3 class=\"title\">Spot de plong\u00e9e : Le Roc de Ch\u00e8re<\/h3>\r\n\t\t\t\t\t\t\t\t\r\n\t\t\t\t\t\t\t<\/div>\r\n\r\n\t\t\r\n\t\t\t\t\t\t<\/div>\n\t\t\t\t<\/div>\n\t\t\t\t\t<\/div>\n\t\t<\/div>\n\t\t\t\t\t<\/div>\n\t\t<\/section>\n\t\t<div class=\"elementor-element elementor-element-4c322902 e-flex e-con-boxed e-con e-parent\" data-id=\"4c322902\" data-element_type=\"container\" data-e-type=\"container\">\n\t\t\t\t\t<div class=\"e-con-inner\">\n\t\t\t\t<div class=\"elementor-element elementor-element-762ede40 elementor-widget elementor-widget-text-editor\" data-id=\"762ede40\" data-element_type=\"widget\" data-e-type=\"widget\" data-widget_type=\"text-editor.default\">\n\t\t\t\t<div class=\"elementor-widget-container\">\n\t\t\t\t\t\t\t\t\t<h2><span style=\"color: #1962a1;\">Description<\/span><\/h2>\n<p>Tombant et petites \u00e9paves<\/p>\n<h2><span style=\"color: #1962a1;\">Profondeur<\/span><\/h2>\n<p>0 \u00e0 -45 m\u00e8tres<\/p>\n<h2><span style=\"color: #1962a1;\">Difficult\u00e9<\/span><\/h2>\n<p>Moyenne \u00e0 difficile<\/p>\n<h2><span style=\"color: #1962a1;\">Pr\u00e9sentation<\/span><\/h2>\n<div class=\"largeReply-195 marginBottomZero-196\" aria-live=\"assertive\">\n<div class=\"___vfhjjp0 fkhj508 fhjrts3 f137keqj fb1a13d fx8cdsv fxfb0uo fn5cvv7 f65ro8h f7suxz6 f2egjsp f15d4ioa f8qy9f8 fw0izlg f1gxrt3a f1os76ua f1js9cnw f1g87ej0 freluf8 f1yggaq6 f2i3chp f1151osp ftpcj8z f1gto8uq felkt6s fjthtfa fvhlfan f7tc0t0 f15orfay fqvmpri f11tbgq f1p0247a f9sufv2 f1dr1xf1 f1vyg3t2 fns3mgy f2h6sj1 f13alwr3 f19c6guv frkklwf f5zfpvi f1lrr67x f1ls9w7j f7v36i4 fneavw5 f13zpkng f7unjfp f8p1rz fzu6h1w f1i1bi6h f1smo7hi f1sk1xod f1kgogdq f1ecidve fe11041 fds34uz f1aye3w6 f17s497r fvlpcs8 f9vckw9 f1rt6e60 ft380qk f14gafeo f19sjv2b f197cytj fjzyvr9 f1xycvd f1lvi0hd f164tj6r f18d7dy7 f18yrga4 fkco1xr f15x2syh fmjcstx f1ac2nhu f5x68vu fup14nn f1o8hy8 f1ehsc59 f1vprcok f1y6l6gb fqzpax5 f1fk8luq fdlwbod f1k162kl fwzjow2 fdxh4hq f4bntlt f1ijds75 f17uawya fhff7ih f1xujz46 fjpb76i f80mdc4 f1fd840r fd5sjq ft0p4n1 f1gbvy53 f1u7zjm2 fsdnjoo fphlhsa flhaxg5 f1w6q9f2 f1as24b6 fg1s8s7 fe6jkqf f1rfpchy f11s3y5b f1m9bycv\">\n<div class=\"largeReply-195 marginBottomZero-196\" aria-live=\"assertive\">\n<div class=\"___vfhjjp0 fkhj508 fhjrts3 f137keqj fb1a13d fx8cdsv fxfb0uo fn5cvv7 f65ro8h f7suxz6 f2egjsp f15d4ioa f8qy9f8 fw0izlg f1gxrt3a f1os76ua f1js9cnw f1g87ej0 freluf8 f1yggaq6 f2i3chp f1151osp ftpcj8z f1gto8uq felkt6s fjthtfa fvhlfan f7tc0t0 f15orfay fqvmpri f11tbgq f1p0247a f9sufv2 f1dr1xf1 f1vyg3t2 fns3mgy f2h6sj1 f13alwr3 f19c6guv frkklwf f5zfpvi f1lrr67x f1ls9w7j f7v36i4 fneavw5 f13zpkng f7unjfp f8p1rz fzu6h1w f1i1bi6h f1smo7hi f1sk1xod f1kgogdq f1ecidve fe11041 fds34uz f1aye3w6 f17s497r fvlpcs8 f9vckw9 f1rt6e60 ft380qk f14gafeo f19sjv2b f197cytj fjzyvr9 f1xycvd f1lvi0hd f164tj6r f18d7dy7 f18yrga4 fkco1xr f15x2syh fmjcstx f1ac2nhu f5x68vu fup14nn f1o8hy8 f1ehsc59 f1vprcok f1y6l6gb fqzpax5 f1fk8luq fdlwbod f1k162kl fwzjow2 fdxh4hq f4bntlt f1ijds75 f17uawya fhff7ih f1xujz46 fjpb76i f80mdc4 f1fd840r fd5sjq ft0p4n1 f1gbvy53 f1u7zjm2 fsdnjoo fphlhsa flhaxg5 f1w6q9f2 f1as24b6 fg1s8s7 fe6jkqf f1rfpchy f11s3y5b f1m9bycv\">\n<p>Au pied d&#8217;une majestueuse falaise, cette plong\u00e9e offre une grande vari\u00e9t\u00e9 d&#8217;exp\u00e9riences. Vous pouvez explorer un tombant qui descend entre 35 et 45 m\u00e8tres de profondeur, d\u00e9couvrir une faille ou encore de petites \u00e9paves. La faune et la flore habituelles sont pr\u00e9sentes, avec en automne, la pr\u00e9sence d&#8217;\u00e9tranges m\u00e9duses d&#8217;eau douce.<br \/>Le tombant varie selon l&#8217;endroit, mais reste toujours int\u00e9ressant. Les \u00e9paves se trouvent au-del\u00e0 du tombant, reposant sur un lit de vase \u00e0 plus de 45 m\u00e8tres de profondeur. La faille, situ\u00e9e entre 17 et 24 m\u00e8tres de profondeur, se trouve \u00e0 environ 20 m\u00e8tres au nord de la petite plage accessible depuis le bord.<\/p>\n<\/div>\n<\/div>\n<\/div>\n<\/div>\n<h2><span style=\"color: #1962a1;\">Profil de la plong\u00e9e<\/span><\/h2>\n<div class=\"largeReply-195 marginBottomZero-196\" aria-live=\"assertive\">\n<div class=\"___vfhjjp0 fkhj508 fhjrts3 f137keqj fb1a13d fx8cdsv fxfb0uo fn5cvv7 f65ro8h f7suxz6 f2egjsp f15d4ioa f8qy9f8 fw0izlg f1gxrt3a f1os76ua f1js9cnw f1g87ej0 freluf8 f1yggaq6 f2i3chp f1151osp ftpcj8z f1gto8uq felkt6s fjthtfa fvhlfan f7tc0t0 f15orfay fqvmpri f11tbgq f1p0247a f9sufv2 f1dr1xf1 f1vyg3t2 fns3mgy f2h6sj1 f13alwr3 f19c6guv frkklwf f5zfpvi f1lrr67x f1ls9w7j f7v36i4 fneavw5 f13zpkng f7unjfp f8p1rz fzu6h1w f1i1bi6h f1smo7hi f1sk1xod f1kgogdq f1ecidve fe11041 fds34uz f1aye3w6 f17s497r fvlpcs8 f9vckw9 f1rt6e60 ft380qk f14gafeo f19sjv2b f197cytj fjzyvr9 f1xycvd f1lvi0hd f164tj6r f18d7dy7 f18yrga4 fkco1xr f15x2syh fmjcstx f1ac2nhu f5x68vu fup14nn f1o8hy8 f1ehsc59 f1vprcok f1y6l6gb fqzpax5 f1fk8luq fdlwbod f1k162kl fwzjow2 fdxh4hq f4bntlt f1ijds75 f17uawya fhff7ih f1xujz46 fjpb76i f80mdc4 f1fd840r fd5sjq ft0p4n1 f1gbvy53 f1u7zjm2 fsdnjoo fphlhsa flhaxg5 f1w6q9f2 f1as24b6 fg1s8s7 fe6jkqf f1rfpchy f11s3y5b f1m9bycv\">\n<p>Entre Menthon et Talloires, le Roc de Ch\u00e8re n&#8217;est accessible depuis la berge que par une petite plage rocheuse appel\u00e9e le Jet de Rose.<br \/>Il est recommand\u00e9 d&#8217;ancrer le bateau \u00e0 proximit\u00e9 de la falaise. Une autre option agr\u00e9able est de faire une plong\u00e9e d\u00e9rivante, o\u00f9 le bateau vous suit en surface.<br \/>Cette plong\u00e9e est de niveau moyen \u00e0 difficile, selon la profondeur \u00e0 laquelle vous \u00e9voluez. Le bas du tombant est souvent le rep\u00e8re de nombreuses lottes. En remontant, gardez les yeux ouverts pour admirer le Roc de Ch\u00e8re, un endroit magnifique et encore sauvage. Attention, cette plong\u00e9e d\u00e9passe souvent la courbe de s\u00e9curit\u00e9.<\/p>\n<\/div>\n<\/div>\n\t\t\t\t\t\t\t\t<\/div>\n\t\t\t\t<\/div>\n\t\t\t\t\t<\/div>\n\t\t\t\t<\/div>\n\t\t\t\t<section class=\"elementor-section elementor-top-section elementor-element elementor-element-38eca98 elementor-section-boxed elementor-section-height-default elementor-section-height-default\" data-id=\"38eca98\" data-element_type=\"section\" data-e-type=\"section\">\n\t\t\t\t\t\t<div class=\"elementor-container elementor-column-gap-default\">\n\t\t\t\t\t<div class=\"elementor-column elementor-col-100 elementor-top-column elementor-element elementor-element-33af48c\" data-id=\"33af48c\" data-element_type=\"column\" data-e-type=\"column\">\n\t\t\t<div class=\"elementor-widget-wrap elementor-element-populated\">\n\t\t\t\t\t\t<div class=\"elementor-element elementor-element-bca9eb9 animated-slow elementor-invisible elementor-widget elementor-widget-section-title\" data-id=\"bca9eb9\" data-element_type=\"widget\" data-e-type=\"widget\" data-settings=\"{&quot;_animation&quot;:&quot;fadeInLeft&quot;}\" data-widget_type=\"section-title.default\">\n\t\t\t\t<div class=\"elementor-widget-container\">\n\t\t\t\t\t\r\n\t\t\r\n\t\t\t<div class=\"section-title style1 center\">\r\n\t\t\t\t\t\t\t\t\r\n\t\t\t\t \r\n\t\t\t\t\t<h3 class=\"title\">Le Roc de Ch\u00e8re en images<\/h3>\r\n\t\t\t\t\t\t\t\t\r\n\t\t\t\t\t\t\t<\/div>\r\n\r\n\t\t\r\n\t\t\t\t\t\t<\/div>\n\t\t\t\t<\/div>\n\t\t\t\t<div class=\"elementor-element elementor-element-a9e3380 animated-slow elementor-invisible elementor-widget elementor-widget-servicecarousel\" data-id=\"a9e3380\" data-element_type=\"widget\" data-e-type=\"widget\" data-settings=\"{&quot;_animation&quot;:&quot;fadeInRight&quot;}\" data-widget_type=\"servicecarousel.default\">\n\t\t\t\t<div class=\"elementor-widget-container\">\n\t\t\t\t\t\r\n\t\t\r\n\r\n\t\t\t<section class=\"service_cursousel_sliderr\">\r\n\r\n\t\t\t\t\t\t\t<div class=\"em-service style_4\">\t\t\r\n\t\t\t\t\t<div class=\"em-service-thumb\">\r\n\t\t\t\t\t\t<img decoding=\"async\" src=\"https:\/\/www.club-subaquatique-annecy.fr\/csa\/wp-content\/uploads\/2024\/12\/explo-site-img-detail-page-rocdechere01.jpg\" alt=\"hendrio\">\r\n\t\t\t\t\t\t<div class=\"em-service-icon\">\r\n\t\t\t\t\t\t\t<i class=\"\"><\/i>\r\n\t\t\t\t\t\t<\/div>\r\n\r\n\t\t\t\t\t<\/div>\r\n\r\n\t\t\t\t\t<div class=\"em_service_content\">\r\n\t\t\t\t\t\t<div class=\"em_single_service_text\">\r\n\t\t\t\t\t\t\t<div class=\"service_top_text\">\r\n\r\n\t\t\t\t\t\t\t\t<div class=\"em-service-title\">\r\n\t\t\t\t\t\t\t\t\t<h2><\/h2>\r\n\t\t\t\t\t\t\t\t<\/div>\r\n\r\n\t\t\t\t\t\t\t<\/div>\r\n\t\t\t\t\t\t\t<div class=\"em-service-inner\">\t\t\t\t\r\n\t\t\t\t\t\t\t\t<div class=\"service-box-desc\" >\r\n\t\t\t\t\t\t\t\t\t<p><\/p>\r\n\t\t\t\t\t\t\t\t<\/div>\t\t\t\t\t\t\r\n\t\t\t\t\t\t\t<\/div>\r\n\r\n\t\t\t\t\t\t\t\t\t\t\t\t\t<\/div>\r\n\t\t\t\t\t<\/div>\r\n\t\t\t\t<\/div>\r\n\t\t\t\t\t\t\t<div class=\"em-service style_4\">\t\t\r\n\t\t\t\t\t<div class=\"em-service-thumb\">\r\n\t\t\t\t\t\t<img decoding=\"async\" src=\"https:\/\/www.club-subaquatique-annecy.fr\/csa\/wp-content\/uploads\/2024\/12\/explo-site-img-detail-page-rocdechere02.jpg\" alt=\"hendrio\">\r\n\t\t\t\t\t\t<div class=\"em-service-icon\">\r\n\t\t\t\t\t\t\t<i class=\"\"><\/i>\r\n\t\t\t\t\t\t<\/div>\r\n\r\n\t\t\t\t\t<\/div>\r\n\r\n\t\t\t\t\t<div class=\"em_service_content\">\r\n\t\t\t\t\t\t<div class=\"em_single_service_text\">\r\n\t\t\t\t\t\t\t<div class=\"service_top_text\">\r\n\r\n\t\t\t\t\t\t\t\t<div class=\"em-service-title\">\r\n\t\t\t\t\t\t\t\t\t<h2><\/h2>\r\n\t\t\t\t\t\t\t\t<\/div>\r\n\r\n\t\t\t\t\t\t\t<\/div>\r\n\t\t\t\t\t\t\t<div class=\"em-service-inner\">\t\t\t\t\r\n\t\t\t\t\t\t\t\t<div class=\"service-box-desc\" >\r\n\t\t\t\t\t\t\t\t\t<p><\/p>\r\n\t\t\t\t\t\t\t\t<\/div>\t\t\t\t\t\t\r\n\t\t\t\t\t\t\t<\/div>\r\n\r\n\t\t\t\t\t\t\t\t\t\t\t\t\t<\/div>\r\n\t\t\t\t\t<\/div>\r\n\t\t\t\t<\/div>\r\n\t\t\t\t\t\t\t<div class=\"em-service style_4\">\t\t\r\n\t\t\t\t\t<div class=\"em-service-thumb\">\r\n\t\t\t\t\t\t<img decoding=\"async\" src=\"https:\/\/www.club-subaquatique-annecy.fr\/csa\/wp-content\/uploads\/2024\/12\/explo-site-img-detail-page-rocdechere03.jpg\" alt=\"hendrio\">\r\n\t\t\t\t\t\t<div class=\"em-service-icon\">\r\n\t\t\t\t\t\t\t<i class=\"\"><\/i>\r\n\t\t\t\t\t\t<\/div>\r\n\r\n\t\t\t\t\t<\/div>\r\n\r\n\t\t\t\t\t<div class=\"em_service_content\">\r\n\t\t\t\t\t\t<div class=\"em_single_service_text\">\r\n\t\t\t\t\t\t\t<div class=\"service_top_text\">\r\n\r\n\t\t\t\t\t\t\t\t<div class=\"em-service-title\">\r\n\t\t\t\t\t\t\t\t\t<h2><\/h2>\r\n\t\t\t\t\t\t\t\t<\/div>\r\n\r\n\t\t\t\t\t\t\t<\/div>\r\n\t\t\t\t\t\t\t<div class=\"em-service-inner\">\t\t\t\t\r\n\t\t\t\t\t\t\t\t<div class=\"service-box-desc\" >\r\n\t\t\t\t\t\t\t\t\t<p><\/p>\r\n\t\t\t\t\t\t\t\t<\/div>\t\t\t\t\t\t\r\n\t\t\t\t\t\t\t<\/div>\r\n\r\n\t\t\t\t\t\t\t\t\t\t\t\t\t<\/div>\r\n\t\t\t\t\t<\/div>\r\n\t\t\t\t<\/div>\r\n\t\t\t\t\t\t\t<div class=\"em-service style_4\">\t\t\r\n\t\t\t\t\t<div class=\"em-service-thumb\">\r\n\t\t\t\t\t\t<img decoding=\"async\" src=\"https:\/\/www.club-subaquatique-annecy.fr\/csa\/wp-content\/uploads\/2024\/12\/explo-site-img-detail-page-rocdechere04.jpg\" alt=\"hendrio\">\r\n\t\t\t\t\t\t<div class=\"em-service-icon\">\r\n\t\t\t\t\t\t\t<i class=\"\"><\/i>\r\n\t\t\t\t\t\t<\/div>\r\n\r\n\t\t\t\t\t<\/div>\r\n\r\n\t\t\t\t\t<div class=\"em_service_content\">\r\n\t\t\t\t\t\t<div class=\"em_single_service_text\">\r\n\t\t\t\t\t\t\t<div class=\"service_top_text\">\r\n\r\n\t\t\t\t\t\t\t\t<div class=\"em-service-title\">\r\n\t\t\t\t\t\t\t\t\t<h2><\/h2>\r\n\t\t\t\t\t\t\t\t<\/div>\r\n\r\n\t\t\t\t\t\t\t<\/div>\r\n\t\t\t\t\t\t\t<div class=\"em-service-inner\">\t\t\t\t\r\n\t\t\t\t\t\t\t\t<div class=\"service-box-desc\" >\r\n\t\t\t\t\t\t\t\t\t<p><\/p>\r\n\t\t\t\t\t\t\t\t<\/div>\t\t\t\t\t\t\r\n\t\t\t\t\t\t\t<\/div>\r\n\r\n\t\t\t\t\t\t\t\t\t\t\t\t\t<\/div>\r\n\t\t\t\t\t<\/div>\r\n\t\t\t\t<\/div>\r\n\t\t\t\t\t\t<\/section>\r\n\r\n\t            <script>\r\n\t                jQuery(document).ready(function() {\r\n\t                    jQuery(\".service_cursousel_sliderr\").slick({\r\n\t                        \t                            dots: false,\r\n\t                            infinite: true,\r\n\t                            centerMode: true,\r\n\t                            autoplay: true,\r\n\t                            autoplaySpeed: 7000,\r\n\t                            slidesToShow: 3,\r\n\t                            slidesToScroll: 3,\r\n\t                            centerPadding: '0',\r\n\t                            padding: 15,\r\n\t                            center:true,\r\n\t                            arrows: false,\r\n\t\t\t\t\t\t        responsive: [\r\n\t\t\t\t\t\t            {\r\n\t\t\t\t\t\t                breakpoint: 1920,\r\n\t\t\t\t\t\t                settings: {\r\n\t\t\t\t\t\t                    slidesToShow: 3,\r\n\t\t\t\t\t\t                }\r\n\t\t\t\t\t\t            },\r\n\t\t\t\t\t\t\t\t\t {\r\n\t\t\t\t\t\t                breakpoint: 1400,\r\n\t\t\t\t\t\t                settings: {\r\n\t\t\t\t\t\t                    slidesToShow: 2,\r\n\t\t\t\t\t\t                }\r\n\t\t\t\t\t\t            },\r\n\t\t\t\t\t\t\t\t\t\r\n\t\t\t\t\t\t\t\t\t\r\n\t\t\t\t\t\t            {\r\n\t\t\t\t\t\t                breakpoint: 991,\r\n\t\t\t\t\t\t                settings: {\r\n\t\t\t\t\t\t                    slidesToShow: 2,\r\n\t\t\t\t\t\t                }\r\n\t\t\t\t\t\t            },\r\n\t\t\t\t\t\t            {\r\n\t\t\t\t\t\t              breakpoint: 768,\r\n\t\t\t\t\t\t              settings: {\r\n\t\t\t\t\t\t                slidesToShow: 1\r\n\t\t\t\t\t\t              }\r\n\t\t\t\t\t\t            },\r\n\t\t\t\t\t\t            {\r\n\t\t\t\t\t\t              breakpoint: 600,\r\n\t\t\t\t\t\t              settings: {\r\n\t\t\t\t\t\t                arrows: false,\r\n\t\t\t\t\t\t                slidesToShow: 1\r\n\t\t\t\t\t\t              }\r\n\t\t\t\t\t\t            }\r\n\t\t\t\t\t\t        ]\r\n\r\n\t                        \t                    });\r\n\t                });\r\n\t            <\/script>\r\n\r\n\t\t\r\n\t\t\t\t\t\t<\/div>\n\t\t\t\t<\/div>\n\t\t\t\t\t<\/div>\n\t\t<\/div>\n\t\t\t\t\t<\/div>\n\t\t<\/section>\n\t\t\t\t<\/div>\n\t\t","protected":false},"excerpt":{"rendered":"<p>Spot de plong\u00e9e : Le Roc de Ch\u00e8re Description Tombant et petites \u00e9paves Profondeur 0 \u00e0 -45 m\u00e8tres Difficult\u00e9 Moyenne \u00e0 difficile Pr\u00e9sentation Au pied d&#8217;une majestueuse falaise, cette plong\u00e9e offre une grande vari\u00e9t\u00e9 d&#8217;exp\u00e9riences. Vous pouvez explorer un tombant qui descend entre 35 et 45 m\u00e8tres de profondeur, d\u00e9couvrir une faille ou encore de [&hellip;]<\/p>\n","protected":false},"author":2,"featured_media":0,"parent":0,"menu_order":0,"comment_status":"closed","ping_status":"closed","template":"","meta":{"footnotes":""},"class_list":["post-2994","page","type-page","status-publish","hentry"],"_links":{"self":[{"href":"https:\/\/www.club-subaquatique-annecy.fr\/csa\/wp-json\/wp\/v2\/pages\/2994","targetHints":{"allow":["GET"]}}],"collection":[{"href":"https:\/\/www.club-subaquatique-annecy.fr\/csa\/wp-json\/wp\/v2\/pages"}],"about":[{"href":"https:\/\/www.club-subaquatique-annecy.fr\/csa\/wp-json\/wp\/v2\/types\/page"}],"author":[{"embeddable":true,"href":"https:\/\/www.club-subaquatique-annecy.fr\/csa\/wp-json\/wp\/v2\/users\/2"}],"replies":[{"embeddable":true,"href":"https:\/\/www.club-subaquatique-annecy.fr\/csa\/wp-json\/wp\/v2\/comments?post=2994"}],"version-history":[{"count":10,"href":"https:\/\/www.club-subaquatique-annecy.fr\/csa\/wp-json\/wp\/v2\/pages\/2994\/revisions"}],"predecessor-version":[{"id":3164,"href":"https:\/\/www.club-subaquatique-annecy.fr\/csa\/wp-json\/wp\/v2\/pages\/2994\/revisions\/3164"}],"wp:attachment":[{"href":"https:\/\/www.club-subaquatique-annecy.fr\/csa\/wp-json\/wp\/v2\/media?parent=2994"}],"curies":[{"name":"wp","href":"https:\/\/api.w.org\/{rel}","templated":true}]}}