{"id":871,"date":"2024-02-08T03:55:08","date_gmt":"2024-02-08T03:55:08","guid":{"rendered":"https:\/\/m100.ditsolution.net\/swole\/?page_id=868"},"modified":"2024-11-29T16:42:33","modified_gmt":"2024-11-29T15:42:33","slug":"plongee-nitrox","status":"publish","type":"page","link":"https:\/\/www.club-subaquatique-annecy.fr\/csa\/plongee-nitrox","title":{"rendered":"Plong\u00e9e Nitrox"},"content":{"rendered":"\t\t<div data-elementor-type=\"wp-page\" data-elementor-id=\"871\" class=\"elementor elementor-871\" data-elementor-post-type=\"page\">\n\t\t\t\t\t\t<section class=\"elementor-section elementor-top-section elementor-element elementor-element-b4c7829 elementor-section-boxed elementor-section-height-default elementor-section-height-default\" data-id=\"b4c7829\" data-element_type=\"section\" data-e-type=\"section\">\n\t\t\t\t\t\t<div class=\"elementor-container elementor-column-gap-default\">\n\t\t\t\t\t<div class=\"elementor-column elementor-col-100 elementor-top-column elementor-element elementor-element-e20a195\" data-id=\"e20a195\" data-element_type=\"column\" data-e-type=\"column\">\n\t\t\t<div class=\"elementor-widget-wrap elementor-element-populated\">\n\t\t\t\t\t\t<div class=\"elementor-element elementor-element-4141062 animated-slow elementor-invisible elementor-widget elementor-widget-section-title\" data-id=\"4141062\" data-element_type=\"widget\" data-e-type=\"widget\" data-settings=\"{&quot;_animation&quot;:&quot;fadeInLeft&quot;}\" data-widget_type=\"section-title.default\">\n\t\t\t\t<div class=\"elementor-widget-container\">\n\t\t\t\t\t\r\n\t\t\r\n\t\t\t<div class=\"section-title style1 center\">\r\n\t\t\t\t\t\t\t\t\r\n\t\t\t\t \r\n\t\t\t\t\t<h3 class=\"title\">Plong\u00e9e Nitrox<\/h3>\r\n\t\t\t\t\t\t\t\t\r\n\t\t\t\t \r\n\t\t\t\t\t<p class=\"description\">La plong\u00e9e au Nitrox s\u2019est largement d\u00e9velopp\u00e9e dans la plong\u00e9e loisir ces derni\u00e8res ann\u00e9es, pour \u00eatre aujourd\u2019hui un \u00ab classique \u00bb.\nIl s\u2019agit de plonger en respirant un gaz enrichi en oxyg\u00e8ne, ce qui limite la profondeur, mais permet de limiter les effets de l\u2019azote, et donc d\u2019augmenter la s\u00e9curit\u00e9.\n<br>\nDepuis plus de 20 ans, le CSA permet \u00e0 ses plongeurs, d\u00e8s le Niveau 1 et apr\u00e8s une formation adapt\u00e9e, de plonger au Nitrox (qualification \u00ab Nitrox simple \u00bb). \nUne \u00e9tape suivante de formation (qualification \u00ab Nitrox confirm\u00e9 \u00bb) leur permet de plonger avec un m\u00e9lange gazeux dit \u00ab de fond \u00bb, et un m\u00e9lange gazeux diff\u00e9rent, tr\u00e8s enrichi en oxyg\u00e8ne (\u00ab m\u00e9lange de d\u00e9co \u00bb) \u00e0 utiliser pendant la d\u00e9compression. Ce m\u00e9lange permet une d\u00e9saturation (\u00e9limination de l\u2019azote) plus rapide.\n<\/p>\r\n\t\t\t\t\t\t\t<\/div>\r\n\r\n\t\t\r\n\t\t\t\t\t\t<\/div>\n\t\t\t\t<\/div>\n\t\t\t\t\t<\/div>\n\t\t<\/div>\n\t\t\t\t\t<\/div>\n\t\t<\/section>\n\t\t\t\t<\/div>\n\t\t","protected":false},"excerpt":{"rendered":"<p>Plong\u00e9e Nitrox La plong\u00e9e au Nitrox s\u2019est largement d\u00e9velopp\u00e9e dans la plong\u00e9e loisir ces derni\u00e8res ann\u00e9es, pour \u00eatre aujourd\u2019hui un \u00ab classique \u00bb. Il s\u2019agit de plonger en respirant un gaz enrichi en oxyg\u00e8ne, ce qui limite la profondeur, mais permet de limiter les effets de l\u2019azote, et donc d\u2019augmenter la s\u00e9curit\u00e9. Depuis plus de [&hellip;]<\/p>\n","protected":false},"author":1,"featured_media":0,"parent":0,"menu_order":0,"comment_status":"closed","ping_status":"closed","template":"page-templates\/template-default.php","meta":{"footnotes":""},"class_list":["post-871","page","type-page","status-publish","hentry"],"_links":{"self":[{"href":"https:\/\/www.club-subaquatique-annecy.fr\/csa\/wp-json\/wp\/v2\/pages\/871","targetHints":{"allow":["GET"]}}],"collection":[{"href":"https:\/\/www.club-subaquatique-annecy.fr\/csa\/wp-json\/wp\/v2\/pages"}],"about":[{"href":"https:\/\/www.club-subaquatique-annecy.fr\/csa\/wp-json\/wp\/v2\/types\/page"}],"author":[{"embeddable":true,"href":"https:\/\/www.club-subaquatique-annecy.fr\/csa\/wp-json\/wp\/v2\/users\/1"}],"replies":[{"embeddable":true,"href":"https:\/\/www.club-subaquatique-annecy.fr\/csa\/wp-json\/wp\/v2\/comments?post=871"}],"version-history":[{"count":19,"href":"https:\/\/www.club-subaquatique-annecy.fr\/csa\/wp-json\/wp\/v2\/pages\/871\/revisions"}],"predecessor-version":[{"id":2129,"href":"https:\/\/www.club-subaquatique-annecy.fr\/csa\/wp-json\/wp\/v2\/pages\/871\/revisions\/2129"}],"wp:attachment":[{"href":"https:\/\/www.club-subaquatique-annecy.fr\/csa\/wp-json\/wp\/v2\/media?parent=871"}],"curies":[{"name":"wp","href":"https:\/\/api.w.org\/{rel}","templated":true}]}}