{"id":954,"date":"2024-02-11T05:25:50","date_gmt":"2024-02-11T05:25:50","guid":{"rendered":"https:\/\/m100.ditsolution.net\/swole\/?page_id=954"},"modified":"2024-12-18T10:04:26","modified_gmt":"2024-12-18T09:04:26","slug":"plongee-trimix","status":"publish","type":"page","link":"https:\/\/www.club-subaquatique-annecy.fr\/csa\/plongee-trimix","title":{"rendered":"Plong\u00e9e Trimix"},"content":{"rendered":"\t\t<div data-elementor-type=\"wp-page\" data-elementor-id=\"954\" class=\"elementor elementor-954\" data-elementor-post-type=\"page\">\n\t\t\t\t\t\t<section class=\"elementor-section elementor-top-section elementor-element elementor-element-2213bb0 elementor-section-boxed elementor-section-height-default elementor-section-height-default\" data-id=\"2213bb0\" data-element_type=\"section\" data-e-type=\"section\">\n\t\t\t\t\t\t<div class=\"elementor-container elementor-column-gap-default\">\n\t\t\t\t\t<div class=\"elementor-column elementor-col-100 elementor-top-column elementor-element elementor-element-f94e9f4\" data-id=\"f94e9f4\" data-element_type=\"column\" data-e-type=\"column\">\n\t\t\t<div class=\"elementor-widget-wrap elementor-element-populated\">\n\t\t\t\t\t\t<div class=\"elementor-element elementor-element-e9645e6 animated-slow elementor-invisible elementor-widget elementor-widget-section-title\" data-id=\"e9645e6\" data-element_type=\"widget\" data-e-type=\"widget\" data-settings=\"{&quot;_animation&quot;:&quot;fadeInRight&quot;}\" data-widget_type=\"section-title.default\">\n\t\t\t\t<div class=\"elementor-widget-container\">\n\t\t\t\t\t\r\n\t\t\r\n\t\t\t<div class=\"section-title style1 center\">\r\n\t\t\t\t\t\t\t\t\r\n\t\t\t\t \r\n\t\t\t\t\t<h3 class=\"title\">Plong\u00e9e Trimix<\/h3>\r\n\t\t\t\t\t\t\t\t\r\n\t\t\t\t \r\n\t\t\t\t\t<p class=\"description\">Pour des raisons l\u00e9gales, que l\u2019exp\u00e9rience est venue confirmer, la plong\u00e9e \u00e0 l\u2019air est limit\u00e9e \u00e0 60m.<br>\nLa plong\u00e9e au Nitrox  (m\u00e9lange gazeux enrichi en oxyg\u00e8ne par rapport \u00e0 l\u2019air ambiant) s\u2019est beaucoup d\u00e9velopp\u00e9e ces derni\u00e8res ann\u00e9es. Elle est praticable au CSA par tous nos membres form\u00e9s (voir page \u00ab Plong\u00e9e Nitrox \u00bb).<br>\nUn autre type de m\u00e9lange peut \u00eatre utilis\u00e9 pour pratiquer la plong\u00e9e profonde : le Trimix, gaz respiratoire compos\u00e9 d'oxyg\u00e8ne, d'h\u00e9lium et d'azote. Il permet d\u2019atteindre jusqu\u2019\u00e0 70 m\u00e8tres pour les plongeurs qualifi\u00e9s \u00ab Trimix normoxique \u00bb et 120 m\u00e8tres pour les plongeurs qualifi\u00e9s \u00ab Trimix hypoxique \u00bb.<br>\nNous ne r\u00e9alisons pas de formation Trimix au CSA.\nLe plongeur TRIMIX form\u00e9 est le bienvenu au CSA, en pr\u00e9sence d\u2019un Directeur de plong\u00e9e Trimix: il pourra pratiquer ce type de plong\u00e9e, en circuit ouvert ou en circuit ferm\u00e9 (voir page \u00ab Plong\u00e9e Recycleur \u00bb) et trouvera des personnes comp\u00e9tentes avec lesquelles \u00e9changer sur cette pratique. \n<\/p>\r\n\t\t\t\t\t\t\t<\/div>\r\n\r\n\t\t\r\n\t\t\t\t\t\t<\/div>\n\t\t\t\t<\/div>\n\t\t\t\t\t<\/div>\n\t\t<\/div>\n\t\t\t\t\t<\/div>\n\t\t<\/section>\n\t\t\t\t<\/div>\n\t\t","protected":false},"excerpt":{"rendered":"<p>Plong\u00e9e Trimix Pour des raisons l\u00e9gales, que l\u2019exp\u00e9rience est venue confirmer, la plong\u00e9e \u00e0 l\u2019air est limit\u00e9e \u00e0 60m. La plong\u00e9e au Nitrox (m\u00e9lange gazeux enrichi en oxyg\u00e8ne par rapport \u00e0 l\u2019air ambiant) s\u2019est beaucoup d\u00e9velopp\u00e9e ces derni\u00e8res ann\u00e9es. Elle est praticable au CSA par tous nos membres form\u00e9s (voir page \u00ab Plong\u00e9e Nitrox \u00bb). [&hellip;]<\/p>\n","protected":false},"author":1,"featured_media":0,"parent":0,"menu_order":0,"comment_status":"closed","ping_status":"closed","template":"page-templates\/template-default.php","meta":{"footnotes":""},"class_list":["post-954","page","type-page","status-publish","hentry"],"_links":{"self":[{"href":"https:\/\/www.club-subaquatique-annecy.fr\/csa\/wp-json\/wp\/v2\/pages\/954","targetHints":{"allow":["GET"]}}],"collection":[{"href":"https:\/\/www.club-subaquatique-annecy.fr\/csa\/wp-json\/wp\/v2\/pages"}],"about":[{"href":"https:\/\/www.club-subaquatique-annecy.fr\/csa\/wp-json\/wp\/v2\/types\/page"}],"author":[{"embeddable":true,"href":"https:\/\/www.club-subaquatique-annecy.fr\/csa\/wp-json\/wp\/v2\/users\/1"}],"replies":[{"embeddable":true,"href":"https:\/\/www.club-subaquatique-annecy.fr\/csa\/wp-json\/wp\/v2\/comments?post=954"}],"version-history":[{"count":20,"href":"https:\/\/www.club-subaquatique-annecy.fr\/csa\/wp-json\/wp\/v2\/pages\/954\/revisions"}],"predecessor-version":[{"id":2899,"href":"https:\/\/www.club-subaquatique-annecy.fr\/csa\/wp-json\/wp\/v2\/pages\/954\/revisions\/2899"}],"wp:attachment":[{"href":"https:\/\/www.club-subaquatique-annecy.fr\/csa\/wp-json\/wp\/v2\/media?parent=954"}],"curies":[{"name":"wp","href":"https:\/\/api.w.org\/{rel}","templated":true}]}}